{"id":5,"date":"2019-02-25T12:39:05","date_gmt":"2019-02-25T12:39:05","guid":{"rendered":"http:\/\/www.sisli.edu.tr\/uisbk\/?page_id=5"},"modified":"2022-09-19T10:56:16","modified_gmt":"2022-09-19T10:56:16","slug":"anasayfa","status":"publish","type":"page","link":"https:\/\/www.sisli.edu.tr\/uisbk\/","title":{"rendered":"Home"},"content":{"rendered":"\r\n\n<div id=\"rev_slider_1_1_wrapper\" class=\"rev_slider_wrapper fullwidthbanner-container\" data-source=\"gallery\" style=\"margin:0px auto;background-color:transparent;padding:0px;margin-top:0px;margin-bottom:0px;\">\n<!-- START REVOLUTION SLIDER 5.3.0.2 auto mode -->\n\t<div id=\"rev_slider_1_1\" class=\"rev_slider fullwidthabanner\" style=\"display:none;\" data-version=\"5.3.0.2\">\n<ul>\t<!-- SLIDE  -->\n\t<li data-index=\"rs-14\" data-transition=\"fade\" data-slotamount=\"default\" data-hideafterloop=\"0\" data-hideslideonmobile=\"off\"  data-easein=\"default\" data-easeout=\"default\" data-masterspeed=\"default\"  data-thumb=\"https:\/\/www.sisli.edu.tr\/uisbk\/wp-content\/uploads\/2020\/09\/ea8636f9-57cb-481c-a80a-81db21d06932-100x50.jpg\"  data-rotate=\"0\"  data-saveperformance=\"off\"  data-title=\"Slide\" data-param1=\"\" data-param2=\"\" data-param3=\"\" data-param4=\"\" data-param5=\"\" data-param6=\"\" data-param7=\"\" data-param8=\"\" data-param9=\"\" data-param10=\"\" data-description=\"\">\n\t\t<!-- MAIN IMAGE -->\n\t\t<img src=\"https:\/\/www.sisli.edu.tr\/uisbk\/wp-content\/uploads\/2020\/09\/ea8636f9-57cb-481c-a80a-81db21d06932.jpg\"  alt=\"\" title=\"ea8636f9-57cb-481c-a80a-81db21d06932\"  width=\"1600\" height=\"666\" data-bgposition=\"center center\" data-bgfit=\"contain\" data-bgrepeat=\"no-repeat\" class=\"rev-slidebg\" data-no-retina>\n\t\t<!-- LAYERS -->\n\t<\/li>\n\t<!-- SLIDE  -->\n\t<li data-index=\"rs-15\" data-transition=\"fade\" data-slotamount=\"default\" data-hideafterloop=\"0\" data-hideslideonmobile=\"off\"  data-easein=\"default\" data-easeout=\"default\" data-masterspeed=\"default\"  data-thumb=\"https:\/\/www.sisli.edu.tr\/uisbk\/wp-content\/uploads\/2019\/02\/ist3-100x50.jpg\"  data-rotate=\"0\"  data-saveperformance=\"off\"  data-title=\"Slide\" data-param1=\"\" data-param2=\"\" data-param3=\"\" data-param4=\"\" data-param5=\"\" data-param6=\"\" data-param7=\"\" data-param8=\"\" data-param9=\"\" data-param10=\"\" data-description=\"\">\n\t\t<!-- MAIN IMAGE -->\n\t\t<img src=\"https:\/\/www.sisli.edu.tr\/uisbk\/wp-content\/uploads\/2019\/02\/ist3.jpg\"  alt=\"\" title=\"ist3\"  width=\"1200\" height=\"500\" data-bgposition=\"center center\" data-bgfit=\"contain\" data-bgrepeat=\"no-repeat\" class=\"rev-slidebg\" data-no-retina>\n\t\t<!-- LAYERS -->\n\t<\/li>\n<\/ul>\n<script>var htmlDiv = document.getElementById(\"rs-plugin-settings-inline-css\"); var htmlDivCss=\"\";\r\n\t\t\t\t\t\tif(htmlDiv) {\r\n\t\t\t\t\t\t\thtmlDiv.innerHTML = htmlDiv.innerHTML + htmlDivCss;\r\n\t\t\t\t\t\t}else{\r\n\t\t\t\t\t\t\tvar htmlDiv = document.createElement(\"div\");\r\n\t\t\t\t\t\t\thtmlDiv.innerHTML = \"<style>\" + htmlDivCss + \"<\/style>\";\r\n\t\t\t\t\t\t\tdocument.getElementsByTagName(\"head\")[0].appendChild(htmlDiv.childNodes[0]);\r\n\t\t\t\t\t\t}\r\n\t\t\t\t\t<\/script>\n<div class=\"tp-bannertimer tp-bottom\" style=\"visibility: hidden !important;\"><\/div>\t<\/div>\n<script>var htmlDiv = document.getElementById(\"rs-plugin-settings-inline-css\"); var htmlDivCss=\"\";\r\n\t\t\t\tif(htmlDiv) {\r\n\t\t\t\t\thtmlDiv.innerHTML = htmlDiv.innerHTML + htmlDivCss;\r\n\t\t\t\t}else{\r\n\t\t\t\t\tvar htmlDiv = document.createElement(\"div\");\r\n\t\t\t\t\thtmlDiv.innerHTML = \"<style>\" + htmlDivCss + \"<\/style>\";\r\n\t\t\t\t\tdocument.getElementsByTagName(\"head\")[0].appendChild(htmlDiv.childNodes[0]);\r\n\t\t\t\t}\r\n\t\t\t<\/script>\n\t\t<script type=\"text\/javascript\">\r\n\t\t\t\t\t\t\/******************************************\r\n\t\t\t\t-\tPREPARE PLACEHOLDER FOR SLIDER\t-\r\n\t\t\t******************************************\/\r\n\r\n\t\t\tvar setREVStartSize=function(){\r\n\t\t\t\ttry{var e=new Object,i=jQuery(window).width(),t=9999,r=0,n=0,l=0,f=0,s=0,h=0;\r\n\t\t\t\t\te.c = jQuery('#rev_slider_1_1');\r\n\t\t\t\t\te.gridwidth = [950];\r\n\t\t\t\t\te.gridheight = [385];\r\n\t\t\t\t\t\t\t\r\n\t\t\t\t\te.sliderLayout = \"auto\";\r\n\t\t\t\t\tif(e.responsiveLevels&&(jQuery.each(e.responsiveLevels,function(e,f){f>i&&(t=r=f,l=e),i>f&&f>r&&(r=f,n=e)}),t>r&&(l=n)),f=e.gridheight[l]||e.gridheight[0]||e.gridheight,s=e.gridwidth[l]||e.gridwidth[0]||e.gridwidth,h=i\/s,h=h>1?1:h,f=Math.round(h*f),\"fullscreen\"==e.sliderLayout){var u=(e.c.width(),jQuery(window).height());if(void 0!=e.fullScreenOffsetContainer){var c=e.fullScreenOffsetContainer.split(\",\");if (c) jQuery.each(c,function(e,i){u=jQuery(i).length>0?u-jQuery(i).outerHeight(!0):u}),e.fullScreenOffset.split(\"%\").length>1&&void 0!=e.fullScreenOffset&&e.fullScreenOffset.length>0?u-=jQuery(window).height()*parseInt(e.fullScreenOffset,0)\/100:void 0!=e.fullScreenOffset&&e.fullScreenOffset.length>0&&(u-=parseInt(e.fullScreenOffset,0))}f=u}else void 0!=e.minHeight&&f<e.minHeight&&(f=e.minHeight);e.c.closest(\".rev_slider_wrapper\").css({height:f})\r\n\t\t\t\t\t\r\n\t\t\t\t}catch(d){console.log(\"Failure at Presize of Slider:\"+d)}\r\n\t\t\t};\r\n\t\t\t\r\n\t\t\tsetREVStartSize();\r\n\t\t\t\r\n\t\t\t\t\t\tvar tpj=jQuery;\r\n\t\t\t\r\n\t\t\tvar revapi1;\r\n\t\t\ttpj(document).ready(function() {\n\t\t\t\tif(tpj(\"#rev_slider_1_1\").revolution == undefined){\n\t\t\t\t\trevslider_showDoubleJqueryError(\"#rev_slider_1_1\");\n\t\t\t\t}else{\n\t\t\t\t\trevapi1 = tpj(\"#rev_slider_1_1\").show().revolution({\n\t\t\t\t\t\tsliderType:\"standard\",\njsFileLocation:\"\/\/www.sisli.edu.tr\/uisbk\/wp-content\/plugins\/revslider\/public\/assets\/js\/\",\n\t\t\t\t\t\tsliderLayout:\"auto\",\n\t\t\t\t\t\tdottedOverlay:\"none\",\n\t\t\t\t\t\tdelay:9000,\n\t\t\t\t\t\tnavigation: {\n\t\t\t\t\t\t\tkeyboardNavigation:\"off\",\n\t\t\t\t\t\t\tkeyboard_direction: \"horizontal\",\n\t\t\t\t\t\t\tmouseScrollNavigation:\"off\",\n \t\t\t\t\t\t\tmouseScrollReverse:\"default\",\n\t\t\t\t\t\t\tonHoverStop:\"off\",\n\t\t\t\t\t\t\tarrows: {\n\t\t\t\t\t\t\t\tstyle:\"hesperiden\",\n\t\t\t\t\t\t\t\tenable:true,\n\t\t\t\t\t\t\t\thide_onmobile:false,\n\t\t\t\t\t\t\t\thide_onleave:false,\n\t\t\t\t\t\t\t\ttmp:'',\n\t\t\t\t\t\t\t\tleft: {\n\t\t\t\t\t\t\t\t\th_align:\"left\",\n\t\t\t\t\t\t\t\t\tv_align:\"center\",\n\t\t\t\t\t\t\t\t\th_offset:20,\n\t\t\t\t\t\t\t\t\tv_offset:0\n\t\t\t\t\t\t\t\t},\n\t\t\t\t\t\t\t\tright: {\n\t\t\t\t\t\t\t\t\th_align:\"right\",\n\t\t\t\t\t\t\t\t\tv_align:\"center\",\n\t\t\t\t\t\t\t\t\th_offset:20,\n\t\t\t\t\t\t\t\t\tv_offset:0\n\t\t\t\t\t\t\t\t}\n\t\t\t\t\t\t\t}\n\t\t\t\t\t\t},\n\t\t\t\t\t\tvisibilityLevels:[1240,1024,778,480],\n\t\t\t\t\t\tgridwidth:950,\n\t\t\t\t\t\tgridheight:385,\n\t\t\t\t\t\tlazyType:\"none\",\n\t\t\t\t\t\tshadow:0,\n\t\t\t\t\t\tspinner:\"spinner0\",\n\t\t\t\t\t\tstopLoop:\"off\",\n\t\t\t\t\t\tstopAfterLoops:-1,\n\t\t\t\t\t\tstopAtSlide:-1,\n\t\t\t\t\t\tshuffle:\"off\",\n\t\t\t\t\t\tautoHeight:\"off\",\n\t\t\t\t\t\tdisableProgressBar:\"on\",\n\t\t\t\t\t\thideThumbsOnMobile:\"off\",\n\t\t\t\t\t\thideSliderAtLimit:0,\n\t\t\t\t\t\thideCaptionAtLimit:0,\n\t\t\t\t\t\thideAllCaptionAtLilmit:0,\n\t\t\t\t\t\tdebugMode:false,\n\t\t\t\t\t\tfallbacks: {\n\t\t\t\t\t\t\tsimplifyAll:\"off\",\n\t\t\t\t\t\t\tnextSlideOnWindowFocus:\"off\",\n\t\t\t\t\t\t\tdisableFocusListener:false,\n\t\t\t\t\t\t}\n\t\t\t\t\t});\n\t\t\t\t}\n\t\t\t});\t\/*ready*\/\n\t\t<\/script>\r\n\t\t<script>\r\n\t\t\t\t\tvar htmlDivCss = unescape(\".hesperiden.tparrows%20%7B%0A%09cursor%3Apointer%3B%0A%09background%3Argba%280%2C0%2C0%2C0.5%29%3B%0A%09width%3A40px%3B%0A%09height%3A40px%3B%0A%09position%3Aabsolute%3B%0A%09display%3Ablock%3B%0A%09z-index%3A100%3B%0A%20%20%20%20border-radius%3A%2050%25%3B%0A%7D%0A.hesperiden.tparrows%3Ahover%20%7B%0A%09background%3Argba%280%2C%200%2C%200%2C%201%29%3B%0A%7D%0A.hesperiden.tparrows%3Abefore%20%7B%0A%09font-family%3A%20%22revicons%22%3B%0A%09font-size%3A20px%3B%0A%09color%3Argb%28255%2C%20255%2C%20255%29%3B%0A%09display%3Ablock%3B%0A%09line-height%3A%2040px%3B%0A%09text-align%3A%20center%3B%0A%7D%0A.hesperiden.tparrows.tp-leftarrow%3Abefore%20%7B%0A%09content%3A%20%22%5Ce82c%22%3B%0A%20%20%20%20margin-left%3A-3px%3B%0A%7D%0A.hesperiden.tparrows.tp-rightarrow%3Abefore%20%7B%0A%09content%3A%20%22%5Ce82d%22%3B%0A%20%20%20%20margin-right%3A-3px%3B%0A%7D%0A\");\r\n\t\t\t\t\tvar htmlDiv = document.getElementById('rs-plugin-settings-inline-css');\r\n\t\t\t\t\tif(htmlDiv) {\r\n\t\t\t\t\t\thtmlDiv.innerHTML = htmlDiv.innerHTML + htmlDivCss;\r\n\t\t\t\t\t}\r\n\t\t\t\t\telse{\r\n\t\t\t\t\t\tvar htmlDiv = document.createElement('div');\r\n\t\t\t\t\t\thtmlDiv.innerHTML = '<style>' + htmlDivCss + '<\/style>';\r\n\t\t\t\t\t\tdocument.getElementsByTagName('head')[0].appendChild(htmlDiv.childNodes[0]);\r\n\t\t\t\t\t}\r\n\t\t\t\t  <\/script>\r\n\t\t\t\t<\/div><!-- END REVOLUTION SLIDER -->\r\n<h1><span style=\"color: #ff0000;\"><strong><a style=\"color: #ff0000;\" href=\"https:\/\/www.sisli.edu.tr\/uisbk\/wp-content\/uploads\/2022\/09\/3rd-issc-congress-book.pdf\">Click to Download Congress Book<\/a><\/strong><\/span><\/h1>\r\n<h1><span style=\"color: #ff0000;\"><strong><a style=\"color: #ff0000;\" href=\"https:\/\/www.sisli.edu.tr\/uisbk\/wp-content\/uploads\/2022\/06\/3rd-issc-abstractsbook.pdf\">Click to Download Abstract Book<\/a><\/strong><\/span><\/h1>\r\n<h3>CONGRESS INVITATION 26-27 May 2022<\/h3>\r\n<p>Dear Participants,<\/p>\r\n<p>As a matter of scientific knowledge and sharing, we held the International \u015ei\u015fli Science Congress in 2019 and 2021 with the participation of scientists from many countries in order to create a new platform for the scientific world and academic studies.<br \/>In this era of information, rapid digitalization\u00a0 process prevails over all areas of social life.The global impact of the pandemic has also accelerated the digitalization process. Today; science, technology, digitalization and innovation are topmost priorities on our agenda.<br \/>In line with these developments, we are organizing the 3rd International Sisli Science Congress will be held as online by taking advantage of the digital capabilities to support environmental sustainability in accordance with the ongoing pandemic.<\/p>\r\n<p>The most important contributions to the International Sisli Science Congress came from esteemed scientists, universities and continue to determine the needs of our academic field and bring together researchers, scientists, academics, scholars, students and administrators working in different disciplines, as well.<\/p>\r\n<p>We are thereby pleased to announce that the 3rd International Sisli Science Congress will be held as online, between the dates 26th of May and 27th of May,2022.<\/p>\r\n<p>In this context, the 3rd International \u015ei\u015fli Science Congress is organised in collaboration with UNIVERSITY OF RUSE \u201cANGEL KANCHEV\u201d, RUSE BULGARIA with the aim to contribute to strengthening our international academic collaboration as well.<br \/>Full papers, after scientific evaluation process,will be published as chapters in the book by Gece Kitapl\u0131\u011f\u0131 Publishing House ( accepted as the International Publishing House for Academic Incentive and Associate Professorship Applications). All accepted abstracts will be published electronically in the 3th International \u015ei\u015fli Science Congress Abstract Book.<br \/>We would highly appreciate in advance your participation and support to the 3rd Sisli Science Congress.<br \/>We are looking forward to receiving your papers and participation in due time. <br \/>For all the details about the congress, please visit our website<\/p>\r\n<p><span style=\"color: #ff0000;\">Important: The academic incentive regulation has been changed within the framework of The Council of Higher Education. Accordingly, the congress e-book will consist of full texts,instead of the summary.<\/span><\/p>\r\n<p><a href=\"https:\/\/www.sisli.edu.tr\/uisbk\/wp-content\/uploads\/2022\/03\/isscPoster-2021-06May-1.png\"><img loading=\"lazy\" class=\"alignnone size-full wp-image-844\" src=\"https:\/\/www.sisli.edu.tr\/uisbk\/wp-content\/uploads\/2022\/03\/isscPoster-2021-06May-1.png\" alt=\"\" width=\"2339\" height=\"3308\" srcset=\"https:\/\/www.sisli.edu.tr\/uisbk\/wp-content\/uploads\/2022\/03\/isscPoster-2021-06May-1.png 2339w, https:\/\/www.sisli.edu.tr\/uisbk\/wp-content\/uploads\/2022\/03\/isscPoster-2021-06May-1-212x300.png 212w, https:\/\/www.sisli.edu.tr\/uisbk\/wp-content\/uploads\/2022\/03\/isscPoster-2021-06May-1-724x1024.png 724w, https:\/\/www.sisli.edu.tr\/uisbk\/wp-content\/uploads\/2022\/03\/isscPoster-2021-06May-1-768x1086.png 768w, https:\/\/www.sisli.edu.tr\/uisbk\/wp-content\/uploads\/2022\/03\/isscPoster-2021-06May-1-1086x1536.png 1086w, https:\/\/www.sisli.edu.tr\/uisbk\/wp-content\/uploads\/2022\/03\/isscPoster-2021-06May-1-1448x2048.png 1448w, https:\/\/www.sisli.edu.tr\/uisbk\/wp-content\/uploads\/2022\/03\/isscPoster-2021-06May-1-255x361.png 255w\" sizes=\"(max-width: 2339px) 100vw, 2339px\" \/><\/a><\/p>\r\n<p>\r\n\r\n<\/p>\r\n<figure><\/figure>\r\n<p><\/p>","protected":false},"excerpt":{"rendered":"<p>\u00a0 Click to Download Congress Book Click to Download Abstract Book CONGRESS INVITATION 26-27 May 2022 Dear Participants, As a matter of scientific knowledge and sharing, we held the International \u015ei\u015fli Science Congress in 2019 and 2021 with the participation of scientists from many countries in order to create a new platform for the scientific [&hellip;]<\/p>\n","protected":false},"author":1,"featured_media":0,"parent":0,"menu_order":0,"comment_status":"closed","ping_status":"closed","template":"","meta":[],"_links":{"self":[{"href":"https:\/\/www.sisli.edu.tr\/uisbk\/wp-json\/wp\/v2\/pages\/5"}],"collection":[{"href":"https:\/\/www.sisli.edu.tr\/uisbk\/wp-json\/wp\/v2\/pages"}],"about":[{"href":"https:\/\/www.sisli.edu.tr\/uisbk\/wp-json\/wp\/v2\/types\/page"}],"author":[{"embeddable":true,"href":"https:\/\/www.sisli.edu.tr\/uisbk\/wp-json\/wp\/v2\/users\/1"}],"replies":[{"embeddable":true,"href":"https:\/\/www.sisli.edu.tr\/uisbk\/wp-json\/wp\/v2\/comments?post=5"}],"version-history":[{"count":79,"href":"https:\/\/www.sisli.edu.tr\/uisbk\/wp-json\/wp\/v2\/pages\/5\/revisions"}],"predecessor-version":[{"id":892,"href":"https:\/\/www.sisli.edu.tr\/uisbk\/wp-json\/wp\/v2\/pages\/5\/revisions\/892"}],"wp:attachment":[{"href":"https:\/\/www.sisli.edu.tr\/uisbk\/wp-json\/wp\/v2\/media?parent=5"}],"curies":[{"name":"wp","href":"https:\/\/api.w.org\/{rel}","templated":true}]}}