{"id":21,"date":"2019-02-25T12:42:59","date_gmt":"2019-02-25T12:42:59","guid":{"rendered":"http:\/\/www.sisli.edu.tr\/uisbk\/?page_id=21"},"modified":"2022-03-03T07:23:54","modified_gmt":"2022-03-03T07:23:54","slug":"registration-payments","status":"publish","type":"page","link":"https:\/\/www.sisli.edu.tr\/uisbk\/registration-payments\/","title":{"rendered":"Registration &#038; Payments"},"content":{"rendered":"\r\n<p>The academic incentive regulation has been changed within the framework of The Council of Higher Education. Accordingly, the congress e-book will consist of full texts,instead of the summary. <br \/>Full texts will be published on the congress proceedings by \u015ei\u015fli Vocational School and will be presented to the authors during the congress. The full texts will be optionally published as a book section and presented to the authors.<\/p>\r\n<figure class=\"wp-block-table\">\r\n<table>\r\n<tbody>\r\n<tr>\r\n<td>\u00a0<\/td>\r\n<td><strong>Early Bird Registration Fees(Until 28 February)\u00a0<\/strong><\/td>\r\n<td><strong>Regular Registration Fees\u00a0<\/strong><br \/>\u00a0<\/td>\r\n<\/tr>\r\n<tr>\r\n<td>Participant<\/td>\r\n<td>Free<\/td>\r\n<td>Free<\/td>\r\n<\/tr>\r\n<tr>\r\n<td>Full Texts of Book Chapter<\/td>\r\n<td>50$ \/ 550 TL<\/td>\r\n<td>75$ \/ 650 TL<\/td>\r\n<\/tr>\r\n<\/tbody>\r\n<\/table>\r\n<\/figure>\r\n<p>* All the authors will receive the hard copy of the book by land post<\/p>\r\n<p>*International delivery cost fee belongs to the participants<\/p>\r\n<p>TR86 0013 4000 0068 2739 6000 92-EUR<br \/>TR59 0013 4000 0068 2739 6000 93-USD<br \/>TR32 0013 4000 0068 2739 6000 94-TL<br \/>Account Name : \u0130STANBUL \u015e\u0130\u015eL\u0130 MESLEK Y\u00dcKSEKOKULU<\/p>\r\n","protected":false},"excerpt":{"rendered":"<p>The academic incentive regulation has been changed within the framework of The Council of Higher Education. Accordingly, the congress e-book will consist of full texts,instead of the summary. Full texts will be published on the congress proceedings by \u015ei\u015fli Vocational School and will be presented to the authors during the congress. The full texts will [&hellip;]<\/p>\n","protected":false},"author":1,"featured_media":0,"parent":0,"menu_order":0,"comment_status":"closed","ping_status":"closed","template":"","meta":[],"_links":{"self":[{"href":"https:\/\/www.sisli.edu.tr\/uisbk\/wp-json\/wp\/v2\/pages\/21"}],"collection":[{"href":"https:\/\/www.sisli.edu.tr\/uisbk\/wp-json\/wp\/v2\/pages"}],"about":[{"href":"https:\/\/www.sisli.edu.tr\/uisbk\/wp-json\/wp\/v2\/types\/page"}],"author":[{"embeddable":true,"href":"https:\/\/www.sisli.edu.tr\/uisbk\/wp-json\/wp\/v2\/users\/1"}],"replies":[{"embeddable":true,"href":"https:\/\/www.sisli.edu.tr\/uisbk\/wp-json\/wp\/v2\/comments?post=21"}],"version-history":[{"count":47,"href":"https:\/\/www.sisli.edu.tr\/uisbk\/wp-json\/wp\/v2\/pages\/21\/revisions"}],"predecessor-version":[{"id":834,"href":"https:\/\/www.sisli.edu.tr\/uisbk\/wp-json\/wp\/v2\/pages\/21\/revisions\/834"}],"wp:attachment":[{"href":"https:\/\/www.sisli.edu.tr\/uisbk\/wp-json\/wp\/v2\/media?parent=21"}],"curies":[{"name":"wp","href":"https:\/\/api.w.org\/{rel}","templated":true}]}}