{"id":13,"date":"2019-02-25T12:41:29","date_gmt":"2019-02-25T12:41:29","guid":{"rendered":"http:\/\/www.sisli.edu.tr\/uisbk\/?page_id=13"},"modified":"2022-04-28T08:57:21","modified_gmt":"2022-04-28T08:57:21","slug":"organizing-committee","status":"publish","type":"page","link":"https:\/\/www.sisli.edu.tr\/uisbk\/organizing-committee\/","title":{"rendered":"Organizing Committee"},"content":{"rendered":"\r\n<p>Prof. Dr. Aynur AYDIN (Honorary President)<\/p>\r\n<p>\u0130brahim AYBAR (\u0130stanbul \u015ei\u015fli Vocational School Member of the Board of Oversees)<\/p>\r\n<p>Academician of BAS Prof. Hristo Beloev, DTSc DHC mult., (University of Ruse \u201cAngel Kanchev\u201d, Bulgaria)<\/p>\r\n<p>Prof. Dr. Teodor ILIEV (University of Ruse Angel Kanchev )\u00a0\u00a0<\/p>\r\n<p>Instructor Leyla An\u0131l G\u00d6L (\u0130stanbul \u015ei\u015fli Vocational School Principal)<\/p>\r\n<p>Assoc. Prof. Ivaylo Stoyanov, University of Ruse \u201cAngel Kanchev\u201d, Bulgaria<\/p>\r\n<p>Fahri KARAMAN( Intenational Balkan University &#8211; Advisor to the Rector)<\/p>\r\n<p>Mustafa K\u00d6RPE (\u0130stanbul \u015ei\u015fli Vocational School Secretary)<\/p>\r\n<p>Instructor Mustafa Ali G\u00d6K\u00c7E(\u0130stanbul \u015ei\u015fli Vocational School Vice Principal)<\/p>\r\n<p>Asst. Prof. Dr. S. P\u0131nar MEHEL TUTUK<\/p>\r\n<p>Asst. Prof. Dr. Selin SARILI<\/p>\r\n<p>Asst. Prof. Dr. Y. \u00d6zhan T\u00dcRKER<\/p>\r\n<p>Instructor Senem Esra BABAO\u011eLU<\/p>\r\n<p>Instructor Burak ALKAN<\/p>\r\n<p>Instructor Ali Naz\u0131m BE\u015e\u0130K\u00c7\u0130<\/p>\r\n<p>Instructor\u00a0 Mesut PEK (IT Manager)<\/p>\r\n<p>&nbsp;<\/p>\r\n<p>&nbsp;<\/p>\r\n","protected":false},"excerpt":{"rendered":"<p>Prof. Dr. Aynur AYDIN (Honorary President) \u0130brahim AYBAR (\u0130stanbul \u015ei\u015fli Vocational School Member of the Board of Oversees) Academician of BAS Prof. Hristo Beloev, DTSc DHC mult., (University of Ruse \u201cAngel Kanchev\u201d, Bulgaria) Prof. Dr. Teodor ILIEV (University of Ruse Angel Kanchev )\u00a0\u00a0 Instructor Leyla An\u0131l G\u00d6L (\u0130stanbul \u015ei\u015fli Vocational School Principal) Assoc. Prof. Ivaylo [&hellip;]<\/p>\n","protected":false},"author":1,"featured_media":0,"parent":0,"menu_order":0,"comment_status":"closed","ping_status":"closed","template":"","meta":[],"_links":{"self":[{"href":"https:\/\/www.sisli.edu.tr\/uisbk\/wp-json\/wp\/v2\/pages\/13"}],"collection":[{"href":"https:\/\/www.sisli.edu.tr\/uisbk\/wp-json\/wp\/v2\/pages"}],"about":[{"href":"https:\/\/www.sisli.edu.tr\/uisbk\/wp-json\/wp\/v2\/types\/page"}],"author":[{"embeddable":true,"href":"https:\/\/www.sisli.edu.tr\/uisbk\/wp-json\/wp\/v2\/users\/1"}],"replies":[{"embeddable":true,"href":"https:\/\/www.sisli.edu.tr\/uisbk\/wp-json\/wp\/v2\/comments?post=13"}],"version-history":[{"count":21,"href":"https:\/\/www.sisli.edu.tr\/uisbk\/wp-json\/wp\/v2\/pages\/13\/revisions"}],"predecessor-version":[{"id":855,"href":"https:\/\/www.sisli.edu.tr\/uisbk\/wp-json\/wp\/v2\/pages\/13\/revisions\/855"}],"wp:attachment":[{"href":"https:\/\/www.sisli.edu.tr\/uisbk\/wp-json\/wp\/v2\/media?parent=13"}],"curies":[{"name":"wp","href":"https:\/\/api.w.org\/{rel}","templated":true}]}}