{"id":11,"date":"2019-02-25T12:41:14","date_gmt":"2019-02-25T12:41:14","guid":{"rendered":"http:\/\/www.sisli.edu.tr\/uisbk\/?page_id=11"},"modified":"2022-04-27T11:45:00","modified_gmt":"2022-04-27T11:45:00","slug":"science-committee","status":"publish","type":"page","link":"https:\/\/www.sisli.edu.tr\/uisbk\/science-committee\/","title":{"rendered":"Science Committee"},"content":{"rendered":"\r\n<p><span style=\"font-weight: 400;\">Prof. Dr. Aynur AYDIN \u200b\u200b(Istanbul University Cerrahpasa Faculty of Forestry)\u00a0<\/span><\/p>\r\n<p><span style=\"font-weight: 400;\">Prof. Dr. Ali Serdar FAK (Marmara University Faculty of Medicine)\u00a0<\/span><\/p>\r\n<p><span style=\"font-weight: 400;\">Prof. Dr. Dina \u00c7AKMUR YILDIRTAN (Marmara University- Vocational School of Banking and Insurance)<\/span><\/p>\r\n<p><span style=\"font-weight: 400;\">Prof. Dimitar RADEV, DSc (University of Telecommunications and Post) <\/span><\/p>\r\n<p><span style=\"font-weight: 400;\">Prof. Dr. \u0130brahim KIR\u00c7OVA (Y\u0131ld\u0131z Technical University, Faculty of Administrative Sciences)<\/span><\/p>\r\n<p><span style=\"font-weight: 400;\">Prof. Dr. Ersin ERKAN(Bing\u00f6l University, Faculty of Economics and Administrative Sciences) <\/span><\/p>\r\n<p><span style=\"font-weight: 400;\">Prof. Dr. \u00a0Olena GOROSHKO(National Technical University(Ukraine)) <\/span><\/p>\r\n<p><span style=\"font-weight: 400;\">Prof. Dr. Stanimir SADINOV(Technical University Of Gabrovo)<\/span><\/p>\r\n<p><span style=\"font-weight: 400;\">Prof. Dr. \u015eener B\u0130LAL\u0130(International Balkan University)<\/span><\/p>\r\n<p><span style=\"font-weight: 400;\">Prof. Dr. Stanimir SADINOV(Technical University Of Gabrovo)<\/span><\/p>\r\n<p><span style=\"font-weight: 400;\">Prof. Dr. Turan \u00d6ZT\u00dcRK (Istanbul Technical University, Faculty of Arts and Sciences)\u00a0<\/span><\/p>\r\n<p><span style=\"font-weight: 400;\">Assoc. Dr. Aysel G\u00dcNDO\u011eDU (Medipol University)<\/span><\/p>\r\n<p><span style=\"font-weight: 400;\">Assoc. Dr. Banu DAYAN\u00c7 KIYAT (Halic University Faculty of Social and Human Administrative Sciences)<\/span>\u00a0<\/p>\r\n<p><span style=\"font-weight: 400;\">Assoc. Dr. Deniz YAT KIRA\u00c7 (Yeditepe University Faculty of Medicine)\u00a0<\/span><\/p>\r\n<p><span style=\"font-weight: 400;\">Assoc. Dr. Didem SALO\u011eLU DERTL\u0130(Istanbul Technical University,Institute of Earthquake Engineering and Disaster Management<\/span><span style=\"font-weight: 400;\">)<\/span>\u00a0<\/p>\r\n<p><span style=\"font-weight: 400;\">Assoc. Dr. Ebru ERBA\u015e G\u00dcRLER (Istanbul Technical University Faculty of Architecture)<\/span>\u00a0<\/p>\r\n<p><span style=\"font-weight: 400;\">Assoc. Dr. Fahri ERENEL (Istinye University)<\/span><\/p>\r\n<p><span style=\"font-weight: 400;\">Assoc. Dr. G\u00f6k\u00e7e GEN\u00c7AY (Bartin University)<\/span><\/p>\r\n<p><span style=\"font-weight: 400;\">Assoc. Dr. Bahattin YAL\u00c7IN (Marmara University, Faculty of Chemistry)<\/span>\u00a0<\/p>\r\n<p><span style=\"font-weight: 400;\">Assoc. Dr. Mehmet G\u00fcne\u015f (Marmara University, Turkish Language and Literature) <\/span><\/p>\r\n<p><span style=\"font-weight: 400;\">Assoc. Dr. M\u00fcge Ak\u0131n (Abdullah G\u00fcl University, Civil Engineering)\u00a0<\/span><\/p>\r\n<p><span style=\"font-weight: 400;\">Assoc. Dr. Nuri \u00c7elik (Gebze Technical University, Faculty of Basic Sciences)\u00a0<\/span><\/p>\r\n<p><span style=\"font-weight: 400;\">Assoc. Dr. Osman Devrim ELVAN (Istanbul University Cerrahpasa Forestry Faculty)<\/span><\/p>\r\n<p><span style=\"font-weight: 400;\">Assoc. Dr. Serkan KEME\u00c7 (Van Y\u00fcz\u00fcnc\u00fc Y\u0131l University, Faculty of Architecture and Design)<\/span><\/p>\r\n<p><span style=\"font-weight: 400;\">Assoc. Dr. \u00dcst\u00fcner BIRBEN (Cankiri Karatekin University)<\/span><\/p>\r\n<p><span style=\"font-weight: 400;\">Assoc. Dr. Yusuf Din\u00e7 (Sabahattin Zaim University, Finance)<\/span><\/p>\r\n<p><span style=\"font-weight: 400;\">Assoc. Dr. Funda KAVAK BUDAK (Inonu University Faculty of Health Sciences)<\/span><\/p>\r\n<p><span style=\"font-weight: 400;\">Asst. Prof M. Sedat BEK\u0130RO\u011eLU (Istanbul Sisli Vocational School)<\/span><\/p>\r\n<p><span style=\"font-weight: 400;\">Asst. Prof. Evin DO\u011eAN (Istanbul Sisli Vocational School)<\/span><\/p>\r\n<p><span style=\"font-weight: 400;\">Asst. Prof. Fatma D\u0130K\u00c7AL (Istanbul Sisli Vocational School)<\/span><\/p>\r\n<p><span style=\"font-weight: 400;\">Assoc. Prof. Dr. Krasen ANGELOV(Technical University Of Gabrovo)<\/span><\/p>\r\n<p><span style=\"font-weight: 400;\">Assist. Prof. <\/span><span style=\"font-weight: 400;\">Dr. <\/span><span style=\"font-weight: 400;\">Panagiotis KOGIAS (International Hellenic University)<\/span><\/p>\r\n<p><span style=\"font-weight: 400;\">Assist. Prof. Dr. Elena IVANOVA(University of Ruse \u201cAngel Kanchev\u201d)<\/span><\/p>\r\n<p><span style=\"font-weight: 400;\">Assoc. Prof. <\/span><span style=\"font-weight: 400;\">Dr. Farhad HOSSAIN<\/span><span style=\"font-weight: 400;\"> (Manchester University)<\/span><\/p>\r\n<p><span style=\"font-weight: 400;\">Assoc. Prof. <\/span><span style=\"font-weight: 400;\">Dr. <\/span><span style=\"font-weight: 400;\">Grigor MIHAYLOV (University of Telecommunications and Post)<\/span><\/p>\r\n<p><span style=\"font-weight: 400;\">Assoc. Prof. Dr. Ivan BELOEV (University of Ruse \u201cAngel Kanchev\u201d)\u00a0<\/span><\/p>\r\n<p><span style=\"font-weight: 400;\">Assoc. Prof. <\/span><span style=\"font-weight: 400;\">Dr. <\/span><span style=\"font-weight: 400;\">Ivaylo STOYANOV (University of Ruse \u201cAngel Kanchev\u201d)<\/span><\/p>\r\n<p><span style=\"font-weight: 400;\">Asst. Prof. Member G\u00fclbaran Meral (Istanbul Sisli Vocational School)<\/span><\/p>\r\n<p><span style=\"font-weight: 400;\">Asst. Prof. Hacer CANATAN (Istanbul Sisli Vocational School)<\/span><\/p>\r\n<p><span style=\"font-weight: 400;\">Asst. Prof. Merve \u00d6ZHAN (Istanbul Sisli Vocational School)<\/span><\/p>\r\n<p><span style=\"font-weight: 400;\">Asst. Prof. Metin TURAN (Istanbul Ticaret University- Computer Engineering)<\/span><\/p>\r\n<p><span style=\"font-weight: 400;\">Asst. Prof. Nimet VEL\u0130O\u011eLU (Istanbul University Cerrahpasa Faculty of Forestry)<\/span><\/p>\r\n<p><span style=\"font-weight: 400;\">Asst. Prof. Nurg\u00fcl Erdem (Istanbul University Cerrahpasa Faculty of Forestry)<\/span><\/p>\r\n<p><span style=\"font-weight: 400;\">Dr. Refide \u015eAH\u0130N (International Balkan University)<\/span><\/p>\r\n<p><span style=\"font-weight: 400;\">Asst. Prof. Sanem SOYLU (Istanbul Sisli Vocational School)<\/span><\/p>\r\n<p><span style=\"font-weight: 400;\">Asst. Prof. Sarkis S\u00d6ZKES (Namik Kemal University Corlu Engineering Faculty)<\/span><\/p>\r\n<p><span style=\"font-weight: 400;\">Asst. Prof. Selin SARILI (Istanbul Sisli Vocational School)<\/span><\/p>\r\n<p><span style=\"font-weight: 400;\">Asst. Prof. Sevda P\u0131nar MEHEL TUTUK (Istanbul Sisli Vocational School)<\/span><\/p>\r\n<p><span style=\"font-weight: 400;\">Asst. Prof. Y. \u00d6zhan T\u00fcrker (Istanbul Sisli Vocational School)<\/span><\/p>\r\n<p><span style=\"font-weight: 400;\">Asst. Prof. Yeliz G\u00d6REN (Istanbul Sisli Vocational School)<\/span><\/p>\r\n<p><span style=\"font-weight: 400;\">Asst. Prof. \u00c7i\u00e7ek Ediz (Hakkari University, Faculty of Nursing)<\/span><\/p>\r\n<p>&nbsp;<\/p>","protected":false},"excerpt":{"rendered":"<p>Prof. Dr. Aynur AYDIN \u200b\u200b(Istanbul University Cerrahpasa Faculty of Forestry)\u00a0 Prof. Dr. Ali Serdar FAK (Marmara University Faculty of Medicine)\u00a0 Prof. Dr. Dina \u00c7AKMUR YILDIRTAN (Marmara University- Vocational School of Banking and Insurance) Prof. Dimitar RADEV, DSc (University of Telecommunications and Post) Prof. Dr. \u0130brahim KIR\u00c7OVA (Y\u0131ld\u0131z Technical University, Faculty of Administrative Sciences) Prof. Dr. [&hellip;]<\/p>\n","protected":false},"author":1,"featured_media":0,"parent":0,"menu_order":0,"comment_status":"closed","ping_status":"closed","template":"","meta":[],"_links":{"self":[{"href":"https:\/\/www.sisli.edu.tr\/uisbk\/wp-json\/wp\/v2\/pages\/11"}],"collection":[{"href":"https:\/\/www.sisli.edu.tr\/uisbk\/wp-json\/wp\/v2\/pages"}],"about":[{"href":"https:\/\/www.sisli.edu.tr\/uisbk\/wp-json\/wp\/v2\/types\/page"}],"author":[{"embeddable":true,"href":"https:\/\/www.sisli.edu.tr\/uisbk\/wp-json\/wp\/v2\/users\/1"}],"replies":[{"embeddable":true,"href":"https:\/\/www.sisli.edu.tr\/uisbk\/wp-json\/wp\/v2\/comments?post=11"}],"version-history":[{"count":51,"href":"https:\/\/www.sisli.edu.tr\/uisbk\/wp-json\/wp\/v2\/pages\/11\/revisions"}],"predecessor-version":[{"id":854,"href":"https:\/\/www.sisli.edu.tr\/uisbk\/wp-json\/wp\/v2\/pages\/11\/revisions\/854"}],"wp:attachment":[{"href":"https:\/\/www.sisli.edu.tr\/uisbk\/wp-json\/wp\/v2\/media?parent=11"}],"curies":[{"name":"wp","href":"https:\/\/api.w.org\/{rel}","templated":true}]}}