{"id":9,"date":"2019-02-25T12:40:46","date_gmt":"2019-02-25T12:40:46","guid":{"rendered":"http:\/\/www.sisli.edu.tr\/uisbk\/2019\/tr\/?page_id=9"},"modified":"2019-02-25T14:33:16","modified_gmt":"2019-02-25T14:33:16","slug":"konular","status":"publish","type":"page","link":"https:\/\/www.sisli.edu.tr\/uisbk\/2019\/tr\/konular\/","title":{"rendered":"Konular"},"content":{"rendered":"\n<ul><li>Sa\u011fl\u0131k\/ T\u0131p Bilimleri <\/li><li>Fen ve Matematik Bilimleri <\/li><li>Mimarl\u0131k Planlama ve Tasar\u0131m <\/li><li>M\u00fchendislik Bilimleri <\/li><li>Teknoloji \/ End\u00fcstri <\/li><li>Sosyal Be\u015fer\u00ee ve \u0130dar\u00ee Bilimler <\/li><li>E\u011fitim Bilimleri <\/li><li>Hukuk <\/li><li>\u0130leti\u015fim <\/li><li>Spor Bilimleri <\/li><li>G\u00fczel Sanatlar<\/li><\/ul>\n","protected":false},"excerpt":{"rendered":"<p>Sa\u011fl\u0131k\/ T\u0131p Bilimleri Fen ve Matematik Bilimleri Mimarl\u0131k Planlama ve Tasar\u0131m M\u00fchendislik Bilimleri Teknoloji \/ End\u00fcstri Sosyal Be\u015fer\u00ee ve \u0130dar\u00ee Bilimler E\u011fitim Bilimleri Hukuk \u0130leti\u015fim Spor Bilimleri G\u00fczel Sanatlar<\/p>\n","protected":false},"author":1,"featured_media":0,"parent":0,"menu_order":0,"comment_status":"closed","ping_status":"closed","template":"","meta":[],"_links":{"self":[{"href":"https:\/\/www.sisli.edu.tr\/uisbk\/2019\/tr\/wp-json\/wp\/v2\/pages\/9"}],"collection":[{"href":"https:\/\/www.sisli.edu.tr\/uisbk\/2019\/tr\/wp-json\/wp\/v2\/pages"}],"about":[{"href":"https:\/\/www.sisli.edu.tr\/uisbk\/2019\/tr\/wp-json\/wp\/v2\/types\/page"}],"author":[{"embeddable":true,"href":"https:\/\/www.sisli.edu.tr\/uisbk\/2019\/tr\/wp-json\/wp\/v2\/users\/1"}],"replies":[{"embeddable":true,"href":"https:\/\/www.sisli.edu.tr\/uisbk\/2019\/tr\/wp-json\/wp\/v2\/comments?post=9"}],"version-history":[{"count":2,"href":"https:\/\/www.sisli.edu.tr\/uisbk\/2019\/tr\/wp-json\/wp\/v2\/pages\/9\/revisions"}],"predecessor-version":[{"id":59,"href":"https:\/\/www.sisli.edu.tr\/uisbk\/2019\/tr\/wp-json\/wp\/v2\/pages\/9\/revisions\/59"}],"wp:attachment":[{"href":"https:\/\/www.sisli.edu.tr\/uisbk\/2019\/tr\/wp-json\/wp\/v2\/media?parent=9"}],"curies":[{"name":"wp","href":"https:\/\/api.w.org\/{rel}","templated":true}]}}