{"id":5,"date":"2019-02-25T12:39:05","date_gmt":"2019-02-25T12:39:05","guid":{"rendered":"http:\/\/www.sisli.edu.tr\/uisbk\/2019\/tr\/?page_id=5"},"modified":"2020-09-29T12:41:09","modified_gmt":"2020-09-29T12:41:09","slug":"anasayfa","status":"publish","type":"page","link":"https:\/\/www.sisli.edu.tr\/uisbk\/2019\/tr\/","title":{"rendered":"Anasayfa"},"content":{"rendered":"\r\n<p><img loading=\"lazy\" class=\"alignnone wp-image-484 size-full\" src=\"http:\/\/www.sisli.edu.tr\/uisbk\/2019\/tr\/wp-content\/uploads\/2019\/11\/slider2.jpg\" alt=\"\" width=\"1000\" height=\"416\" srcset=\"https:\/\/www.sisli.edu.tr\/uisbk\/2019\/tr\/wp-content\/uploads\/2019\/11\/slider2.jpg 1000w, https:\/\/www.sisli.edu.tr\/uisbk\/2019\/tr\/wp-content\/uploads\/2019\/11\/slider2-300x125.jpg 300w, https:\/\/www.sisli.edu.tr\/uisbk\/2019\/tr\/wp-content\/uploads\/2019\/11\/slider2-768x319.jpg 768w\" sizes=\"(max-width: 1000px) 100vw, 1000px\" \/><\/p>\r\n<p><span style=\"color: #99ccff;\">\r\n\r\n<\/span><\/p>\r\n<h4><span style=\"color: #333399;\"><a style=\"color: #333399;\" href=\"\/\/www.sisli.edu.tr\/uisbk\/2019\/tr\/wp-content\/uploads\/2019\/09\/issc-abstractsbook.pdf\">Kongre program\u0131 ve \u00f6zet kitap\u00e7\u0131\u011f\u0131n\u0131 g\u00f6r\u00fcnt\u00fclemek i\u00e7in t\u0131klay\u0131n\u0131z.<\/a><\/span><\/h4>\r\n<p><strong><a href=\"\/\/www.sisli.edu.tr\/uisbk\/2019\/tr\/wp-content\/uploads\/kogreresimleri.rar\">Kongremizden g\u00f6r\u00fcnt\u00fcleri i\u00e7in t\u0131klay\u0131n\u0131z.\u00a0<\/a><\/strong><\/p>\r\n<h3>KONGRE DAVET\u0130 24-25 Ekim 2019<\/h3>\r\n\r\n\r\n\r\n<p style=\"text-align: justify;\">Bilimsel bilgi; \u00fcretim ve payla\u015f\u0131mla ortaya \u00e7\u0131kar, g\u00fc\u00e7lenir. Farkl\u0131 bilim dallar\u0131 aras\u0131ndaki payla\u015f\u0131m ve akademik tart\u0131\u015fma platformlar\u0131, bilimsel bilgiyi daha fazla nitelikli hale getirir. 1. Uluslararas\u0131 \u015ei\u015fli Bilim Kongresi, bilimsel bilginin ve payla\u015f\u0131m\u0131n \u00f6neminden hareketle, bilim d\u00fcnyas\u0131 ve akademik \u00e7al\u0131\u015fmalar i\u00e7in yeni bir platform olu\u015fturmay\u0131 ama\u00e7lamaktad\u0131r. Farkl\u0131 bilim dallar\u0131nda \u00e7al\u0131\u015fmalar yapan bilim insanlar\u0131n\u0131 ve ara\u015ft\u0131rmac\u0131lar\u0131 bir araya getirerek, bilimsel bilgiyi toplum ve d\u00fcnya yarar\u0131na sunmak i\u00e7in akademik bir tart\u0131\u015fma zemini olu\u015fturmay\u0131 hedeflemektedir.\u00a0 Farkl\u0131 bilim dallar\u0131nda g\u00fcncel ve \u00f6zg\u00fcn akademik ara\u015ft\u0131rmalar\u0131n payla\u015f\u0131laca\u011f\u0131 1. Uluslararas\u0131 \u015ei\u015fli Bilim Kongresi, bilim insanlar\u0131 ve ara\u015ft\u0131rmac\u0131lar\u0131n yan\u0131 s\u0131ra sekt\u00f6r temsilcilerinin, uzmanlar\u0131n ve \u00f6\u011frencilerin kat\u0131l\u0131m\u0131na da a\u00e7\u0131k olacakt\u0131r.\u0130ngiltere, Finlandiya, Bulgaristan ve Azerbaycan gibi pek \u00e7ok \u00fclkeden bilim insanlar\u0131 bildirileriyle kat\u0131l\u0131m sa\u011flayacakt\u0131r.<\/p>\r\n<p>\r\n\r\n<\/p>\r\n<p style=\"text-align: justify;\">1. Uluslararas\u0131 \u015ei\u015fli Bilim Kongresi\u2019nde Bilim Kurulu taraf\u0131ndan kabul edilen bildirilerin tam metinleri uluslararas\u0131 yay\u0131nevi olan AKADEM\u0130SYEN YAYINEV\u0130 (Akademik Te\u015fvik ve Do\u00e7entlik ba\u015fvurular\u0131nda Uluslararas\u0131 Yay\u0131nevi olarak kabul edilmektedir.) taraf\u0131ndan kitap b\u00f6l\u00fcm\u00fc olarak yay\u0131mlanacak ve kongre s\u0131ras\u0131nda kat\u0131l\u0131mc\u0131lara takdim edilecektir. Bildiri \u00f6zetleri ise \u015ei\u015fli Meslek Y\u00fcksekokulu taraf\u0131ndan yay\u0131mlanan bildiri \u00f6zet kitap\u00e7\u0131\u011f\u0131nda yer alacakt\u0131r.<\/p>\r\n<p>\r\n\r\n<\/p>\r\n<ul class=\"wp-block-gallery columns-1 is-cropped\">\r\n<li class=\"blocks-gallery-item\">\r\n<figure><img loading=\"lazy\" width=\"1024\" height=\"427\" class=\"wp-image-234\" src=\"\/\/www.sisli.edu.tr\/uisbk\/2019\/tr\/wp-content\/uploads\/2019\/05\/isscsliderCFP-copy@288x-8-1024x427.png\" alt=\"\" data-id=\"234\" data-link=\"\/\/www.sisli.edu.tr\/uisbk\/2019\/tr\/anasayfa\/isscslidercfp-copy288x-8\/\" srcset=\"https:\/\/www.sisli.edu.tr\/uisbk\/2019\/tr\/wp-content\/uploads\/2019\/05\/isscsliderCFP-copy@288x-8-1024x427.png 1024w, https:\/\/www.sisli.edu.tr\/uisbk\/2019\/tr\/wp-content\/uploads\/2019\/05\/isscsliderCFP-copy@288x-8-300x125.png 300w, https:\/\/www.sisli.edu.tr\/uisbk\/2019\/tr\/wp-content\/uploads\/2019\/05\/isscsliderCFP-copy@288x-8-768x320.png 768w\" sizes=\"(max-width: 1024px) 100vw, 1024px\" \/><\/figure>\r\n<\/li>\r\n<\/ul>\r\n<p><\/p>","protected":false},"excerpt":{"rendered":"<p>Kongre program\u0131 ve \u00f6zet kitap\u00e7\u0131\u011f\u0131n\u0131 g\u00f6r\u00fcnt\u00fclemek i\u00e7in t\u0131klay\u0131n\u0131z. Kongremizden g\u00f6r\u00fcnt\u00fcleri i\u00e7in t\u0131klay\u0131n\u0131z.\u00a0 KONGRE DAVET\u0130 24-25 Ekim 2019 Bilimsel bilgi; \u00fcretim ve payla\u015f\u0131mla ortaya \u00e7\u0131kar, g\u00fc\u00e7lenir. Farkl\u0131 bilim dallar\u0131 aras\u0131ndaki payla\u015f\u0131m ve akademik tart\u0131\u015fma platformlar\u0131, bilimsel bilgiyi daha fazla nitelikli hale getirir. 1. Uluslararas\u0131 \u015ei\u015fli Bilim Kongresi, bilimsel bilginin ve payla\u015f\u0131m\u0131n \u00f6neminden hareketle, bilim d\u00fcnyas\u0131 ve&hellip;<\/p>\n","protected":false},"author":1,"featured_media":0,"parent":0,"menu_order":0,"comment_status":"closed","ping_status":"closed","template":"","meta":[],"_links":{"self":[{"href":"https:\/\/www.sisli.edu.tr\/uisbk\/2019\/tr\/wp-json\/wp\/v2\/pages\/5"}],"collection":[{"href":"https:\/\/www.sisli.edu.tr\/uisbk\/2019\/tr\/wp-json\/wp\/v2\/pages"}],"about":[{"href":"https:\/\/www.sisli.edu.tr\/uisbk\/2019\/tr\/wp-json\/wp\/v2\/types\/page"}],"author":[{"embeddable":true,"href":"https:\/\/www.sisli.edu.tr\/uisbk\/2019\/tr\/wp-json\/wp\/v2\/users\/1"}],"replies":[{"embeddable":true,"href":"https:\/\/www.sisli.edu.tr\/uisbk\/2019\/tr\/wp-json\/wp\/v2\/comments?post=5"}],"version-history":[{"count":27,"href":"https:\/\/www.sisli.edu.tr\/uisbk\/2019\/tr\/wp-json\/wp\/v2\/pages\/5\/revisions"}],"predecessor-version":[{"id":486,"href":"https:\/\/www.sisli.edu.tr\/uisbk\/2019\/tr\/wp-json\/wp\/v2\/pages\/5\/revisions\/486"}],"wp:attachment":[{"href":"https:\/\/www.sisli.edu.tr\/uisbk\/2019\/tr\/wp-json\/wp\/v2\/media?parent=5"}],"curies":[{"name":"wp","href":"https:\/\/api.w.org\/{rel}","templated":true}]}}