{"id":33,"date":"2019-02-25T12:45:50","date_gmt":"2019-02-25T12:45:50","guid":{"rendered":"http:\/\/www.sisli.edu.tr\/uisbk\/2019\/tr\/?page_id=33"},"modified":"2019-08-27T12:08:46","modified_gmt":"2019-08-27T12:08:46","slug":"sunum","status":"publish","type":"page","link":"https:\/\/www.sisli.edu.tr\/uisbk\/2019\/tr\/sunum\/","title":{"rendered":"Sunum"},"content":{"rendered":"\r\n<p  style=\"text-align:justify\"><strong>S\u00d6ZL\u00dc SUNUM:<\/strong> S\u00f6zl\u00fc sunumlar\u0131n yap\u0131laca\u011f\u0131 oturumlarda her bir konu\u015fmac\u0131 i\u00e7in ayr\u0131lan s\u00fcre 20 dakikad\u0131r. Bu s\u00fcrenin 15 dakikas\u0131 sunum i\u00e7in, kalan 5 dakikas\u0131 ise dinleyicilerin de\u011ferlendirme, yorum, ele\u015ftiri ve sorular\u0131 ve bunlar\u0131n cevapland\u0131r\u0131lmas\u0131 i\u00e7in kullan\u0131l\u0131r. Oturum ba\u015fkanlar\u0131 ile teknik yard\u0131m ekibi oturumlardan 10 dakika \u00f6nce salonda bulunacakt\u0131r. Her salonda sunumlar i\u00e7in projeksiyon cihaz\u0131 ve bilgisayar bulunacakt\u0131r. Sunumlar i\u00e7in bu bilgisayarlar kullan\u0131laca\u011f\u0131 i\u00e7in sunumu \u00f6nceden salondaki bilgisayara y\u00fcklemesi gerekir. Sunumla ilgili teknik konularda destek almak \u00fczere salonda bulunan g\u00f6revlilere ba\u015fvurulabilir.<\/p>\r\n\r\n\r\n\r\n<p  style=\"text-align:justify\"><strong>SANAL SUNUM:<\/strong> Sanal sunumlar ger\u00e7ek zamanl\u0131 video konferans ya da kay\u0131tl\u0131 videolar halinde yap\u0131lacakt\u0131r. Sanal sunum yapanlar ger\u00e7ek zamanl\u0131 bir yaz\u0131l\u0131mla (Skype program\u0131 kullan\u0131lacakt\u0131r) y\u00f6neltilebilecek sorulara cevap vermeyi kabul etmeli ve sunum saatinde internete ba\u011fl\u0131 olmal\u0131 veya telefonu ula\u015f\u0131labilir olmal\u0131d\u0131r. Sunumlar 15 dakika ile s\u0131n\u0131rl\u0131 olmal\u0131d\u0131r. <br><\/p>\r\n\r\n\r\n\r\n<p  style=\"text-align:justify\"><strong>POSTER SUNUM: <\/strong>Poster sunum boyutlar\u0131 (boy: 120 cm, en: 90 cm) \u00f6l\u00e7\u00fclerinde olmal\u0131d\u0131r. Posterler kongre s\u00fcresince belirli bir alanda sergilenecek, ayr\u0131ca sunum yapmak isteyenler i\u00e7in Poster Sunum oturumu yap\u0131lacakt\u0131r. 10 dakikal\u0131k sunumlar yap\u0131lacakt\u0131r. <br><\/p>\r\n\r\n ","protected":false},"excerpt":{"rendered":"<p>S\u00d6ZL\u00dc SUNUM: S\u00f6zl\u00fc sunumlar\u0131n yap\u0131laca\u011f\u0131 oturumlarda her bir konu\u015fmac\u0131 i\u00e7in ayr\u0131lan s\u00fcre 20 dakikad\u0131r. Bu s\u00fcrenin 15 dakikas\u0131 sunum i\u00e7in, kalan 5 dakikas\u0131 ise dinleyicilerin de\u011ferlendirme, yorum, ele\u015ftiri ve sorular\u0131 ve bunlar\u0131n cevapland\u0131r\u0131lmas\u0131 i\u00e7in kullan\u0131l\u0131r. Oturum ba\u015fkanlar\u0131 ile teknik yard\u0131m ekibi oturumlardan 10 dakika \u00f6nce salonda bulunacakt\u0131r. Her salonda sunumlar i\u00e7in projeksiyon cihaz\u0131 ve bilgisayar&hellip;<\/p>\n","protected":false},"author":1,"featured_media":0,"parent":0,"menu_order":0,"comment_status":"closed","ping_status":"closed","template":"","meta":[],"_links":{"self":[{"href":"https:\/\/www.sisli.edu.tr\/uisbk\/2019\/tr\/wp-json\/wp\/v2\/pages\/33"}],"collection":[{"href":"https:\/\/www.sisli.edu.tr\/uisbk\/2019\/tr\/wp-json\/wp\/v2\/pages"}],"about":[{"href":"https:\/\/www.sisli.edu.tr\/uisbk\/2019\/tr\/wp-json\/wp\/v2\/types\/page"}],"author":[{"embeddable":true,"href":"https:\/\/www.sisli.edu.tr\/uisbk\/2019\/tr\/wp-json\/wp\/v2\/users\/1"}],"replies":[{"embeddable":true,"href":"https:\/\/www.sisli.edu.tr\/uisbk\/2019\/tr\/wp-json\/wp\/v2\/comments?post=33"}],"version-history":[{"count":7,"href":"https:\/\/www.sisli.edu.tr\/uisbk\/2019\/tr\/wp-json\/wp\/v2\/pages\/33\/revisions"}],"predecessor-version":[{"id":376,"href":"https:\/\/www.sisli.edu.tr\/uisbk\/2019\/tr\/wp-json\/wp\/v2\/pages\/33\/revisions\/376"}],"wp:attachment":[{"href":"https:\/\/www.sisli.edu.tr\/uisbk\/2019\/tr\/wp-json\/wp\/v2\/media?parent=33"}],"curies":[{"name":"wp","href":"https:\/\/api.w.org\/{rel}","templated":true}]}}