{"id":31,"date":"2019-02-25T12:44:37","date_gmt":"2019-02-25T12:44:37","guid":{"rendered":"http:\/\/www.sisli.edu.tr\/uisbk\/2019\/tr\/?page_id=31"},"modified":"2019-10-02T13:04:47","modified_gmt":"2019-10-02T13:04:47","slug":"onemli-tarihler","status":"publish","type":"page","link":"https:\/\/www.sisli.edu.tr\/uisbk\/2019\/tr\/onemli-tarihler\/","title":{"rendered":"\u00d6nemli Tarihler"},"content":{"rendered":"\r\n<p>\u0130lk \u00c7a\u011fr\u0131:<strong>22.03.2019<\/strong><\/p>\r\n\r\n\r\n\r\n<p>\u00d6zet G\u00f6nderim Son Tarihi: <strong>30.06.2019<\/strong><\/p>\r\n\r\n\r\n\r\n<p><p>Uluslararas\u0131 Kitap B\u00f6l\u00fcm\u00fc i\u00e7in Tam Metin G\u00f6nderim Son Tarihi: <strong>27.09.2019  <\/strong> <i>(Kitap b\u00f6l\u00fcm\u00fc olarak yay\u0131mlanacak \u00e7al\u0131\u015fmalar\u0131n tam metinleri 30.08.2019 tarihine kadar sisteme y\u00fcklendi\u011fi taktirde kat\u0131l\u0131mc\u0131lara kongre s\u0131ras\u0131nda taktim edilecektir. Bu tarihten sonra g\u00f6nderilecek \u00e7al\u0131\u015fmalar ise kongreden sonra yazarlara ula\u015ft\u0131r\u0131lacakt\u0131r.)<\/i> <\/p><\/p>\r\n\r\n\r\n\r\n<p><p>Sanal Sunumlar\u0131n Son G\u00f6nderim Tarihi (Seslendirilmi\u015f Powerpoint veya Video): <strong>27.09.2019  <\/strong><\/p><\/p>\r\n\r\n\r\n\r\n<p>Poster Bildirilerin Son G\u00f6nderim Tarihi: <strong>27.09.2019  <\/strong><\/p>\r\n\r\n\r\n\r\n<p>Program\u0131n \u0130lan Tarihi: Duyurulacakt\u0131r.<\/p>\r\n\r\n\r\n","protected":false},"excerpt":{"rendered":"<p>\u0130lk \u00c7a\u011fr\u0131:22.03.2019 \u00d6zet G\u00f6nderim Son Tarihi: 30.06.2019 Uluslararas\u0131 Kitap B\u00f6l\u00fcm\u00fc i\u00e7in Tam Metin G\u00f6nderim Son Tarihi: 27.09.2019 (Kitap b\u00f6l\u00fcm\u00fc olarak yay\u0131mlanacak \u00e7al\u0131\u015fmalar\u0131n tam metinleri 30.08.2019 tarihine kadar sisteme y\u00fcklendi\u011fi taktirde kat\u0131l\u0131mc\u0131lara kongre s\u0131ras\u0131nda taktim edilecektir. Bu tarihten sonra g\u00f6nderilecek \u00e7al\u0131\u015fmalar ise kongreden sonra yazarlara ula\u015ft\u0131r\u0131lacakt\u0131r.) Sanal Sunumlar\u0131n Son G\u00f6nderim Tarihi (Seslendirilmi\u015f Powerpoint veya Video): 27.09.2019&hellip;<\/p>\n","protected":false},"author":1,"featured_media":0,"parent":0,"menu_order":0,"comment_status":"closed","ping_status":"closed","template":"","meta":[],"_links":{"self":[{"href":"https:\/\/www.sisli.edu.tr\/uisbk\/2019\/tr\/wp-json\/wp\/v2\/pages\/31"}],"collection":[{"href":"https:\/\/www.sisli.edu.tr\/uisbk\/2019\/tr\/wp-json\/wp\/v2\/pages"}],"about":[{"href":"https:\/\/www.sisli.edu.tr\/uisbk\/2019\/tr\/wp-json\/wp\/v2\/types\/page"}],"author":[{"embeddable":true,"href":"https:\/\/www.sisli.edu.tr\/uisbk\/2019\/tr\/wp-json\/wp\/v2\/users\/1"}],"replies":[{"embeddable":true,"href":"https:\/\/www.sisli.edu.tr\/uisbk\/2019\/tr\/wp-json\/wp\/v2\/comments?post=31"}],"version-history":[{"count":17,"href":"https:\/\/www.sisli.edu.tr\/uisbk\/2019\/tr\/wp-json\/wp\/v2\/pages\/31\/revisions"}],"predecessor-version":[{"id":460,"href":"https:\/\/www.sisli.edu.tr\/uisbk\/2019\/tr\/wp-json\/wp\/v2\/pages\/31\/revisions\/460"}],"wp:attachment":[{"href":"https:\/\/www.sisli.edu.tr\/uisbk\/2019\/tr\/wp-json\/wp\/v2\/media?parent=31"}],"curies":[{"name":"wp","href":"https:\/\/api.w.org\/{rel}","templated":true}]}}