{"id":28,"date":"2019-02-25T12:44:04","date_gmt":"2019-02-25T12:44:04","guid":{"rendered":"http:\/\/www.sisli.edu.tr\/uisbk\/2019\/tr\/?page_id=28"},"modified":"2019-08-27T12:07:09","modified_gmt":"2019-08-27T12:07:09","slug":"tam-metin-gonder","status":"publish","type":"page","link":"https:\/\/www.sisli.edu.tr\/uisbk\/2019\/tr\/tam-metin-gonder\/","title":{"rendered":"Tam Metin G\u00f6nder"},"content":{"rendered":"\r\n<div class=\"caldera-grid\" id=\"caldera_form_1\" data-cf-ver=\"1.8.1\" data-cf-form-id=\"CF5c813d298087c\"><div id=\"caldera_notices_1\" data-spinner=\"https:\/\/www.sisli.edu.tr\/uisbk\/2019\/tr\/wp-admin\/images\/spinner.gif\"><\/div><form data-instance=\"1\" class=\"CF5c813d298087c caldera_forms_form cfajax-trigger\" method=\"POST\" enctype=\"multipart\/form-data\" id=\"CF5c813d298087c_1\" data-form-id=\"CF5c813d298087c\" aria-label=\"Tam Metin G&ouml;nder\" data-target=\"#caldera_notices_1\" data-template=\"#cfajax_CF5c813d298087c-tmpl\" data-cfajax=\"CF5c813d298087c\" data-load-element=\"_parent\" data-load-class=\"cf_processing\" data-post-disable=\"0\" data-action=\"cf_process_ajax_submit\" data-request=\"https:\/\/www.sisli.edu.tr\/uisbk\/2019\/tr\/cf-api\/CF5c813d298087c\" data-hiderows=\"true\">\r\n<input type=\"hidden\" id=\"_cf_verify_CF5c813d298087c\" name=\"_cf_verify\" value=\"6b674de0a0\"  data-nonce-time=\"1775730107\" \/><input type=\"hidden\" name=\"_wp_http_referer\" value=\"\/uisbk\/2019\/tr\/wp-json\/wp\/v2\/pages\/28\" \/><div id=\"cf2-CF5c813d298087c_1\"><\/div><input type=\"hidden\" name=\"_cf_frm_id\" value=\"CF5c813d298087c\">\r\n<input type=\"hidden\" name=\"_cf_frm_ct\" value=\"1\">\r\n<input type=\"hidden\" name=\"cfajax\" value=\"CF5c813d298087c\">\r\n<input type=\"hidden\" name=\"_cf_cr_pst\" value=\"28\">\r\n<div class=\"hide\" style=\"display:none; overflow:hidden;height:0;width:0;\">\r\n<label>Order Number<\/label><input type=\"text\" name=\"order_number\" value=\"\" autocomplete=\"off\">\r\n<\/div><div id=\"CF5c813d298087c_1-row-1\"  class=\"row  first_row\"><div  class=\"col-sm-12  single\"><div data-field-wrapper=\"fld_4546806\" class=\"form-group\" id=\"fld_4546806_1-wrap\">\r\n\t<label id=\"fld_4546806Label\" for=\"fld_4546806_1\" class=\"control-label\">Ad\u0131n\u0131z Soyad\u0131n\u0131z <span aria-hidden=\"true\" role=\"presentation\" class=\"field_required\" style=\"color:#ee0000;\">*<\/span><\/label>\r\n\t<div class=\"\">\r\n\t\t<input   required type=\"text\" data-field=\"fld_4546806\" class=\" form-control\" id=\"fld_4546806_1\" name=\"fld_4546806\" value=\"\" data-type=\"text\" aria-required=\"true\"   aria-labelledby=\"fld_4546806Label\" >\t\t\t<\/div>\r\n<\/div>\r\n<\/div><\/div><div id=\"CF5c813d298087c_1-row-2\"  class=\"row \"><div  class=\"col-sm-6  first_col\"><div data-field-wrapper=\"fld_3018197\" class=\"form-group\" id=\"fld_3018197_1-wrap\">\r\n\t<label id=\"fld_3018197Label\" for=\"fld_3018197_1\" class=\"control-label\">Eposta <span aria-hidden=\"true\" role=\"presentation\" class=\"field_required\" style=\"color:#ee0000;\">*<\/span><\/label>\r\n\t<div class=\"\">\r\n\t\t<input   required type=\"email\" data-field=\"fld_3018197\" class=\" form-control\" id=\"fld_3018197_1\" name=\"fld_3018197\" value=\"\" data-type=\"email\" aria-required=\"true\"   aria-labelledby=\"fld_3018197Label\" >\t\t\t<\/div>\r\n<\/div>\r\n<\/div><div  class=\"col-sm-6  last_col\"><div data-field-wrapper=\"fld_699500\" class=\"form-group\" id=\"fld_699500_1-wrap\">\r\n\t<label id=\"fld_699500Label\" for=\"fld_699500_1\" class=\"control-label\">Telefonunuz <span aria-hidden=\"true\" role=\"presentation\" class=\"field_required\" style=\"color:#ee0000;\">*<\/span><\/label>\r\n\t<div class=\"\">\r\n\t\t<input   required type=\"tel\" data-field=\"fld_699500\" class=\" form-control\" id=\"fld_699500_1\" name=\"fld_699500\" value=\"\" data-type=\"phone_better\" aria-required=\"true\"   aria-labelledby=\"fld_699500Label\" >\t\t\t<\/div>\r\n<\/div>\r\n<\/div><\/div><div id=\"CF5c813d298087c_1-row-3\"  class=\"row \"><div  class=\"col-sm-6  first_col\"><div data-field-wrapper=\"fld_5447478\" class=\"form-group\" id=\"fld_5447478_1-wrap\">\r\n\t<label id=\"fld_5447478Label\" for=\"fld_5447478_1\" class=\"control-label\">Bildiri Ba\u015fl\u0131\u011f\u0131 <span aria-hidden=\"true\" role=\"presentation\" class=\"field_required\" style=\"color:#ee0000;\">*<\/span><\/label>\r\n\t<div class=\"\">\r\n\t\t<input   required type=\"text\" data-field=\"fld_5447478\" class=\" form-control\" id=\"fld_5447478_1\" name=\"fld_5447478\" value=\"\" data-type=\"text\" aria-required=\"true\"   aria-labelledby=\"fld_5447478Label\" >\t\t\t<\/div>\r\n<\/div>\r\n<div data-field-wrapper=\"fld_2488615\" class=\"form-group\" id=\"fld_2488615_1-wrap\">\r\n\t<label id=\"fld_2488615Label\" for=\"fld_2488615_1\" class=\"control-label\">T\u00fcrk\u00e7e \u00d6zet <span aria-hidden=\"true\" role=\"presentation\" class=\"field_required\" style=\"color:#ee0000;\">*<\/span><\/label>\r\n\t<div class=\"\">\r\n\t\t<textarea name=\"fld_2488615\" value=\"\" data-field=\"fld_2488615\" class=\"form-control\" id=\"fld_2488615_1\" rows=\"4\"  required=\"required\"  aria-labelledby=\"fld_2488615Label\" ><\/textarea>\n\t\t\t<\/div>\r\n<\/div>\r\n<\/div><div  class=\"col-sm-6  last_col\"><div data-field-wrapper=\"fld_4864296\" class=\"form-group\" id=\"fld_4864296_1-wrap\">\r\n\t<label id=\"fld_4864296Label\" for=\"fld_4864296_1\" class=\"control-label\">\u0130ngilizce Bildiri Ba\u015fl\u0131\u011f\u0131 <span aria-hidden=\"true\" role=\"presentation\" class=\"field_required\" style=\"color:#ee0000;\">*<\/span><\/label>\r\n\t<div class=\"\">\r\n\t\t<input   required type=\"text\" data-field=\"fld_4864296\" class=\" form-control\" id=\"fld_4864296_1\" name=\"fld_4864296\" value=\"\" data-type=\"text\" aria-required=\"true\"   aria-labelledby=\"fld_4864296Label\" >\t\t\t<\/div>\r\n<\/div>\r\n<div data-field-wrapper=\"fld_3248390\" class=\"form-group\" id=\"fld_3248390_1-wrap\">\r\n\t<label id=\"fld_3248390Label\" for=\"fld_3248390_1\" class=\"control-label\">\u0130ngilizce \u00d6zet <span aria-hidden=\"true\" role=\"presentation\" class=\"field_required\" style=\"color:#ee0000;\">*<\/span><\/label>\r\n\t<div class=\"\">\r\n\t\t<textarea name=\"fld_3248390\" value=\"\" data-field=\"fld_3248390\" class=\"form-control\" id=\"fld_3248390_1\" rows=\"4\"  required=\"required\"  aria-labelledby=\"fld_3248390Label\" ><\/textarea>\n\t\t\t<\/div>\r\n<\/div>\r\n<\/div><\/div><div id=\"CF5c813d298087c_1-row-4\"  class=\"row  last_row\"><div  class=\"col-sm-6  first_col\"><div data-field-wrapper=\"fld_3384001\" class=\"form-group\" id=\"fld_3384001_1-wrap\">\r\n\t<label id=\"fld_3384001Label\" for=\"fld_3384001_1\" class=\"control-label\">Anahtar Kelimeler <span aria-hidden=\"true\" role=\"presentation\" class=\"field_required\" style=\"color:#ee0000;\">*<\/span><\/label>\r\n\t<div class=\"\">\r\n\t\t<input   required type=\"text\" data-field=\"fld_3384001\" class=\" form-control\" id=\"fld_3384001_1\" name=\"fld_3384001\" value=\"\" data-type=\"text\" aria-required=\"true\"   aria-labelledby=\"fld_3384001Label\" >\t\t\t<\/div>\r\n<\/div>\r\n<div data-field-wrapper=\"fld_1143723\" class=\"form-group\" id=\"fld_1143723_1-wrap\">\r\n\t<label id=\"fld_1143723Label\" for=\"fld_1143723_1\" class=\"control-label\">Dosya<\/label>\r\n\t<div class=\"file-prevent-overflow\">\r\n\t\t<div id=\"fld_1143723_1_file_list\" class=\"cf-multi-uploader-list\"><\/div>\n\t\t\t\t<input type=\"file\" name=\"fld_1143723\" value=\"\" data-field=\"fld_1143723\" class=\"\" id=\"fld_1143723_1\" data-controlid=\"trupl69d77dbbedba7\"      aria-labelledby=\"fld_1143723Label\">\n\t\t<input type=\"hidden\" name=\"fld_1143723\" value=\"trupl69d77dbbedba7\">\n\t\t\t<\/div>\r\n<\/div>\r\n<\/div><div  class=\"col-sm-6  last_col\"><div data-field-wrapper=\"fld_9684313\" class=\"form-group\" id=\"fld_9684313_1-wrap\">\r\n\t<label id=\"fld_9684313Label\" for=\"fld_9684313_1\" class=\"control-label\">Keywords <span aria-hidden=\"true\" role=\"presentation\" class=\"field_required\" style=\"color:#ee0000;\">*<\/span><\/label>\r\n\t<div class=\"\">\r\n\t\t<input   required type=\"text\" data-field=\"fld_9684313\" class=\" form-control\" id=\"fld_9684313_1\" name=\"fld_9684313\" value=\"\" data-type=\"text\" aria-required=\"true\"   aria-labelledby=\"fld_9684313Label\" >\t\t\t<\/div>\r\n<\/div>\r\n<div data-field-wrapper=\"fld_7604199\" class=\"form-group\" id=\"fld_7604199_1-wrap\">\r\n<div class=\"\">\r\n\t<input  class=\"btn btn-success\" type=\"submit\" name=\"fld_7604199\" id=\"fld_7604199_1\" value=\"G\u00f6nder\" data-field=\"fld_7604199\"  >\n<\/div>\r\n<\/div>\r\n\t<input class=\"button_trigger_1\" type=\"hidden\" name=\"fld_7604199\" id=\"fld_7604199_1_btn\" value=\"\" data-field=\"fld_7604199\"  \/>\n<\/div><\/div><\/form>\r\n<\/div>\r\n\r\n ","protected":false},"excerpt":{"rendered":"","protected":false},"author":1,"featured_media":0,"parent":0,"menu_order":0,"comment_status":"closed","ping_status":"closed","template":"","meta":[],"_links":{"self":[{"href":"https:\/\/www.sisli.edu.tr\/uisbk\/2019\/tr\/wp-json\/wp\/v2\/pages\/28"}],"collection":[{"href":"https:\/\/www.sisli.edu.tr\/uisbk\/2019\/tr\/wp-json\/wp\/v2\/pages"}],"about":[{"href":"https:\/\/www.sisli.edu.tr\/uisbk\/2019\/tr\/wp-json\/wp\/v2\/types\/page"}],"author":[{"embeddable":true,"href":"https:\/\/www.sisli.edu.tr\/uisbk\/2019\/tr\/wp-json\/wp\/v2\/users\/1"}],"replies":[{"embeddable":true,"href":"https:\/\/www.sisli.edu.tr\/uisbk\/2019\/tr\/wp-json\/wp\/v2\/comments?post=28"}],"version-history":[{"count":4,"href":"https:\/\/www.sisli.edu.tr\/uisbk\/2019\/tr\/wp-json\/wp\/v2\/pages\/28\/revisions"}],"predecessor-version":[{"id":373,"href":"https:\/\/www.sisli.edu.tr\/uisbk\/2019\/tr\/wp-json\/wp\/v2\/pages\/28\/revisions\/373"}],"wp:attachment":[{"href":"https:\/\/www.sisli.edu.tr\/uisbk\/2019\/tr\/wp-json\/wp\/v2\/media?parent=28"}],"curies":[{"name":"wp","href":"https:\/\/api.w.org\/{rel}","templated":true}]}}