{"id":23,"date":"2019-02-25T12:43:20","date_gmt":"2019-02-25T12:43:20","guid":{"rendered":"http:\/\/www.sisli.edu.tr\/uisbk\/2019\/tr\/?page_id=23"},"modified":"2019-08-27T12:09:33","modified_gmt":"2019-08-27T12:09:33","slug":"yazim-kurallari","status":"publish","type":"page","link":"https:\/\/www.sisli.edu.tr\/uisbk\/2019\/tr\/yazim-kurallari\/","title":{"rendered":"Yaz\u0131m Kurallar\u0131"},"content":{"rendered":"\r\n<ol><li>Kitap b\u00f6l\u00fcmleri geni\u015fli\u011fi 16 cm y\u00fcksekli\u011fi 24 cm olan \u00f6l\u00e7\u00fclere g\u00f6re yaz\u0131lmal\u0131d\u0131r. <\/li><li>Sayfa kenar bo\u015fluklar\u0131 sol 2,5 cm, \u00fcst- alt-sa\u011f 2 cm olarak ayarlanmal\u0131d\u0131r.<\/li><li>Metnin ana ba\u015fl\u0131\u011f\u0131 <strong>Times New Roman <\/strong>yaz\u0131 karakteri ile tamam\u0131 b\u00fcy\u00fck harflerle 14 punto ve kal\u0131n olarak yaz\u0131lmal\u0131d\u0131r. Ana ba\u015fl\u0131k sayfaya ortalanmal\u0131d\u0131r. <\/li><li>Metin ana ba\u015fl\u0131\u011f\u0131ndan sonra iki sat\u0131r bo\u015fluk b\u0131rak\u0131larak 12 punto <strong>Times New Roman <\/strong>yaz\u0131 karakteri ile yazar ad\u0131 ve soyad\u0131 yaz\u0131lmal\u0131d\u0131r. Yazar ad\u0131n\u0131n sadece ilk harfi, soyad\u0131n\u0131n ise tamam\u0131 b\u00fcy\u00fck harfle yaz\u0131lmal\u0131d\u0131r. Yazar isimleri sa\u011fa yasl\u0131 olarak yaz\u0131lmal\u0131d\u0131r. Birden fazla yazar varsa isimler yan yana yaz\u0131lmal\u0131d\u0131r. <\/li><li>Yazar\u0131n unvan\u0131, kurumu, e-mail adresi dipnot \u015feklinde 9 punto Times New Roman yaz\u0131 karakteri ile ilk sayfada belirtilmelidir.<\/li><li>Yazar adlar\u0131ndan sonra 1 sat\u0131r bo\u015fluk b\u0131rak\u0131lmal\u0131d\u0131r. <\/li><li>Metin <strong>Times New Roman <\/strong>yaz\u0131 karakteri ile 11 punto ve 1.15 sat\u0131r aral\u0131\u011f\u0131 kullan\u0131larak iki yana yasl\u0131 olarak yaz\u0131lmal\u0131d\u0131r. &nbsp;<\/li><li>Metin i\u00e7indeki Ba\u015fl\u0131klar\u0131n Yaz\u0131m\u0131<\/li><\/ol>\r\n\r\n\r\n\r\n<p>           1.derece ba\u015fl\u0131klar; sadece ilk harfler b\u00fcy\u00fck ve kal\u0131n, 14 punto, (K\u0131rm\u0131z\u0131 renk verilmesi)<\/p>\r\n\r\n\r\n\r\n<p>           2.derece ba\u015fl\u0131klar; sadece ilk harfler b\u00fcy\u00fck ve kal\u0131n, 13 punto, (Mavi renk verilmesi)<\/p>\r\n\r\n\r\n\r\n<p>           3.derece ba\u015fl\u0131klar; sadece ilk harfler b\u00fcy\u00fck ve kal\u0131n, 12 punto, (Ye\u015fil verilmesi)<\/p>\r\n\r\n\r\n\r\n<p>\tDaha alt ba\u015fl\u0131klar; sadece ilk harfler b\u00fcy\u00fck ve kal\u0131n italik, 12 punto. (Turuncu renk verilmesi)<\/p>\r\n\r\n\r\n\r\n<ol><li>Metnin ba\u015f\u0131nda \u00f6zet vermeye gerek yoktur. Konuyla ilgili bir ara ba\u015fl\u0131k ya da \u201cGiri\u015f\u201d ba\u015fl\u0131\u011f\u0131 kullan\u0131larak metne ba\u015flanabilir. <\/li><li>Paragraflar \u00f6nce 0nk, sonra 5 nk olacak \u015fekilde d\u00fczenlenmelidir.<\/li><li>Paragraf girintisi 0,5 cm olmal\u0131d\u0131r. <\/li><li>Dipnotlar 9 punto olarak verilmelidir. Dipnotlarda kaynak\u00e7a yer almamal\u0131 sadece a\u00e7\u0131klamalara yer verilmelidir. <\/li><li>Tablolar numaraland\u0131r\u0131lmal\u0131, tablo ba\u015fl\u0131\u011f\u0131 tablonun \u00fcst\u00fcnde yer almal\u0131, 11 punto ve kal\u0131n olarak yaz\u0131lmal\u0131d\u0131r. Tablo i\u00e7eri\u011fi 10 punto ve tek sat\u0131r aral\u0131\u011f\u0131nda olmal\u0131d\u0131r. &nbsp;Tablolar bir sonraki sayfaya kayarak b\u00f6l\u00fcnmemelidir. <\/li><li>\u015eekil ve grafikler numaraland\u0131r\u0131lmal\u0131, \u015fekil ve grafik adlar\u0131 alta 10 punto ve italik olarak yaz\u0131lmal\u0131d\u0131r. <\/li><li>Tablo, \u015fekil ve grafiklere metin i\u00e7inde at\u0131f yap\u0131lmal\u0131d\u0131r. (Tablo 1\u2019de, \u015eekil 2\u2019de vb. gibi)<\/li><li>Metin kaynak\u00e7a d\u00e2hil <strong>20 sayfay\u0131 ge\u00e7memelidir<\/strong>. <\/li><li>Al\u0131nt\u0131lar metin i\u00e7inde ve parantez kullan\u0131larak verilmelidir. Metin i\u00e7i at\u0131flar tek yazarl\u0131 eserlerde (Do\u011fan, 2014), &nbsp;iki yazarl\u0131 eserlerde (Do\u011fan &amp; T\u00fcrker, 2003), \u00fc\u00e7 yazarl\u0131 eserlerde (Ayd\u0131n, T\u00fcrker &amp; Do\u011fan, 2016), \u00fc\u00e7ten fazla yazarl\u0131 eserlerde ise (Sar\u0131l\u0131 &amp; ark., 2018) \u015feklinde olmal\u0131d\u0131r. Bir yazar\u0131n ayn\u0131 y\u0131l i\u00e7erisinde yay\u0131nlanan eserlerine at\u0131f yap\u0131l\u0131rken (Alkan, 2014a, 2014b) \u015feklinde verilmelidir.<\/li><\/ol>\r\n\r\n\r\n\r\n<ol><li>Kaynaklar alfabetik s\u0131raya g\u00f6re yaz\u0131lmal\u0131d\u0131r. Kullan\u0131lan t\u00fcm kaynaklar orijinal dilinde yaz\u0131lmal\u0131d\u0131r. Kaynak\u00e7a yaz\u0131m \u00f6rnekleri a\u015fa\u011f\u0131da verilmektedir. <\/li><\/ol>\r\n\r\n\r\n\r\n<p><strong>Makale: <\/strong>Yazar soyad\u0131, Yazar ad\u0131n\u0131n ba\u015f harfi. (Y\u0131l). Makalenin ba\u015fl\u0131\u011f\u0131. <em>Makalenin Yay\u0131nland\u0131\u011f\u0131 Derginin Ad\u0131, Say\u0131<\/em> (Cilt), sayfa no. Varsa Doi numaras\u0131. <br><\/p>\r\n\r\n\r\n\r\n<p><strong>Kitap: <\/strong>Yazar soyad\u0131, Yazar ad\u0131n\u0131n ba\u015f harfi. (Y\u0131l). <em>Kitab\u0131n ad\u0131<\/em>. (Bask\u0131 say\u0131s\u0131). Bas\u0131m Yeri: Yay\u0131n Evi<br><\/p>\r\n\r\n\r\n\r\n<p><strong>Kitap b\u00f6l\u00fcm\u00fc: <\/strong>Yazar soyad\u0131, Yazar ad\u0131n\u0131n ba\u015f harfi. (Y\u0131l). B\u00f6l\u00fcm ad\u0131. Edit\u00f6r\u00fcn Ad\u0131 Soyad\u0131 (Ed.), <em>Kitap ad\u0131 <\/em>i\u00e7inde (sayfa aral\u0131\u011f\u0131). &nbsp;Bas\u0131m Yeri: Yay\u0131n Evi<br><\/p>\r\n\r\n\r\n\r\n<p><strong>\u00c7eviri Kitap: <\/strong>Yazar soyad\u0131, Yazar ad\u0131n\u0131n ba\u015f harfi. (Y\u0131l). <em>Kitab\u0131n ad\u0131.<\/em> (\u00c7eviri edit\u00f6r\u00fcn\u00fcn ad\u0131 soyad\u0131, \u00c7ev. Ed.). &nbsp;Bas\u0131m Yeri: Yay\u0131n Evi<br><\/p>\r\n\r\n\r\n\r\n<p><strong>Bildiri: <\/strong>Yazar soyad\u0131, Yazar ad\u0131n\u0131n ba\u015f harfi. (Y\u0131l). Bildirinin ba\u015fl\u0131\u011f\u0131. <em>Bildirinin Sunuldu\u011fu Etkinli\u011fin Ad\u0131<\/em>, Tarih, \u015eehir, sayfa.<em> <\/em><br><\/p>\r\n\r\n\r\n\r\n<p><strong>\u0130nternet kayna\u011f\u0131: <\/strong>Kaynak (Y\u0131l). <em>Yay\u0131n ad\u0131.<\/em> (\u0130nternetten eri\u015fim tarihi ve adresi)<br><\/p>\r\n\r\n ","protected":false},"excerpt":{"rendered":"<p>Kitap b\u00f6l\u00fcmleri geni\u015fli\u011fi 16 cm y\u00fcksekli\u011fi 24 cm olan \u00f6l\u00e7\u00fclere g\u00f6re yaz\u0131lmal\u0131d\u0131r. Sayfa kenar bo\u015fluklar\u0131 sol 2,5 cm, \u00fcst- alt-sa\u011f 2 cm olarak ayarlanmal\u0131d\u0131r. Metnin ana ba\u015fl\u0131\u011f\u0131 Times New Roman yaz\u0131 karakteri ile tamam\u0131 b\u00fcy\u00fck harflerle 14 punto ve kal\u0131n olarak yaz\u0131lmal\u0131d\u0131r. Ana ba\u015fl\u0131k sayfaya ortalanmal\u0131d\u0131r. Metin ana ba\u015fl\u0131\u011f\u0131ndan sonra iki sat\u0131r bo\u015fluk b\u0131rak\u0131larak 12&hellip;<\/p>\n","protected":false},"author":1,"featured_media":0,"parent":0,"menu_order":0,"comment_status":"closed","ping_status":"closed","template":"","meta":[],"_links":{"self":[{"href":"https:\/\/www.sisli.edu.tr\/uisbk\/2019\/tr\/wp-json\/wp\/v2\/pages\/23"}],"collection":[{"href":"https:\/\/www.sisli.edu.tr\/uisbk\/2019\/tr\/wp-json\/wp\/v2\/pages"}],"about":[{"href":"https:\/\/www.sisli.edu.tr\/uisbk\/2019\/tr\/wp-json\/wp\/v2\/types\/page"}],"author":[{"embeddable":true,"href":"https:\/\/www.sisli.edu.tr\/uisbk\/2019\/tr\/wp-json\/wp\/v2\/users\/1"}],"replies":[{"embeddable":true,"href":"https:\/\/www.sisli.edu.tr\/uisbk\/2019\/tr\/wp-json\/wp\/v2\/comments?post=23"}],"version-history":[{"count":5,"href":"https:\/\/www.sisli.edu.tr\/uisbk\/2019\/tr\/wp-json\/wp\/v2\/pages\/23\/revisions"}],"predecessor-version":[{"id":378,"href":"https:\/\/www.sisli.edu.tr\/uisbk\/2019\/tr\/wp-json\/wp\/v2\/pages\/23\/revisions\/378"}],"wp:attachment":[{"href":"https:\/\/www.sisli.edu.tr\/uisbk\/2019\/tr\/wp-json\/wp\/v2\/media?parent=23"}],"curies":[{"name":"wp","href":"https:\/\/api.w.org\/{rel}","templated":true}]}}