{"id":21,"date":"2019-02-25T12:42:59","date_gmt":"2019-02-25T12:42:59","guid":{"rendered":"http:\/\/www.sisli.edu.tr\/uisbk\/2019\/tr\/?page_id=21"},"modified":"2020-03-02T14:30:23","modified_gmt":"2020-03-02T14:30:23","slug":"ucret-bilgisi","status":"publish","type":"page","link":"https:\/\/www.sisli.edu.tr\/uisbk\/2019\/tr\/ucret-bilgisi\/","title":{"rendered":"\u00dccret Bilgisi"},"content":{"rendered":"\r\n<p>1. Uluslararas\u0131 \u015ei\u015fli Bilim Kongresi&#8217;ne kat\u0131l\u0131m \u00fccretsizdir. Bildiri \u00f6zetleri \u0130stanbul \u015ei\u015fli Meslek Y\u00fcksekokulu taraf\u0131ndan bildiri \u00f6zet kitap\u00e7\u0131\u011f\u0131nda yay\u0131mlanacak ve kongre s\u0131ras\u0131nda yazarlara takdim edilecektir. Bildiri tam metinleri ise tercihe ba\u011fl\u0131 olarak uluslararas\u0131 yay\u0131nevi taraf\u0131ndan kitap b\u00f6l\u00fcm\u00fc \u015feklinde yay\u0131mlanacak ve yazarlara sunulacakt\u0131r.<\/p>\r\n\r\n\r\n\r\n<p>Hakem onay\u0131 alan bildiri tam metinlerinin uluslararas\u0131 kitap b\u00f6l\u00fcm\u00fc<\/p>\r\n<p>olarak yay\u0131mlanmas\u0131 i\u00e7in a\u015fa\u011f\u0131da belirtilen hesaba 120 TL veya 20 Euro \u00fccret \u00f6denmesi gerekmektedir. <\/p>\r\n\r\n\r\n\r\n<p>* \u00c7ok yazarl\u0131 bildirilerde de ayn\u0131 \u015fekilde her bir yazar\u0131n <br \/>120 TL veya 20 Euro \u00f6deme yapmas\u0131 gerekmektedir.\u00a0<\/p>\r\n\r\n\r\n\r\n<p>* Bilim Kurulu taraf\u0131ndan onay almayan bildiriler i\u00e7in yazarlara \u00fccretleri iade edilecektir.<\/p>\r\n\r\n\r\n\r\n<p>TR86 0013 4000 0068 2739 6000 92-EUR<br \/>TR59 0013 4000 0068 2739 6000 93-USD<br \/>TR32 0013 4000 0068 2739 6000 94-TL<br \/>Hesap \u0130smi : \u0130STANBUL \u015e\u0130\u015eL\u0130 MESLEK Y\u00dcKSEKOKULU<\/p>\r\n","protected":false},"excerpt":{"rendered":"<p>1. Uluslararas\u0131 \u015ei\u015fli Bilim Kongresi&#8217;ne kat\u0131l\u0131m \u00fccretsizdir. Bildiri \u00f6zetleri \u0130stanbul \u015ei\u015fli Meslek Y\u00fcksekokulu taraf\u0131ndan bildiri \u00f6zet kitap\u00e7\u0131\u011f\u0131nda yay\u0131mlanacak ve kongre s\u0131ras\u0131nda yazarlara takdim edilecektir. Bildiri tam metinleri ise tercihe ba\u011fl\u0131 olarak uluslararas\u0131 yay\u0131nevi taraf\u0131ndan kitap b\u00f6l\u00fcm\u00fc \u015feklinde yay\u0131mlanacak ve yazarlara sunulacakt\u0131r. Hakem onay\u0131 alan bildiri tam metinlerinin uluslararas\u0131 kitap b\u00f6l\u00fcm\u00fc olarak yay\u0131mlanmas\u0131 i\u00e7in a\u015fa\u011f\u0131da belirtilen&hellip;<\/p>\n","protected":false},"author":1,"featured_media":0,"parent":0,"menu_order":0,"comment_status":"closed","ping_status":"closed","template":"","meta":[],"_links":{"self":[{"href":"https:\/\/www.sisli.edu.tr\/uisbk\/2019\/tr\/wp-json\/wp\/v2\/pages\/21"}],"collection":[{"href":"https:\/\/www.sisli.edu.tr\/uisbk\/2019\/tr\/wp-json\/wp\/v2\/pages"}],"about":[{"href":"https:\/\/www.sisli.edu.tr\/uisbk\/2019\/tr\/wp-json\/wp\/v2\/types\/page"}],"author":[{"embeddable":true,"href":"https:\/\/www.sisli.edu.tr\/uisbk\/2019\/tr\/wp-json\/wp\/v2\/users\/1"}],"replies":[{"embeddable":true,"href":"https:\/\/www.sisli.edu.tr\/uisbk\/2019\/tr\/wp-json\/wp\/v2\/comments?post=21"}],"version-history":[{"count":11,"href":"https:\/\/www.sisli.edu.tr\/uisbk\/2019\/tr\/wp-json\/wp\/v2\/pages\/21\/revisions"}],"predecessor-version":[{"id":485,"href":"https:\/\/www.sisli.edu.tr\/uisbk\/2019\/tr\/wp-json\/wp\/v2\/pages\/21\/revisions\/485"}],"wp:attachment":[{"href":"https:\/\/www.sisli.edu.tr\/uisbk\/2019\/tr\/wp-json\/wp\/v2\/media?parent=21"}],"curies":[{"name":"wp","href":"https:\/\/api.w.org\/{rel}","templated":true}]}}