{"id":19,"date":"2019-02-25T12:42:38","date_gmt":"2019-02-25T12:42:38","guid":{"rendered":"http:\/\/www.sisli.edu.tr\/uisbk\/2019\/tr\/?page_id=19"},"modified":"2019-10-01T10:46:35","modified_gmt":"2019-10-01T10:46:35","slug":"kayit-formu","status":"publish","type":"page","link":"https:\/\/www.sisli.edu.tr\/uisbk\/2019\/tr\/kayit-formu\/","title":{"rendered":"Kay\u0131t Formu"},"content":{"rendered":"\r\n<div class=\"caldera-grid\" id=\"caldera_form_1\" data-cf-ver=\"1.8.1\" data-cf-form-id=\"CF5c8133a255236\"><div id=\"caldera_notices_1\" data-spinner=\"https:\/\/www.sisli.edu.tr\/uisbk\/2019\/tr\/wp-admin\/images\/spinner.gif\"><\/div><form data-instance=\"1\" class=\"CF5c8133a255236 caldera_forms_form cfajax-trigger\" method=\"POST\" enctype=\"multipart\/form-data\" id=\"CF5c8133a255236_1\" data-form-id=\"CF5c8133a255236\" aria-label=\"kayit\" data-target=\"#caldera_notices_1\" data-template=\"#cfajax_CF5c8133a255236-tmpl\" data-cfajax=\"CF5c8133a255236\" data-load-element=\"_parent\" data-load-class=\"cf_processing\" data-post-disable=\"0\" data-action=\"cf_process_ajax_submit\" data-request=\"https:\/\/www.sisli.edu.tr\/uisbk\/2019\/tr\/cf-api\/CF5c8133a255236\" data-hiderows=\"true\">\r\n<input type=\"hidden\" id=\"_cf_verify_CF5c8133a255236\" name=\"_cf_verify\" value=\"eabcb0f67a\"  data-nonce-time=\"1775733005\" \/><input type=\"hidden\" name=\"_wp_http_referer\" value=\"\/uisbk\/2019\/tr\/wp-json\/wp\/v2\/pages\/19\" \/><div id=\"cf2-CF5c8133a255236_1\"><\/div><input type=\"hidden\" name=\"_cf_frm_id\" value=\"CF5c8133a255236\">\r\n<input type=\"hidden\" name=\"_cf_frm_ct\" value=\"1\">\r\n<input type=\"hidden\" name=\"cfajax\" value=\"CF5c8133a255236\">\r\n<input type=\"hidden\" name=\"_cf_cr_pst\" value=\"19\">\r\n<div class=\"hide\" style=\"display:none; overflow:hidden;height:0;width:0;\">\r\n<label>Order Number<\/label><input type=\"text\" name=\"order_number\" value=\"\" autocomplete=\"off\">\r\n<\/div><div id=\"CF5c8133a255236_1-row-1\"  class=\"row  first_row\"><div  class=\"col-sm-4  first_col\"><div data-field-wrapper=\"fld_4009881\" class=\"form-group\" id=\"fld_4009881_1-wrap\">\r\n\t<label id=\"fld_4009881Label\" for=\"fld_4009881_1\" class=\"control-label\">Unvan<\/label>\r\n\t<div class=\"\">\r\n\t\t<input    type=\"text\" data-field=\"fld_4009881\" class=\" form-control\" id=\"fld_4009881_1\" name=\"fld_4009881\" value=\"\" data-type=\"text\"   aria-labelledby=\"fld_4009881Label\" >\t\t\t<\/div>\r\n<\/div>\r\n<\/div><div  class=\"col-sm-8  last_col\"><div data-field-wrapper=\"fld_1984201\" class=\"form-group\" id=\"fld_1984201_1-wrap\">\r\n\t<label id=\"fld_1984201Label\" for=\"fld_1984201_1\" class=\"control-label\">Sorumlu Yazar\u0131n Ad\u0131 Soyad\u0131:<\/label>\r\n\t<div class=\"\">\r\n\t\t<input    type=\"text\" data-field=\"fld_1984201\" class=\" form-control\" id=\"fld_1984201_1\" name=\"fld_1984201\" value=\"\" data-type=\"text\"   aria-labelledby=\"fld_1984201Label\" >\t\t\t<\/div>\r\n<\/div>\r\n<\/div><\/div><div id=\"CF5c8133a255236_1-row-2\"  class=\"row \"><div  class=\"col-sm-6  first_col\"><div data-field-wrapper=\"fld_1619009\" class=\"form-group\" id=\"fld_1619009_1-wrap\">\r\n\t<label id=\"fld_1619009Label\" for=\"fld_1619009_1\" class=\"control-label\">Yazar\u0131n Kurum Bilgisi<\/label>\r\n\t<div class=\"\">\r\n\t\t<input    type=\"text\" data-field=\"fld_1619009\" class=\" form-control\" id=\"fld_1619009_1\" name=\"fld_1619009\" value=\"\" data-type=\"text\"   aria-labelledby=\"fld_1619009Label\" >\t\t\t<\/div>\r\n<\/div>\r\n<\/div><div  class=\"col-sm-6  last_col\"><div data-field-wrapper=\"fld_1668106\" class=\"form-group\" id=\"fld_1668106_1-wrap\">\r\n\t<label id=\"fld_1668106Label\" for=\"fld_1668106_1\" class=\"control-label\">\u00dclke<\/label>\r\n\t<div class=\"\">\r\n\t\t<input    type=\"text\" data-field=\"fld_1668106\" class=\" form-control\" id=\"fld_1668106_1\" name=\"fld_1668106\" value=\"\" data-type=\"text\"   aria-labelledby=\"fld_1668106Label\" >\t\t\t<\/div>\r\n<\/div>\r\n<\/div><\/div><div id=\"CF5c8133a255236_1-row-3\"  class=\"row \"><div  class=\"col-sm-6  first_col\"><div data-field-wrapper=\"fld_7516928\" class=\"form-group\" id=\"fld_7516928_1-wrap\">\r\n\t<label id=\"fld_7516928Label\" for=\"fld_7516928_1\" class=\"control-label\">Telefon<\/label>\r\n\t<div class=\"\">\r\n\t\t<input    type=\"tel\" data-field=\"fld_7516928\" class=\" form-control\" id=\"fld_7516928_1\" name=\"fld_7516928\" value=\"\" data-type=\"phone_better\"   aria-labelledby=\"fld_7516928Label\" >\t\t\t<\/div>\r\n<\/div>\r\n<\/div><div  class=\"col-sm-6  last_col\"><div data-field-wrapper=\"fld_3071338\" class=\"form-group\" id=\"fld_3071338_1-wrap\">\r\n\t<label id=\"fld_3071338Label\" for=\"fld_3071338_1\" class=\"control-label\">Eposta<\/label>\r\n\t<div class=\"\">\r\n\t\t<input    type=\"email\" data-field=\"fld_3071338\" class=\" form-control\" id=\"fld_3071338_1\" name=\"fld_3071338\" value=\"\" data-type=\"email\"   aria-labelledby=\"fld_3071338Label\" >\t\t\t<\/div>\r\n<\/div>\r\n<\/div><\/div><div id=\"CF5c8133a255236_1-row-4\"  class=\"row \"><div  class=\"col-sm-6  first_col\"><div data-field-wrapper=\"fld_9636627\" class=\"form-group\" id=\"fld_9636627_1-wrap\">\r\n\t<label id=\"fld_9636627Label\" for=\"fld_9636627_1\" class=\"control-label\">Varsa \u0130kinci Yazar\u0131n Ad\u0131 Soyad\u0131<\/label>\r\n\t<div class=\"\">\r\n\t\t<input    type=\"text\" data-field=\"fld_9636627\" class=\" form-control\" id=\"fld_9636627_1\" name=\"fld_9636627\" value=\"\" data-type=\"text\"   aria-labelledby=\"fld_9636627Label\" >\t\t\t<\/div>\r\n<\/div>\r\n<div data-field-wrapper=\"fld_3117503\" class=\"form-group\" id=\"fld_3117503_1-wrap\">\r\n\t<label id=\"fld_3117503Label\" for=\"fld_3117503_1\" class=\"control-label\">Kurumu<\/label>\r\n\t<div class=\"\">\r\n\t\t<input    type=\"text\" data-field=\"fld_3117503\" class=\" form-control\" id=\"fld_3117503_1\" name=\"fld_3117503\" value=\"\" data-type=\"text\"   aria-labelledby=\"fld_3117503Label\" >\t\t\t<\/div>\r\n<\/div>\r\n<\/div><div  class=\"col-sm-6  last_col\"><div data-field-wrapper=\"fld_2563129\" class=\"form-group\" id=\"fld_2563129_1-wrap\">\r\n\t<label id=\"fld_2563129Label\" for=\"fld_2563129_1\" class=\"control-label\">Varsa \u00dc\u00e7\u00fcnc\u00fc Yazar\u0131n Ad\u0131 Soyad\u0131<\/label>\r\n\t<div class=\"\">\r\n\t\t<input    type=\"text\" data-field=\"fld_2563129\" class=\" form-control\" id=\"fld_2563129_1\" name=\"fld_2563129\" value=\"\" data-type=\"text\"   aria-labelledby=\"fld_2563129Label\" >\t\t\t<\/div>\r\n<\/div>\r\n<div data-field-wrapper=\"fld_6260449\" class=\"form-group\" id=\"fld_6260449_1-wrap\">\r\n\t<label id=\"fld_6260449Label\" for=\"fld_6260449_1\" class=\"control-label\">Kurumu<\/label>\r\n\t<div class=\"\">\r\n\t\t<input    type=\"text\" data-field=\"fld_6260449\" class=\" form-control\" id=\"fld_6260449_1\" name=\"fld_6260449\" value=\"\" data-type=\"text\"   aria-labelledby=\"fld_6260449Label\" >\t\t\t<\/div>\r\n<\/div>\r\n<\/div><\/div><div id=\"CF5c8133a255236_1-row-5\"  class=\"row \"><div  class=\"col-sm-6  first_col\"><div data-field-wrapper=\"fld_802107\" class=\"form-group\" id=\"fld_802107_1-wrap\">\r\n\t<label id=\"fld_802107Label\" for=\"fld_802107_1\" class=\"control-label\">Sunum Dili<\/label>\r\n\t<div class=\"\">\r\n\t\t<select name=\"fld_802107\" value=\"\" data-field=\"fld_802107\" class=\"form-control\" id=\"fld_802107_1\"    aria-labelledby=\"fld_802107Label\" >\n\t\t<option value=\"\"><\/option>\r\n\t\t\t\t\t<option value=\"T\u00fcrk\u00e7e\"  data-calc-value=\"T\u00fcrk\u00e7e\" >\n\t\t\t\t\t\tT\u00fcrk\u00e7e\t\t\t\t\t<\/option>\n\t\t\t\t\t\t\t\t\t\t<option value=\"ingilizce\"  data-calc-value=\"ingilizce\" >\n\t\t\t\t\t\tingilizce\t\t\t\t\t<\/option>\n\t\t\t\t\t\t\t<\/select>\n\t\t\t<\/div>\r\n<\/div>\r\n<\/div><div  class=\"col-sm-6  last_col\"><div data-field-wrapper=\"fld_6340685\" class=\"form-group\" id=\"fld_6340685_1-wrap\">\r\n\t<label id=\"fld_6340685Label\" for=\"fld_6340685_1\" class=\"control-label\">Kongreye Kat\u0131l\u0131m \u015eekliniz<\/label>\r\n\t<div class=\"\">\r\n\t\t<select name=\"fld_6340685\" value=\"\" data-field=\"fld_6340685\" class=\"form-control\" id=\"fld_6340685_1\"    aria-labelledby=\"fld_6340685Label\" >\n\t\t<option value=\"\"><\/option>\r\n\t\t\t\t\t<option value=\"S\u00f6zl\u00fc Sunum\"  data-calc-value=\"S\u00f6zl\u00fc Sunum\" >\n\t\t\t\t\t\tS\u00f6zl\u00fc Sunum\t\t\t\t\t<\/option>\n\t\t\t\t\t\t\t\t\t\t<option value=\"Sanal Oturum Sunumu\"  data-calc-value=\"Sanal Oturum Sunumu\" >\n\t\t\t\t\t\tSanal Oturum Sunumu\t\t\t\t\t<\/option>\n\t\t\t\t\t\t\t\t\t\t<option value=\"Poster Sunumu\"  data-calc-value=\"Poster Sunumu\" >\n\t\t\t\t\t\tPoster Sunumu\t\t\t\t\t<\/option>\n\t\t\t\t\t\t\t<\/select>\n\t\t\t<\/div>\r\n<\/div>\r\n<\/div><\/div><div id=\"CF5c8133a255236_1-row-6\"  class=\"row \"><div  class=\"col-sm-6  first_col\"><div data-field-wrapper=\"fld_2232163\" class=\"form-group\" id=\"fld_2232163_1-wrap\">\r\n\t<label id=\"fld_2232163Label\" for=\"fld_2232163_1\" class=\"control-label\">\u0130ngilizce Bildiri Ba\u015fl\u0131\u011f\u0131<\/label>\r\n\t<div class=\"\">\r\n\t\t<input    type=\"text\" data-field=\"fld_2232163\" class=\" form-control\" id=\"fld_2232163_1\" name=\"fld_2232163\" value=\"\" data-type=\"text\"   aria-labelledby=\"fld_2232163Label\" >\t\t\t<\/div>\r\n<\/div>\r\n<\/div><div  class=\"col-sm-6  last_col\"><div data-field-wrapper=\"fld_9060312\" class=\"form-group\" id=\"fld_9060312_1-wrap\">\r\n\t<label id=\"fld_9060312Label\" for=\"fld_9060312_1\" class=\"control-label\">T\u00fcrk\u00e7e Bildiri Ba\u015fl\u0131\u011f\u0131<\/label>\r\n\t<div class=\"\">\r\n\t\t<input    type=\"text\" data-field=\"fld_9060312\" class=\" form-control\" id=\"fld_9060312_1\" name=\"fld_9060312\" value=\"\" data-type=\"text\"   aria-labelledby=\"fld_9060312Label\" >\t\t\t<\/div>\r\n<\/div>\r\n<\/div><\/div><div id=\"CF5c8133a255236_1-row-7\"  class=\"row  last_row\"><div  class=\"col-sm-12  single\"><div data-field-wrapper=\"fld_2906066\" class=\"form-group\" id=\"fld_2906066_1-wrap\">\r\n<div class=\"\">\r\n\t<input  class=\"btn btn-default\" type=\"submit\" name=\"fld_2906066\" id=\"fld_2906066_1\" value=\"G\u00f6nder\" data-field=\"fld_2906066\"  >\n<\/div>\r\n<\/div>\r\n\t<input class=\"button_trigger_1\" type=\"hidden\" name=\"fld_2906066\" id=\"fld_2906066_1_btn\" value=\"\" data-field=\"fld_2906066\"  \/>\n<\/div><\/div><\/form>\r\n<\/div>\r\n\r\n","protected":false},"excerpt":{"rendered":"","protected":false},"author":1,"featured_media":0,"parent":0,"menu_order":0,"comment_status":"closed","ping_status":"closed","template":"","meta":[],"_links":{"self":[{"href":"https:\/\/www.sisli.edu.tr\/uisbk\/2019\/tr\/wp-json\/wp\/v2\/pages\/19"}],"collection":[{"href":"https:\/\/www.sisli.edu.tr\/uisbk\/2019\/tr\/wp-json\/wp\/v2\/pages"}],"about":[{"href":"https:\/\/www.sisli.edu.tr\/uisbk\/2019\/tr\/wp-json\/wp\/v2\/types\/page"}],"author":[{"embeddable":true,"href":"https:\/\/www.sisli.edu.tr\/uisbk\/2019\/tr\/wp-json\/wp\/v2\/users\/1"}],"replies":[{"embeddable":true,"href":"https:\/\/www.sisli.edu.tr\/uisbk\/2019\/tr\/wp-json\/wp\/v2\/comments?post=19"}],"version-history":[{"count":5,"href":"https:\/\/www.sisli.edu.tr\/uisbk\/2019\/tr\/wp-json\/wp\/v2\/pages\/19\/revisions"}],"predecessor-version":[{"id":463,"href":"https:\/\/www.sisli.edu.tr\/uisbk\/2019\/tr\/wp-json\/wp\/v2\/pages\/19\/revisions\/463"}],"wp:attachment":[{"href":"https:\/\/www.sisli.edu.tr\/uisbk\/2019\/tr\/wp-json\/wp\/v2\/media?parent=19"}],"curies":[{"name":"wp","href":"https:\/\/api.w.org\/{rel}","templated":true}]}}