{"id":115,"date":"2019-03-08T06:29:55","date_gmt":"2019-03-08T06:29:55","guid":{"rendered":"http:\/\/www.sisli.edu.tr\/uisbk\/2019\/tr\/?page_id=115"},"modified":"2019-10-15T11:33:15","modified_gmt":"2019-10-15T11:33:15","slug":"kongre-yeri","status":"publish","type":"page","link":"https:\/\/www.sisli.edu.tr\/uisbk\/2019\/tr\/kongre-yeri\/","title":{"rendered":"Kongre Yeri"},"content":{"rendered":"\r\n<ul class=\"wp-block-gallery columns-3 is-cropped\">\r\n<li style=\"list-style-type: none;\">\r\n<ul class=\"wp-block-gallery columns-3 is-cropped\">\r\n<li class=\"blocks-gallery-item\">\r\n<figure><img loading=\"lazy\" width=\"1024\" height=\"683\" class=\"wp-image-186\" src=\"\/\/www.sisli.edu.tr\/uisbk\/2019\/tr\/wp-content\/uploads\/2019\/04\/Gen\u00e7lik-Otob\u00fcs-1024x683.jpg\" alt=\"\" data-id=\"186\" data-link=\"\/\/www.sisli.edu.tr\/uisbk\/2019\/tr\/kongre-yeri\/genclik-otobus\/\" srcset=\"https:\/\/www.sisli.edu.tr\/uisbk\/2019\/tr\/wp-content\/uploads\/2019\/04\/Gen\u00e7lik-Otob\u00fcs-1024x683.jpg 1024w, https:\/\/www.sisli.edu.tr\/uisbk\/2019\/tr\/wp-content\/uploads\/2019\/04\/Gen\u00e7lik-Otob\u00fcs-300x200.jpg 300w, https:\/\/www.sisli.edu.tr\/uisbk\/2019\/tr\/wp-content\/uploads\/2019\/04\/Gen\u00e7lik-Otob\u00fcs-768x512.jpg 768w\" sizes=\"(max-width: 1024px) 100vw, 1024px\" \/><\/figure>\r\n<\/li>\r\n<li class=\"blocks-gallery-item\">\r\n<figure><img loading=\"lazy\" width=\"1024\" height=\"683\" class=\"wp-image-185\" src=\"\/\/www.sisli.edu.tr\/uisbk\/2019\/tr\/wp-content\/uploads\/2019\/04\/9B4A5781-1024x683.jpg\" alt=\"\" data-id=\"185\" data-link=\"\/\/www.sisli.edu.tr\/uisbk\/2019\/tr\/kongre-yeri\/9b4a5781\/\" srcset=\"https:\/\/www.sisli.edu.tr\/uisbk\/2019\/tr\/wp-content\/uploads\/2019\/04\/9B4A5781-1024x683.jpg 1024w, https:\/\/www.sisli.edu.tr\/uisbk\/2019\/tr\/wp-content\/uploads\/2019\/04\/9B4A5781-300x200.jpg 300w, https:\/\/www.sisli.edu.tr\/uisbk\/2019\/tr\/wp-content\/uploads\/2019\/04\/9B4A5781-768x512.jpg 768w\" sizes=\"(max-width: 1024px) 100vw, 1024px\" \/><\/figure>\r\n<\/li>\r\n<li class=\"blocks-gallery-item\">\r\n<figure><img loading=\"lazy\" width=\"1024\" height=\"683\" class=\"wp-image-163\" src=\"\/\/www.sisli.edu.tr\/uisbk\/2019\/tr\/wp-content\/uploads\/2019\/04\/Sa\u011fl\u0131k-Y\u00f6netimi-Seminer-Foto\u011fraflar-1024x683.jpg\" alt=\"\" data-id=\"163\" data-link=\"\/\/www.sisli.edu.tr\/uisbk\/2019\/tr\/kongre-yeri\/saglik-yonetimi-seminer-fotograflar\/\" srcset=\"https:\/\/www.sisli.edu.tr\/uisbk\/2019\/tr\/wp-content\/uploads\/2019\/04\/Sa\u011fl\u0131k-Y\u00f6netimi-Seminer-Foto\u011fraflar-1024x683.jpg 1024w, https:\/\/www.sisli.edu.tr\/uisbk\/2019\/tr\/wp-content\/uploads\/2019\/04\/Sa\u011fl\u0131k-Y\u00f6netimi-Seminer-Foto\u011fraflar-300x200.jpg 300w, https:\/\/www.sisli.edu.tr\/uisbk\/2019\/tr\/wp-content\/uploads\/2019\/04\/Sa\u011fl\u0131k-Y\u00f6netimi-Seminer-Foto\u011fraflar-768x512.jpg 768w\" sizes=\"(max-width: 1024px) 100vw, 1024px\" \/><\/figure>\r\n<\/li>\r\n<li class=\"blocks-gallery-item\">\r\n<figure><img loading=\"lazy\" width=\"1024\" height=\"683\" class=\"wp-image-190\" src=\"\/\/www.sisli.edu.tr\/uisbk\/2019\/tr\/wp-content\/uploads\/2019\/04\/Hairist-Kuaf\u00f6rl\u00fck-ve-Kariyer-G\u00fcn\u00fc1-1024x683.jpg\" alt=\"\" data-id=\"190\" data-link=\"\/\/www.sisli.edu.tr\/uisbk\/2019\/tr\/kongre-yeri\/hairist-kuaforluk-ve-kariyer-gunu1\/\" srcset=\"https:\/\/www.sisli.edu.tr\/uisbk\/2019\/tr\/wp-content\/uploads\/2019\/04\/Hairist-Kuaf\u00f6rl\u00fck-ve-Kariyer-G\u00fcn\u00fc1-1024x683.jpg 1024w, https:\/\/www.sisli.edu.tr\/uisbk\/2019\/tr\/wp-content\/uploads\/2019\/04\/Hairist-Kuaf\u00f6rl\u00fck-ve-Kariyer-G\u00fcn\u00fc1-300x200.jpg 300w, https:\/\/www.sisli.edu.tr\/uisbk\/2019\/tr\/wp-content\/uploads\/2019\/04\/Hairist-Kuaf\u00f6rl\u00fck-ve-Kariyer-G\u00fcn\u00fc1-768x512.jpg 768w\" sizes=\"(max-width: 1024px) 100vw, 1024px\" \/><\/figure>\r\n<\/li>\r\n<\/ul>\r\n<\/li>\r\n<\/ul>\r\n<ul class=\"wp-block-gallery columns-3 is-cropped\">\r\n<li class=\"blocks-gallery-item\">\r\n<figure><img loading=\"lazy\" width=\"1024\" height=\"683\" class=\"wp-image-164\" src=\"\/\/www.sisli.edu.tr\/uisbk\/2019\/tr\/wp-content\/uploads\/2019\/04\/Tohum-Otizm-Etkinli\u011fi-1024x683.jpg\" alt=\"\" data-id=\"164\" data-link=\"\/\/www.sisli.edu.tr\/uisbk\/2019\/tr\/kongre-yeri\/tohum-otizm-etkinligi\/\" srcset=\"https:\/\/www.sisli.edu.tr\/uisbk\/2019\/tr\/wp-content\/uploads\/2019\/04\/Tohum-Otizm-Etkinli\u011fi-1024x683.jpg 1024w, https:\/\/www.sisli.edu.tr\/uisbk\/2019\/tr\/wp-content\/uploads\/2019\/04\/Tohum-Otizm-Etkinli\u011fi-300x200.jpg 300w, https:\/\/www.sisli.edu.tr\/uisbk\/2019\/tr\/wp-content\/uploads\/2019\/04\/Tohum-Otizm-Etkinli\u011fi-768x512.jpg 768w\" sizes=\"(max-width: 1024px) 100vw, 1024px\" \/><\/figure>\r\n<\/li>\r\n<li class=\"blocks-gallery-item\">\r\n<figure><img loading=\"lazy\" width=\"965\" height=\"546\" class=\"wp-image-165\" src=\"\/\/www.sisli.edu.tr\/uisbk\/2019\/tr\/wp-content\/uploads\/2019\/04\/3.jpg\" alt=\"\" data-id=\"165\" data-link=\"\/\/www.sisli.edu.tr\/uisbk\/2019\/tr\/kongre-yeri\/attachment\/3\/\" srcset=\"https:\/\/www.sisli.edu.tr\/uisbk\/2019\/tr\/wp-content\/uploads\/2019\/04\/3.jpg 965w, https:\/\/www.sisli.edu.tr\/uisbk\/2019\/tr\/wp-content\/uploads\/2019\/04\/3-300x170.jpg 300w, https:\/\/www.sisli.edu.tr\/uisbk\/2019\/tr\/wp-content\/uploads\/2019\/04\/3-768x435.jpg 768w\" sizes=\"(max-width: 965px) 100vw, 965px\" \/><\/figure>\r\n<\/li>\r\n<li class=\"blocks-gallery-item\">\r\n<figure><img loading=\"lazy\" width=\"1024\" height=\"683\" class=\"wp-image-191\" src=\"\/\/www.sisli.edu.tr\/uisbk\/2019\/tr\/wp-content\/uploads\/2019\/04\/Hairist-Kuaf\u00f6rl\u00fck-ve-Kariyer-G\u00fcn\u00fc2-1024x683.jpg\" alt=\"\" data-id=\"191\" data-link=\"\/\/www.sisli.edu.tr\/uisbk\/2019\/tr\/kongre-yeri\/hairist-kuaforluk-ve-kariyer-gunu2\/\" srcset=\"https:\/\/www.sisli.edu.tr\/uisbk\/2019\/tr\/wp-content\/uploads\/2019\/04\/Hairist-Kuaf\u00f6rl\u00fck-ve-Kariyer-G\u00fcn\u00fc2-1024x683.jpg 1024w, https:\/\/www.sisli.edu.tr\/uisbk\/2019\/tr\/wp-content\/uploads\/2019\/04\/Hairist-Kuaf\u00f6rl\u00fck-ve-Kariyer-G\u00fcn\u00fc2-300x200.jpg 300w, https:\/\/www.sisli.edu.tr\/uisbk\/2019\/tr\/wp-content\/uploads\/2019\/04\/Hairist-Kuaf\u00f6rl\u00fck-ve-Kariyer-G\u00fcn\u00fc2-768x512.jpg 768w\" sizes=\"(max-width: 1024px) 100vw, 1024px\" \/><\/figure>\r\n<\/li>\r\n<li class=\"blocks-gallery-item\">\r\n<figure><img loading=\"lazy\" width=\"968\" height=\"494\" class=\"wp-image-166\" src=\"\/\/www.sisli.edu.tr\/uisbk\/2019\/tr\/wp-content\/uploads\/2019\/04\/4.jpg\" alt=\"\" data-id=\"166\" data-link=\"\/\/www.sisli.edu.tr\/uisbk\/2019\/tr\/kongre-yeri\/attachment\/4\/\" srcset=\"https:\/\/www.sisli.edu.tr\/uisbk\/2019\/tr\/wp-content\/uploads\/2019\/04\/4.jpg 968w, https:\/\/www.sisli.edu.tr\/uisbk\/2019\/tr\/wp-content\/uploads\/2019\/04\/4-300x153.jpg 300w, https:\/\/www.sisli.edu.tr\/uisbk\/2019\/tr\/wp-content\/uploads\/2019\/04\/4-768x392.jpg 768w\" sizes=\"(max-width: 968px) 100vw, 968px\" \/><\/figure>\r\n<\/li>\r\n<li class=\"blocks-gallery-item\">\r\n<figure><img loading=\"lazy\" width=\"1024\" height=\"683\" class=\"wp-image-189\" src=\"\/\/www.sisli.edu.tr\/uisbk\/2019\/tr\/wp-content\/uploads\/2019\/04\/Hairist-Kuaf\u00f6rl\u00fck-ve-Kariyer-G\u00fcn\u00fc-1024x683.jpg\" alt=\"\" data-id=\"189\" data-link=\"\/\/www.sisli.edu.tr\/uisbk\/2019\/tr\/kongre-yeri\/hairist-kuaforluk-ve-kariyer-gunu\/\" srcset=\"https:\/\/www.sisli.edu.tr\/uisbk\/2019\/tr\/wp-content\/uploads\/2019\/04\/Hairist-Kuaf\u00f6rl\u00fck-ve-Kariyer-G\u00fcn\u00fc-1024x683.jpg 1024w, https:\/\/www.sisli.edu.tr\/uisbk\/2019\/tr\/wp-content\/uploads\/2019\/04\/Hairist-Kuaf\u00f6rl\u00fck-ve-Kariyer-G\u00fcn\u00fc-300x200.jpg 300w, https:\/\/www.sisli.edu.tr\/uisbk\/2019\/tr\/wp-content\/uploads\/2019\/04\/Hairist-Kuaf\u00f6rl\u00fck-ve-Kariyer-G\u00fcn\u00fc-768x512.jpg 768w\" sizes=\"(max-width: 1024px) 100vw, 1024px\" \/><\/figure>\r\n<\/li>\r\n<li class=\"blocks-gallery-item\">\r\n<figure><img loading=\"lazy\" width=\"1024\" height=\"683\" class=\"wp-image-184\" src=\"\/\/www.sisli.edu.tr\/uisbk\/2019\/tr\/wp-content\/uploads\/2019\/04\/9B4A5726-1024x683.jpg\" alt=\"\" data-id=\"184\" data-link=\"\/\/www.sisli.edu.tr\/uisbk\/2019\/tr\/kongre-yeri\/9b4a5726\/\" srcset=\"https:\/\/www.sisli.edu.tr\/uisbk\/2019\/tr\/wp-content\/uploads\/2019\/04\/9B4A5726-1024x683.jpg 1024w, https:\/\/www.sisli.edu.tr\/uisbk\/2019\/tr\/wp-content\/uploads\/2019\/04\/9B4A5726-300x200.jpg 300w, https:\/\/www.sisli.edu.tr\/uisbk\/2019\/tr\/wp-content\/uploads\/2019\/04\/9B4A5726-768x512.jpg 768w\" sizes=\"(max-width: 1024px) 100vw, 1024px\" \/><\/figure>\r\n<\/li>\r\n<li class=\"blocks-gallery-item\">\r\n<figure><img loading=\"lazy\" width=\"1024\" height=\"683\" class=\"wp-image-188\" src=\"\/\/www.sisli.edu.tr\/uisbk\/2019\/tr\/wp-content\/uploads\/2019\/04\/Gen\u00e7lik-Otob\u00fcs2-1024x683.jpg\" alt=\"\" data-id=\"188\" data-link=\"\/\/www.sisli.edu.tr\/uisbk\/2019\/tr\/kongre-yeri\/genclik-otobus2\/\" srcset=\"https:\/\/www.sisli.edu.tr\/uisbk\/2019\/tr\/wp-content\/uploads\/2019\/04\/Gen\u00e7lik-Otob\u00fcs2-1024x683.jpg 1024w, https:\/\/www.sisli.edu.tr\/uisbk\/2019\/tr\/wp-content\/uploads\/2019\/04\/Gen\u00e7lik-Otob\u00fcs2-300x200.jpg 300w, https:\/\/www.sisli.edu.tr\/uisbk\/2019\/tr\/wp-content\/uploads\/2019\/04\/Gen\u00e7lik-Otob\u00fcs2-768x512.jpg 768w\" sizes=\"(max-width: 1024px) 100vw, 1024px\" \/><\/figure>\r\n<\/li>\r\n<li class=\"blocks-gallery-item\">\r\n<figure><img loading=\"lazy\" width=\"1024\" height=\"683\" class=\"wp-image-187\" src=\"\/\/www.sisli.edu.tr\/uisbk\/2019\/tr\/wp-content\/uploads\/2019\/04\/Gen\u00e7lik-Otob\u00fcs1-1024x683.jpg\" alt=\"\" data-id=\"187\" data-link=\"\/\/www.sisli.edu.tr\/uisbk\/2019\/tr\/kongre-yeri\/genclik-otobus1\/\" srcset=\"https:\/\/www.sisli.edu.tr\/uisbk\/2019\/tr\/wp-content\/uploads\/2019\/04\/Gen\u00e7lik-Otob\u00fcs1-1024x683.jpg 1024w, https:\/\/www.sisli.edu.tr\/uisbk\/2019\/tr\/wp-content\/uploads\/2019\/04\/Gen\u00e7lik-Otob\u00fcs1-300x200.jpg 300w, https:\/\/www.sisli.edu.tr\/uisbk\/2019\/tr\/wp-content\/uploads\/2019\/04\/Gen\u00e7lik-Otob\u00fcs1-768x512.jpg 768w\" sizes=\"(max-width: 1024px) 100vw, 1024px\" \/><\/figure>\r\n<\/li>\r\n<li class=\"blocks-gallery-item\">\r\n<figure><img loading=\"lazy\" width=\"1024\" height=\"683\" class=\"wp-image-167\" src=\"\/\/www.sisli.edu.tr\/uisbk\/2019\/tr\/wp-content\/uploads\/2019\/04\/5G0A5837-1024x683.jpg\" alt=\"\" data-id=\"167\" data-link=\"\/\/www.sisli.edu.tr\/uisbk\/2019\/tr\/kongre-yeri\/5g0a5837\/\" srcset=\"https:\/\/www.sisli.edu.tr\/uisbk\/2019\/tr\/wp-content\/uploads\/2019\/04\/5G0A5837-1024x683.jpg 1024w, https:\/\/www.sisli.edu.tr\/uisbk\/2019\/tr\/wp-content\/uploads\/2019\/04\/5G0A5837-300x200.jpg 300w, https:\/\/www.sisli.edu.tr\/uisbk\/2019\/tr\/wp-content\/uploads\/2019\/04\/5G0A5837-768x512.jpg 768w\" sizes=\"(max-width: 1024px) 100vw, 1024px\" \/><\/figure>\r\n<\/li>\r\n<li class=\"blocks-gallery-item\">\r\n<figure><img loading=\"lazy\" width=\"1024\" height=\"683\" class=\"wp-image-168\" src=\"\/\/www.sisli.edu.tr\/uisbk\/2019\/tr\/wp-content\/uploads\/2019\/04\/5G0A5842-1024x683.jpg\" alt=\"\" data-id=\"168\" data-link=\"\/\/www.sisli.edu.tr\/uisbk\/2019\/tr\/kongre-yeri\/5g0a5842\/\" srcset=\"https:\/\/www.sisli.edu.tr\/uisbk\/2019\/tr\/wp-content\/uploads\/2019\/04\/5G0A5842-1024x683.jpg 1024w, https:\/\/www.sisli.edu.tr\/uisbk\/2019\/tr\/wp-content\/uploads\/2019\/04\/5G0A5842-300x200.jpg 300w, https:\/\/www.sisli.edu.tr\/uisbk\/2019\/tr\/wp-content\/uploads\/2019\/04\/5G0A5842-768x512.jpg 768w\" sizes=\"(max-width: 1024px) 100vw, 1024px\" \/><\/figure>\r\n<\/li>\r\n<li class=\"blocks-gallery-item\">\r\n<figure><img loading=\"lazy\" width=\"1024\" height=\"683\" class=\"wp-image-169\" src=\"\/\/www.sisli.edu.tr\/uisbk\/2019\/tr\/wp-content\/uploads\/2019\/04\/5G0A5844-1024x683.jpg\" alt=\"\" data-id=\"169\" data-link=\"\/\/www.sisli.edu.tr\/uisbk\/2019\/tr\/kongre-yeri\/5g0a5844\/\" srcset=\"https:\/\/www.sisli.edu.tr\/uisbk\/2019\/tr\/wp-content\/uploads\/2019\/04\/5G0A5844-1024x683.jpg 1024w, https:\/\/www.sisli.edu.tr\/uisbk\/2019\/tr\/wp-content\/uploads\/2019\/04\/5G0A5844-300x200.jpg 300w, https:\/\/www.sisli.edu.tr\/uisbk\/2019\/tr\/wp-content\/uploads\/2019\/04\/5G0A5844-768x512.jpg 768w\" sizes=\"(max-width: 1024px) 100vw, 1024px\" \/><\/figure>\r\n<\/li>\r\n<li class=\"blocks-gallery-item\">\r\n<figure><img loading=\"lazy\" width=\"1024\" height=\"683\" class=\"wp-image-171\" src=\"\/\/www.sisli.edu.tr\/uisbk\/2019\/tr\/wp-content\/uploads\/2019\/04\/5G0A5845-1024x683.jpg\" alt=\"\" data-id=\"171\" data-link=\"\/\/www.sisli.edu.tr\/uisbk\/2019\/tr\/kongre-yeri\/5g0a5845\/\" srcset=\"https:\/\/www.sisli.edu.tr\/uisbk\/2019\/tr\/wp-content\/uploads\/2019\/04\/5G0A5845-1024x683.jpg 1024w, https:\/\/www.sisli.edu.tr\/uisbk\/2019\/tr\/wp-content\/uploads\/2019\/04\/5G0A5845-300x200.jpg 300w, https:\/\/www.sisli.edu.tr\/uisbk\/2019\/tr\/wp-content\/uploads\/2019\/04\/5G0A5845-768x512.jpg 768w\" sizes=\"(max-width: 1024px) 100vw, 1024px\" \/><\/figure>\r\n<\/li>\r\n<li class=\"blocks-gallery-item\">\r\n<figure><img loading=\"lazy\" width=\"1024\" height=\"683\" class=\"wp-image-172\" src=\"\/\/www.sisli.edu.tr\/uisbk\/2019\/tr\/wp-content\/uploads\/2019\/04\/5G0A5847-1024x683.jpg\" alt=\"\" data-id=\"172\" data-link=\"\/\/www.sisli.edu.tr\/uisbk\/2019\/tr\/kongre-yeri\/5g0a5847\/\" srcset=\"https:\/\/www.sisli.edu.tr\/uisbk\/2019\/tr\/wp-content\/uploads\/2019\/04\/5G0A5847-1024x683.jpg 1024w, https:\/\/www.sisli.edu.tr\/uisbk\/2019\/tr\/wp-content\/uploads\/2019\/04\/5G0A5847-300x200.jpg 300w, https:\/\/www.sisli.edu.tr\/uisbk\/2019\/tr\/wp-content\/uploads\/2019\/04\/5G0A5847-768x512.jpg 768w\" sizes=\"(max-width: 1024px) 100vw, 1024px\" \/><\/figure>\r\n<\/li>\r\n<li class=\"blocks-gallery-item\">\r\n<figure><img loading=\"lazy\" width=\"1024\" height=\"683\" class=\"wp-image-173\" src=\"\/\/www.sisli.edu.tr\/uisbk\/2019\/tr\/wp-content\/uploads\/2019\/04\/5G0A5848-1024x683.jpg\" alt=\"\" data-id=\"173\" data-link=\"\/\/www.sisli.edu.tr\/uisbk\/2019\/tr\/kongre-yeri\/5g0a5848\/\" srcset=\"https:\/\/www.sisli.edu.tr\/uisbk\/2019\/tr\/wp-content\/uploads\/2019\/04\/5G0A5848-1024x683.jpg 1024w, https:\/\/www.sisli.edu.tr\/uisbk\/2019\/tr\/wp-content\/uploads\/2019\/04\/5G0A5848-300x200.jpg 300w, https:\/\/www.sisli.edu.tr\/uisbk\/2019\/tr\/wp-content\/uploads\/2019\/04\/5G0A5848-768x512.jpg 768w\" sizes=\"(max-width: 1024px) 100vw, 1024px\" \/><\/figure>\r\n<\/li>\r\n<li class=\"blocks-gallery-item\">\r\n<figure><img loading=\"lazy\" width=\"1024\" height=\"683\" class=\"wp-image-174\" src=\"\/\/www.sisli.edu.tr\/uisbk\/2019\/tr\/wp-content\/uploads\/2019\/04\/5G0A5849-1024x683.jpg\" alt=\"\" data-id=\"174\" data-link=\"\/\/www.sisli.edu.tr\/uisbk\/2019\/tr\/kongre-yeri\/5g0a5849\/\" srcset=\"https:\/\/www.sisli.edu.tr\/uisbk\/2019\/tr\/wp-content\/uploads\/2019\/04\/5G0A5849-1024x683.jpg 1024w, https:\/\/www.sisli.edu.tr\/uisbk\/2019\/tr\/wp-content\/uploads\/2019\/04\/5G0A5849-300x200.jpg 300w, https:\/\/www.sisli.edu.tr\/uisbk\/2019\/tr\/wp-content\/uploads\/2019\/04\/5G0A5849-768x512.jpg 768w\" sizes=\"(max-width: 1024px) 100vw, 1024px\" \/><\/figure>\r\n<\/li>\r\n<li class=\"blocks-gallery-item\">\r\n<figure><img loading=\"lazy\" width=\"1024\" height=\"683\" class=\"wp-image-175\" src=\"\/\/www.sisli.edu.tr\/uisbk\/2019\/tr\/wp-content\/uploads\/2019\/04\/5G0A5850-1024x683.jpg\" alt=\"\" data-id=\"175\" data-link=\"\/\/www.sisli.edu.tr\/uisbk\/2019\/tr\/kongre-yeri\/5g0a5850\/\" srcset=\"https:\/\/www.sisli.edu.tr\/uisbk\/2019\/tr\/wp-content\/uploads\/2019\/04\/5G0A5850-1024x683.jpg 1024w, https:\/\/www.sisli.edu.tr\/uisbk\/2019\/tr\/wp-content\/uploads\/2019\/04\/5G0A5850-300x200.jpg 300w, https:\/\/www.sisli.edu.tr\/uisbk\/2019\/tr\/wp-content\/uploads\/2019\/04\/5G0A5850-768x512.jpg 768w\" sizes=\"(max-width: 1024px) 100vw, 1024px\" \/><\/figure>\r\n<\/li>\r\n<li class=\"blocks-gallery-item\">\r\n<figure><img loading=\"lazy\" width=\"1024\" height=\"683\" class=\"wp-image-176\" src=\"\/\/www.sisli.edu.tr\/uisbk\/2019\/tr\/wp-content\/uploads\/2019\/04\/5G0A5851-1024x683.jpg\" alt=\"\" data-id=\"176\" data-link=\"\/\/www.sisli.edu.tr\/uisbk\/2019\/tr\/kongre-yeri\/5g0a5851\/\" srcset=\"https:\/\/www.sisli.edu.tr\/uisbk\/2019\/tr\/wp-content\/uploads\/2019\/04\/5G0A5851-1024x683.jpg 1024w, https:\/\/www.sisli.edu.tr\/uisbk\/2019\/tr\/wp-content\/uploads\/2019\/04\/5G0A5851-300x200.jpg 300w, https:\/\/www.sisli.edu.tr\/uisbk\/2019\/tr\/wp-content\/uploads\/2019\/04\/5G0A5851-768x512.jpg 768w\" sizes=\"(max-width: 1024px) 100vw, 1024px\" \/><\/figure>\r\n<\/li>\r\n<li class=\"blocks-gallery-item\">\r\n<figure><img loading=\"lazy\" width=\"1024\" height=\"683\" class=\"wp-image-177\" src=\"\/\/www.sisli.edu.tr\/uisbk\/2019\/tr\/wp-content\/uploads\/2019\/04\/5G0A5853-1024x683.jpg\" alt=\"\" data-id=\"177\" data-link=\"\/\/www.sisli.edu.tr\/uisbk\/2019\/tr\/kongre-yeri\/5g0a5853\/\" srcset=\"https:\/\/www.sisli.edu.tr\/uisbk\/2019\/tr\/wp-content\/uploads\/2019\/04\/5G0A5853-1024x683.jpg 1024w, https:\/\/www.sisli.edu.tr\/uisbk\/2019\/tr\/wp-content\/uploads\/2019\/04\/5G0A5853-300x200.jpg 300w, https:\/\/www.sisli.edu.tr\/uisbk\/2019\/tr\/wp-content\/uploads\/2019\/04\/5G0A5853-768x512.jpg 768w\" sizes=\"(max-width: 1024px) 100vw, 1024px\" \/><\/figure>\r\n<\/li>\r\n<li class=\"blocks-gallery-item\">\r\n<figure><img loading=\"lazy\" width=\"1024\" height=\"683\" class=\"wp-image-178\" src=\"\/\/www.sisli.edu.tr\/uisbk\/2019\/tr\/wp-content\/uploads\/2019\/04\/5G0A5855-1024x683.jpg\" alt=\"\" data-id=\"178\" data-link=\"\/\/www.sisli.edu.tr\/uisbk\/2019\/tr\/kongre-yeri\/5g0a5855\/\" srcset=\"https:\/\/www.sisli.edu.tr\/uisbk\/2019\/tr\/wp-content\/uploads\/2019\/04\/5G0A5855-1024x683.jpg 1024w, https:\/\/www.sisli.edu.tr\/uisbk\/2019\/tr\/wp-content\/uploads\/2019\/04\/5G0A5855-300x200.jpg 300w, https:\/\/www.sisli.edu.tr\/uisbk\/2019\/tr\/wp-content\/uploads\/2019\/04\/5G0A5855-768x512.jpg 768w\" sizes=\"(max-width: 1024px) 100vw, 1024px\" \/><\/figure>\r\n<\/li>\r\n<li class=\"blocks-gallery-item\">\r\n<figure><img loading=\"lazy\" width=\"1024\" height=\"683\" class=\"wp-image-179\" src=\"\/\/www.sisli.edu.tr\/uisbk\/2019\/tr\/wp-content\/uploads\/2019\/04\/5G0A5856-1024x683.jpg\" alt=\"\" data-id=\"179\" data-link=\"\/\/www.sisli.edu.tr\/uisbk\/2019\/tr\/kongre-yeri\/5g0a5856\/\" srcset=\"https:\/\/www.sisli.edu.tr\/uisbk\/2019\/tr\/wp-content\/uploads\/2019\/04\/5G0A5856-1024x683.jpg 1024w, https:\/\/www.sisli.edu.tr\/uisbk\/2019\/tr\/wp-content\/uploads\/2019\/04\/5G0A5856-300x200.jpg 300w, https:\/\/www.sisli.edu.tr\/uisbk\/2019\/tr\/wp-content\/uploads\/2019\/04\/5G0A5856-768x512.jpg 768w\" sizes=\"(max-width: 1024px) 100vw, 1024px\" \/><\/figure>\r\n<\/li>\r\n<li class=\"blocks-gallery-item\">\r\n<figure><img loading=\"lazy\" width=\"1024\" height=\"683\" class=\"wp-image-180\" src=\"\/\/www.sisli.edu.tr\/uisbk\/2019\/tr\/wp-content\/uploads\/2019\/04\/5G0A5858-1024x683.jpg\" alt=\"\" data-id=\"180\" data-link=\"\/\/www.sisli.edu.tr\/uisbk\/2019\/tr\/kongre-yeri\/5g0a5858\/\" srcset=\"https:\/\/www.sisli.edu.tr\/uisbk\/2019\/tr\/wp-content\/uploads\/2019\/04\/5G0A5858-1024x683.jpg 1024w, https:\/\/www.sisli.edu.tr\/uisbk\/2019\/tr\/wp-content\/uploads\/2019\/04\/5G0A5858-300x200.jpg 300w, https:\/\/www.sisli.edu.tr\/uisbk\/2019\/tr\/wp-content\/uploads\/2019\/04\/5G0A5858-768x512.jpg 768w\" sizes=\"(max-width: 1024px) 100vw, 1024px\" \/><\/figure>\r\n<\/li>\r\n<li class=\"blocks-gallery-item\">\r\n<figure><img loading=\"lazy\" width=\"1024\" height=\"683\" class=\"wp-image-181\" src=\"\/\/www.sisli.edu.tr\/uisbk\/2019\/tr\/wp-content\/uploads\/2019\/04\/5G0A5859-1024x683.jpg\" alt=\"\" data-id=\"181\" data-link=\"\/\/www.sisli.edu.tr\/uisbk\/2019\/tr\/kongre-yeri\/5g0a5859\/\" srcset=\"https:\/\/www.sisli.edu.tr\/uisbk\/2019\/tr\/wp-content\/uploads\/2019\/04\/5G0A5859-1024x683.jpg 1024w, https:\/\/www.sisli.edu.tr\/uisbk\/2019\/tr\/wp-content\/uploads\/2019\/04\/5G0A5859-300x200.jpg 300w, https:\/\/www.sisli.edu.tr\/uisbk\/2019\/tr\/wp-content\/uploads\/2019\/04\/5G0A5859-768x512.jpg 768w\" sizes=\"(max-width: 1024px) 100vw, 1024px\" \/><\/figure>\r\n<\/li>\r\n<li class=\"blocks-gallery-item\">\r\n<figure><img loading=\"lazy\" width=\"1024\" height=\"683\" class=\"wp-image-182\" src=\"\/\/www.sisli.edu.tr\/uisbk\/2019\/tr\/wp-content\/uploads\/2019\/04\/5G0A5861-1024x683.jpg\" alt=\"\" data-id=\"182\" data-link=\"\/\/www.sisli.edu.tr\/uisbk\/2019\/tr\/kongre-yeri\/5g0a5861\/\" srcset=\"https:\/\/www.sisli.edu.tr\/uisbk\/2019\/tr\/wp-content\/uploads\/2019\/04\/5G0A5861-1024x683.jpg 1024w, https:\/\/www.sisli.edu.tr\/uisbk\/2019\/tr\/wp-content\/uploads\/2019\/04\/5G0A5861-300x200.jpg 300w, https:\/\/www.sisli.edu.tr\/uisbk\/2019\/tr\/wp-content\/uploads\/2019\/04\/5G0A5861-768x512.jpg 768w\" sizes=\"(max-width: 1024px) 100vw, 1024px\" \/><\/figure>\r\n<\/li>\r\n<li class=\"blocks-gallery-item\">\r\n<figure><img loading=\"lazy\" width=\"1024\" height=\"627\" class=\"wp-image-183\" src=\"\/\/www.sisli.edu.tr\/uisbk\/2019\/tr\/wp-content\/uploads\/2019\/04\/5G0A5891shop-1024x627.jpg\" alt=\"\" data-id=\"183\" data-link=\"\/\/www.sisli.edu.tr\/uisbk\/2019\/tr\/kongre-yeri\/5g0a5891shop\/\" srcset=\"https:\/\/www.sisli.edu.tr\/uisbk\/2019\/tr\/wp-content\/uploads\/2019\/04\/5G0A5891shop-1024x627.jpg 1024w, https:\/\/www.sisli.edu.tr\/uisbk\/2019\/tr\/wp-content\/uploads\/2019\/04\/5G0A5891shop-300x184.jpg 300w, https:\/\/www.sisli.edu.tr\/uisbk\/2019\/tr\/wp-content\/uploads\/2019\/04\/5G0A5891shop-768x470.jpg 768w\" sizes=\"(max-width: 1024px) 100vw, 1024px\" \/><\/figure>\r\n<\/li>\r\n<\/ul>","protected":false},"excerpt":{"rendered":"","protected":false},"author":1,"featured_media":0,"parent":0,"menu_order":0,"comment_status":"closed","ping_status":"closed","template":"","meta":[],"_links":{"self":[{"href":"https:\/\/www.sisli.edu.tr\/uisbk\/2019\/tr\/wp-json\/wp\/v2\/pages\/115"}],"collection":[{"href":"https:\/\/www.sisli.edu.tr\/uisbk\/2019\/tr\/wp-json\/wp\/v2\/pages"}],"about":[{"href":"https:\/\/www.sisli.edu.tr\/uisbk\/2019\/tr\/wp-json\/wp\/v2\/types\/page"}],"author":[{"embeddable":true,"href":"https:\/\/www.sisli.edu.tr\/uisbk\/2019\/tr\/wp-json\/wp\/v2\/users\/1"}],"replies":[{"embeddable":true,"href":"https:\/\/www.sisli.edu.tr\/uisbk\/2019\/tr\/wp-json\/wp\/v2\/comments?post=115"}],"version-history":[{"count":6,"href":"https:\/\/www.sisli.edu.tr\/uisbk\/2019\/tr\/wp-json\/wp\/v2\/pages\/115\/revisions"}],"predecessor-version":[{"id":469,"href":"https:\/\/www.sisli.edu.tr\/uisbk\/2019\/tr\/wp-json\/wp\/v2\/pages\/115\/revisions\/469"}],"wp:attachment":[{"href":"https:\/\/www.sisli.edu.tr\/uisbk\/2019\/tr\/wp-json\/wp\/v2\/media?parent=115"}],"curies":[{"name":"wp","href":"https:\/\/api.w.org\/{rel}","templated":true}]}}