{"id":11,"date":"2019-02-25T12:41:14","date_gmt":"2019-02-25T12:41:14","guid":{"rendered":"http:\/\/www.sisli.edu.tr\/uisbk\/2019\/tr\/?page_id=11"},"modified":"2019-10-01T10:44:31","modified_gmt":"2019-10-01T10:44:31","slug":"bilim-kurulu","status":"publish","type":"page","link":"https:\/\/www.sisli.edu.tr\/uisbk\/2019\/tr\/bilim-kurulu\/","title":{"rendered":"Bilim Kurulu"},"content":{"rendered":"\r\n<p>&nbsp;<\/p>\r\n\r\n\r\n\r\n<p>Dr. \u00d6\u011fr. \u00dcyesi M. Sedat BEK\u0130RO\u011eLU (\u0130stanbul \u015ei\u015fli Meslek Y\u00fcksekokulu)<\/p>\r\n\r\n\r\n\r\n<p>Prof. Dr. Adnan UZUN (I\u015f\u0131k \u00dcniversitesi G\u00fczel Sanatlar Fak\u00fcltesi)<\/p>\r\n\r\n\r\n\r\n<p>Prof. Dr. Ali Serdar FAK (Marmara \u00dcniversitesi T\u0131p Fak\u00fcltesi)<\/p>\r\n\r\n\r\n\r\n<p>Prof. Dr. Atadan TUNACI (\u0130stanbul \u00dcniversitesi \u00c7apa T\u0131p Fak\u00fcltesi)<\/p>\r\n\r\n\r\n\r\n<p>Prof. Dr. Aynur AYDIN (\u0130stanbul \u00dcniversitesi Cerrahpa\u015fa Orman Fak\u00fcltesi)<\/p>\r\n\r\n\r\n\r\n<p>Prof. Dr. Bilsen S\u0130RMEN (\u0130stanbul Geli\u015fim \u00dcniversitesi Sa\u011fl\u0131k Bilimleri Enstit\u00fcs\u00fc)<\/p>\r\n\r\n\r\n\r\n<p>Prof. Dr. \u00c7i\u011fdem POLATO\u011eLU (Y\u0131ld\u0131z Teknik \u00dcniversitesi Mimarl\u0131k Fak\u00fcltesi)<\/p>\r\n\r\n\r\n\r\n<p>Prof. Dr. Demir BUDAK (\u0130stanbul Yeni y\u00fczy\u0131l \u00dcniversitesi T\u0131p Fak\u00fcltesi)<\/p>\r\n\r\n\r\n\r\n<p>Prof. Dr. Defne KAYA (\u00dcsk\u00fcdar \u00dcniversitesi Sa\u011fl\u0131k Bilimleri Fak\u00fcltesi)<\/p>\r\n\r\n\r\n\r\n<p>Prof. Dimitar RADEV, DSc (University of Telecommunications and Post, Faculty of Telecommunications and Management)<\/p>\r\n\r\n\r\n\r\n<p>Prof. Dr. Erg\u00fcn YOLCU (\u0130stanbul \u00dcniversitesi \u0130leti\u015fim Fak\u00fcltesi)<\/p>\r\n\r\n\r\n\r\n<p>Prof. Dr. Fad\u0131l \u00d6ZYENER (Bursa Uluda\u011f \u00dcniversitesi T\u0131p Fak\u00fcltesi)<\/p>\r\n\r\n\r\n\r\n<p>Prof. Dr. G\u00fcl \u00dcNAL (Y\u0131ld\u0131z Teknik \u00dcniversitesi Mimarl\u0131k Fak\u00fcltesi)<\/p>\r\n\r\n\r\n\r\n<p>Prof. Dr. G\u00fclden UYANIK BALAT (Marmara \u00dcniversitesi Atat\u00fcrk E\u011fitim Fak\u00fcltesi)<\/p>\r\n\r\n\r\n\r\n<p>Prof. Dr. G\u00fcler ERTAN (Arel \u00dcniversitesi \u0130leti\u015fim Fak\u00fcltesi)<\/p>\r\n\r\n\r\n\r\n<p>Prof. Dr. Hakan ALTIN\u00c7EK\u0130\u00c7 (\u0130stanbul \u00dcniversitesi Cerrahpa\u015fa Orman Fak\u00fcltesi)<\/p>\r\n\r\n\r\n\r\n<p>Prof. Dr. Hasan M\u0130RZA\u0130 (\u0130stanbul \u015ei\u015fli Meslek Y\u00fcksekokulu)<\/p>\r\n\r\n\r\n\r\n<p>Prof. Dr. H\u00fcseyin D\u0130R\u0130K (\u0130stanbul \u00dcniversitesi Cerrahpa\u015fa Orman Fak\u00fcltesi)<\/p>\r\n\r\n\r\n\r\n<p>Prof. Dr. \u0130brahim KIR\u00c7OVA (Y\u0131ld\u0131z Teknik \u00dcniversitesi \u0130ktisadi ve \u0130dari Bilimler Fak\u00fcltesi)<\/p>\r\n\r\n\r\n\r\n<p>Prof. Magellan TEMELKOVA, PhD (University of Telecommunications and Post Faculty of Telecommunications and Management)<\/p>\r\n\r\n\r\n\r\n<p>Prof. Martin HEENEY (Imperial College Faculty of Natural Sciences)<\/p>\r\n\r\n\r\n\r\n<p>Prof.Dr. Neriman ZENG\u0130N (Sa\u011fl\u0131k Bilimleri \u00dcniversitesi)<\/p>\r\n\r\n\r\n\r\n<p>Prof. Dr. Nevzat TARHAN (\u00dcsk\u00fcdar \u00dcniversitesi)<\/p>\r\n\r\n\r\n\r\n<p>Prof. Dr. Nur URFALIO\u011eLU (Y\u0131ld\u0131z Teknik \u00dcniversitesi Mimarl\u0131k Fak\u00fcltesi)<\/p>\r\n\r\n\r\n\r\n<p>Prof. Dr. Rag\u0131p Kutay KARACA (\u0130stanbul Ayd\u0131n \u00dcniversitesi \u0130ktisadi ve \u0130dari Bilimler Fak\u00fcltesi)<\/p>\r\n\r\n\r\n\r\n<p>Prof. Dr. \u015e\u00fckr\u00fc Mehmet ERT\u00dcRK (Ad\u0131yaman \u00dcniversitesi T\u0131p Fak\u00fcltesi)<\/p>\r\n\r\n\r\n\r\n<p>Prof. Teodor ILIEV (Rousse University Department of Telecommunication Engineering) with Prof. Dr. Teodor ILIEV (University of Telecommunications and Post, Faculty of Telecommunications and Management)<\/p>\r\n\r\n\r\n\r\n<p>Prof. Dr. Tuncay HAZIROLAN (Hacettepe \u00dcniversitesi T\u0131p Fak\u00fcltesi)<\/p>\r\n\r\n\r\n\r\n<p>Prof. Dr. Turan \u00d6ZT\u00dcRK (\u0130stanbul Teknik \u00dcniversitesi Fen Edebiyat Fak\u00fcltesi)<\/p>\r\n\r\n\r\n\r\n<p>Prof. Dr. Turgay B\u0130\u00c7ER (Marmara \u00dcniversitesi Spor Bilimleri Fak\u00fcltesi)<\/p>\r\n\r\n\r\n\r\n<p>Prof. Dr. Yasin \u00c7a\u011fatay SE\u00c7K\u0130N (\u0130stanbul Teknik \u00dcniversitesi Mimarl\u0131k Fak\u00fcltesi)<\/p>\r\n\r\n\r\n\r\n<p>Prof. Dr. Yusuf G\u00dcNE\u015e (\u0130stanbul \u00dcniversitesi Cerrahpa\u015fa Orman Fak\u00fcltesi)<\/p>\r\n\r\n\r\n\r\n<p>Prof. Dr. Zeynep \u00dclker TAMAY (\u0130stanbul \u00dcniversitesi T\u0131p Fak\u00fcltesi)<\/p>\r\n\r\n\r\n\r\n<p>Do\u00e7. Dr. Ali Murat KIRIK (Marmara \u00dcniversitesi \u0130leti\u015fim Fak\u00fcltesi)<\/p>\r\n\r\n\r\n\r\n<p>Do\u00e7. Dr. Arzu Kader HARMANCI SEREN (Sa\u011fl\u0131k Bilimleri \u00dcniversitesi)<\/p>\r\n\r\n\r\n\r\n<p>Do\u00e7 Dr. Aysel G\u00dcNDO\u011eDU (Medipol \u00dcniversitesi \u0130\u015fletme ve Y\u00f6netim Bilimleri Fak\u00fcltesi)<\/p>\r\n\r\n\r\n\r\n<p>Do\u00e7. Dr. Deniz YAT KIRA\u00c7 (Yeditepe \u00dcniversitesi T\u0131p Fak\u00fcltesi)<\/p>\r\n\r\n\r\n\r\n<p>Do\u00e7. Dr. Elif HAYKIR HOB\u0130KO\u011eLU (\u0130stanbul \u00dcniversitesi \u0130ktisat Fak\u00fcltesi)<\/p>\r\n\r\n\r\n\r\n<p>Do\u00e7. Dr. Fahri ERENEL (\u0130stinye \u00dcniversitesi)<\/p>\r\n\r\n\r\n\r\n<p>Do\u00e7. Dr. Fatma Ay\u00e7im T\u00dcRER BA\u015eKAYA (\u0130stanbul Teknik \u00dcniversitesi Mimarl\u0131k Fak\u00fcltesi)<\/p>\r\n\r\n\r\n\r\n<p>Do\u00e7. Dr. Hale DERE \u00c7\u0130FT\u00c7\u0130 (\u0130stinye \u00dcniversitesi \u0130ktisadi, \u0130dari ve Sosyal Bilimler Fak\u00fcltesi)<\/p>\r\n\r\n\r\n\r\n<p>Do\u00e7. Dr. Mert EK\u015e\u0130 (\u0130stanbul \u00dcniversitesi Cerrahpa\u015fa Orman Fak\u00fcltesi)<\/p>\r\n\r\n\r\n\r\n<p>Do\u00e7. Dr. Miglena TEMELKOVA (Varna Free University)<\/p>\r\n\r\n\r\n\r\n<p>Do\u00e7. Dr. Mutluhan AKIN (Nev\u015fehir Hac\u0131 Bekta\u015f Veli \u00dcniversitesi M\u00fchendislik- Mimarl\u0131k Fak\u00fcltesi)<\/p>\r\n\r\n\r\n\r\n<p>Do\u00e7. Dr. M\u00fcge AKIN (Abdullah G\u00fcl \u00dcniversitesi M\u00fchendislik Fak\u00fcltesi)<\/p>\r\n\r\n\r\n\r\n<p>Do\u00e7. Dr. Nuri \u00c7elik (Gebze Teknik \u00dcniversitesi Temel Bilimler Fak\u00fcltesi)<\/p>\r\n\r\n\r\n\r\n<p>Do\u00e7. Dr. Onur \u015eATIR (Van Y\u00fcz\u00fcnc\u00fc Y\u0131l \u00dcniversitesi Mimarl\u0131k ve Tasar\u0131m Fak\u00fcltesi)<\/p>\r\n\r\n\r\n\r\n<p>Do\u00e7. Dr. Osman Devrim ELVAN (\u0130stanbul \u00dcniversitesi Cerrahpa\u015fa Orman Fak\u00fcltesi)<\/p>\r\n\r\n\r\n\r\n<p>Do\u00e7. Dr. Serkan KEME\u00c7 (Van Y\u00fcz\u00fcnc\u00fc Y\u0131l \u00dcniversitesi Mimarl\u0131k ve Tasar\u0131m Fak\u00fcltesi)<\/p>\r\n\r\n\r\n\r\n<p>Do\u00e7. Dr. Tu\u011fbay \u0130NAN (Dokuz Eyl\u00fcl \u00dcniversitesi Spor bilimleri ve Teknolojisi Y\u00fcksekokulu )\u00a0<\/p>\r\n\r\n\r\n\r\n<p>Do\u00e7. Dr. Yusuf D\u0130N\u00c7\u00a0(\u0130stanbul Sabahattin Zaim \u00dcniversitesi \u0130\u015fletme ve Y\u00f6netim Bilimleri Fak\u00fcltesi)<\/p>\r\n\r\n\r\n\r\n<p>Dr. \u00d6\u011fr. \u00dcyesi A. Ye\u015fim \u00c7A\u011eLAYAN (\u0130stanbul \u00dcniversitesi Cerrahpa\u015fa Orman Fak\u00fcltesi)<\/p>\r\n\r\n\r\n\r\n<p>Dr. \u00d6\u011fr. \u00dcyesi Asuman KUTLU (Beykent \u00dcniversitesi \u0130leti\u015fim Fak\u00fcltesi)<\/p>\r\n\r\n\r\n\r\n<p>Dr. \u00d6\u011fr. \u00dcyesi Banu DAYAN\u00c7 KIYAT (Hali\u00e7 \u00dcniversitesi \u0130\u015fletme Fak\u00fcltesi )<\/p>\r\n\r\n\r\n\r\n<p>Dr. \u00d6\u011fr. \u00dcyesi Can Z\u00dcLF\u0130KAR (Gebze Teknik \u00dcniversitesi M\u00fchendislik Fak\u00fcltesi)<\/p>\r\n\r\n\r\n\r\n<p>Dr. \u00d6\u011fr. \u00dcyesi Ebru ERBA\u015e G\u00dcRLER (\u0130stanbul Teknik \u00dcniversitesi Mimarl\u0131k Fak\u00fcltesi)<\/p>\r\n\r\n\r\n\r\n<p>Dr. \u00d6\u011fr. \u00dcyesi Funda Kavak BUDAK (\u0130n\u00f6n\u00fc \u00dcniversitesi Sa\u011fl\u0131k Bilimleri Fak\u00fcltesi)<\/p>\r\n\r\n\r\n\r\n<p>Dr. \u00d6\u011fr. \u00dcyesi Hakan \u0130MERT (\u0130stinye \u00dcniversitesi Mimarl\u0131k Fak\u00fcltesi)<\/p>\r\n\r\n\r\n\r\n<p>Dr. \u00d6\u011fr. \u00dcyesi Halide Candan Z\u00dcLF\u0130KAR (\u0130stanbul \u00dcniversitesi Mimarl\u0131k Fak\u00fcltesi)<\/p>\r\n\r\n\r\n\r\n<p>Dr. \u00d6\u011fr. \u00dcyesi H\u00fcseyin KAZAN (\u0130stanbul Ayd\u0131n \u00dcniversitesi \u0130leti\u015fim Fak\u00fcltesi)<\/p>\r\n\r\n\r\n\r\n<p>Dr. \u00d6\u011fr. \u00dcyesi I\u015f\u0131k KAMARAJ (Marmara \u00dcniversitesi Atat\u00fcrk E\u011fitim Fak\u00fcltesi)<\/p>\r\n\r\n\r\n\r\n<p>Dr. \u00d6\u011fr. \u00dcyesi Nimet VEL\u0130O\u011eLU (\u0130stanbul \u00dcniversitesi Cerrahpa\u015fa Orman Fak\u00fcltesi)<\/p>\r\n\r\n\r\n\r\n<p>Dr. \u00d6\u011fr. \u00dcyesi Nurg\u00fcl Erdem (\u0130stanbul \u00dcniversitesi Cerrahpa\u015fa Orman Fak\u00fcltesi)<\/p>\r\n\r\n\r\n\r\n<p>Dr. \u00d6\u011fr. \u00dcyesi Saadettin Murat ONAT (Bart\u0131n \u00dcniversitesi Orman Fak\u00fcltesi)<\/p>\r\n\r\n\r\n\r\n<p>Dr. \u00d6\u011fr. \u00dcyesi Salih SALBACAK (Fatih Sultan Mehmet Vak\u0131f \u00dcniversitesi Mimarl\u0131k ve Tasar\u0131m Fak\u00fcltesi)<\/p>\r\n\r\n\r\n\r\n<p>Dr. \u00d6\u011fr. \u00dcyesi Sarkis S\u00d6ZKES (Tekirda\u011f Nam\u0131k Kemal \u00dcniversitesi \u00c7orlu M\u00fchendislik Fak\u00fcltesi)<\/p>\r\n\r\n\r\n\r\n<p>Dr. \u00d6\u011fr. \u00dcyesi Sava\u015f \u00c7EV\u0130K (Hali\u00e7 \u00dcniversitesi Grafik Tasar\u0131m\u0131 B\u00f6l\u00fcm\u00fc)<\/p>\r\n\r\n\r\n\r\n<p>Dr. \u00d6\u011fr. \u00dcyesi Selin SARILI (\u0130stanbul \u015ei\u015fli Meslek Y\u00fcksekokulu)<\/p>\r\n\r\n\r\n\r\n<p>Dr. \u00d6\u011fr. \u00dcyesi Serdar CEYLAN (\u0130stanbul \u015ei\u015fli Meslek Y\u00fcksekokulu)<\/p>\r\n\r\n\r\n\r\n<p>Dr. \u00d6\u011fr. \u00dcyesi \u015eenay ALSAN (Hali\u00e7 \u00dcniversitesi G\u00fczel Sanatlar Fak\u00fcltesi)<\/p>\r\n\r\n\r\n\r\n<p>Dr. \u00d6\u011fr. \u00dcyesi Tu\u011fba ERD\u0130L POLAT (Hali\u00e7 \u00dcniversitesi Mimarl\u0131k Fak\u00fcltesi)<\/p>\r\n\r\n\r\n\r\n<p>Dr. \u00d6\u011fr. \u00dcyesi Y. \u00d6zhan T\u00fcrker (\u0130stanbul \u015ei\u015fli Meslek Y\u00fcksekokulu)<\/p>\r\n\r\n\r\n\r\n<p>\u00d6\u011fr. G\u00f6r. Dr. Evin DO\u011eAN (\u0130stanbul \u015ei\u015fli Meslek Y\u00fcksekokulu),<\/p>\r\n\r\n\r\n\r\n<p>Dr. Zehra \u00d6NEY (Bah\u00e7e\u015fehir University Graduate School of Business)<\/p>\r\n\r\n","protected":false},"excerpt":{"rendered":"<p>&nbsp; Dr. \u00d6\u011fr. \u00dcyesi M. Sedat BEK\u0130RO\u011eLU (\u0130stanbul \u015ei\u015fli Meslek Y\u00fcksekokulu) Prof. Dr. Adnan UZUN (I\u015f\u0131k \u00dcniversitesi G\u00fczel Sanatlar Fak\u00fcltesi) Prof. Dr. Ali Serdar FAK (Marmara \u00dcniversitesi T\u0131p Fak\u00fcltesi) Prof. Dr. Atadan TUNACI (\u0130stanbul \u00dcniversitesi \u00c7apa T\u0131p Fak\u00fcltesi) Prof. Dr. Aynur AYDIN (\u0130stanbul \u00dcniversitesi Cerrahpa\u015fa Orman Fak\u00fcltesi) Prof. Dr. Bilsen S\u0130RMEN (\u0130stanbul Geli\u015fim \u00dcniversitesi Sa\u011fl\u0131k&hellip;<\/p>\n","protected":false},"author":1,"featured_media":0,"parent":0,"menu_order":0,"comment_status":"closed","ping_status":"closed","template":"","meta":[],"_links":{"self":[{"href":"https:\/\/www.sisli.edu.tr\/uisbk\/2019\/tr\/wp-json\/wp\/v2\/pages\/11"}],"collection":[{"href":"https:\/\/www.sisli.edu.tr\/uisbk\/2019\/tr\/wp-json\/wp\/v2\/pages"}],"about":[{"href":"https:\/\/www.sisli.edu.tr\/uisbk\/2019\/tr\/wp-json\/wp\/v2\/types\/page"}],"author":[{"embeddable":true,"href":"https:\/\/www.sisli.edu.tr\/uisbk\/2019\/tr\/wp-json\/wp\/v2\/users\/1"}],"replies":[{"embeddable":true,"href":"https:\/\/www.sisli.edu.tr\/uisbk\/2019\/tr\/wp-json\/wp\/v2\/comments?post=11"}],"version-history":[{"count":18,"href":"https:\/\/www.sisli.edu.tr\/uisbk\/2019\/tr\/wp-json\/wp\/v2\/pages\/11\/revisions"}],"predecessor-version":[{"id":446,"href":"https:\/\/www.sisli.edu.tr\/uisbk\/2019\/tr\/wp-json\/wp\/v2\/pages\/11\/revisions\/446"}],"wp:attachment":[{"href":"https:\/\/www.sisli.edu.tr\/uisbk\/2019\/tr\/wp-json\/wp\/v2\/media?parent=11"}],"curies":[{"name":"wp","href":"https:\/\/api.w.org\/{rel}","templated":true}]}}