{"id":7,"date":"2019-02-25T12:40:21","date_gmt":"2019-02-25T12:40:21","guid":{"rendered":"http:\/\/www.sisli.edu.tr\/uisbk\/2019\/en\/?page_id=7"},"modified":"2019-03-22T08:44:41","modified_gmt":"2019-03-22T08:44:41","slug":"about","status":"publish","type":"page","link":"https:\/\/www.sisli.edu.tr\/uisbk\/2019\/en\/about\/","title":{"rendered":"About"},"content":{"rendered":"\n<p><\/p>\n\n\n\n<p style=\"text-align:justify\">Istanbul \u015ei\u015fli Vocational School was established in 2012 by \u015ei\u015fli Foundation with the mission of educating young people, who are the future of our country at national and international level, and raising qualified professional staff with knowledge and equipment required by the age.<br>\nIstanbul \u015ei\u015fli Vocational School, established with the decision of Council of Ministers 2012\/3165, offers high education and training opportunities to  3.600 students with its strong academic and administrative staff.<br>\nIstanbul \u015ei\u015fli Vocational School, which has been growing rapidly by increasing the number of programs in line with the needs of the national economy and sector, provides education services to its students in 29 programs at the Esentepe and Maslak campuses on an area of 40.000 m2.<br>\nIstanbul \u015ei\u015fli Vocational School has organized the National \u015ei\u015fli Symposiums on different themes since 2015, considering the importance of scientific studies and academic researches as well as vocational education.<br>\n As of 2019, with the aim of expanding the scope of the symposium and making it gain an international recognition, it has decided to make the 1st International \u015ei\u015fli Science Congress.\n<\/p>\n","protected":false},"excerpt":{"rendered":"<p>Istanbul \u015ei\u015fli Vocational School was established in 2012 by \u015ei\u015fli Foundation with the mission of educating young people, who are the future of our country at national and international level, and raising qualified professional staff with knowledge and equipment required by the age. Istanbul \u015ei\u015fli Vocational School, established with the decision of Council of Ministers&hellip;<\/p>\n","protected":false},"author":1,"featured_media":0,"parent":0,"menu_order":0,"comment_status":"closed","ping_status":"closed","template":"","meta":[],"_links":{"self":[{"href":"https:\/\/www.sisli.edu.tr\/uisbk\/2019\/en\/wp-json\/wp\/v2\/pages\/7"}],"collection":[{"href":"https:\/\/www.sisli.edu.tr\/uisbk\/2019\/en\/wp-json\/wp\/v2\/pages"}],"about":[{"href":"https:\/\/www.sisli.edu.tr\/uisbk\/2019\/en\/wp-json\/wp\/v2\/types\/page"}],"author":[{"embeddable":true,"href":"https:\/\/www.sisli.edu.tr\/uisbk\/2019\/en\/wp-json\/wp\/v2\/users\/1"}],"replies":[{"embeddable":true,"href":"https:\/\/www.sisli.edu.tr\/uisbk\/2019\/en\/wp-json\/wp\/v2\/comments?post=7"}],"version-history":[{"count":9,"href":"https:\/\/www.sisli.edu.tr\/uisbk\/2019\/en\/wp-json\/wp\/v2\/pages\/7\/revisions"}],"predecessor-version":[{"id":204,"href":"https:\/\/www.sisli.edu.tr\/uisbk\/2019\/en\/wp-json\/wp\/v2\/pages\/7\/revisions\/204"}],"wp:attachment":[{"href":"https:\/\/www.sisli.edu.tr\/uisbk\/2019\/en\/wp-json\/wp\/v2\/media?parent=7"}],"curies":[{"name":"wp","href":"https:\/\/api.w.org\/{rel}","templated":true}]}}