{"id":38,"date":"2019-02-25T12:46:24","date_gmt":"2019-02-25T12:46:24","guid":{"rendered":"http:\/\/www.sisli.edu.tr\/uisbk\/2019\/en\/?page_id=38"},"modified":"2019-03-22T09:56:33","modified_gmt":"2019-03-22T09:56:33","slug":"contact-directions","status":"publish","type":"page","link":"https:\/\/www.sisli.edu.tr\/uisbk\/2019\/en\/contact-directions\/","title":{"rendered":"Contact"},"content":{"rendered":"\n<figure class=\"wp-block-image\"><img loading=\"lazy\" width=\"1000\" height=\"571\" src=\"http:\/\/www.sisli.edu.tr\/uisbk\/2019\/en\/wp-content\/uploads\/2019\/03\/\u015fi\u015fli.jpg\" alt=\"\" class=\"wp-image-91\" srcset=\"https:\/\/www.sisli.edu.tr\/uisbk\/2019\/en\/wp-content\/uploads\/2019\/03\/\u015fi\u015fli.jpg 1000w, https:\/\/www.sisli.edu.tr\/uisbk\/2019\/en\/wp-content\/uploads\/2019\/03\/\u015fi\u015fli-300x171.jpg 300w, https:\/\/www.sisli.edu.tr\/uisbk\/2019\/en\/wp-content\/uploads\/2019\/03\/\u015fi\u015fli-768x439.jpg 768w\" sizes=\"(max-width: 1000px) 100vw, 1000px\" \/><\/figure>\n\n\n\n<p><strong>T.C. ISTANBUL \u015e\u0130\u015eL\u0130 VOCATIONAL SCHOOL Maslak CampusMaslak District <\/strong>Atat\u00fcrk Otosanayi Site\u00a055. St. No:2\u00a0<strong>Maslak \/ ISTANBUL<em>Behind Do\u011fu\u015f Center, Next to 42 Shopping Mall<\/em><\/strong> <br>T:444 78 68 <br>M: uisbk@sisli.edu.tr\u00a0 <\/p>\n\n\n\n<iframe src=\"https:\/\/www.google.com\/maps\/embed?pb=!1m18!1m12!1m3!1d1032.4874571183254!2d29.019526416550196!3d41.115152650711515!2m3!1f0!2f0!3f0!3m2!1i1024!2i768!4f13.1!3m3!1m2!1s0x14cab5be50a924a5%3A0x8f2ab0b30a299e4e!2zxZ5pxZ9saSBNWU8gTWFzbGFr!5e0!3m2!1str!2sus!4v1552039764763\" width=\"900\" height=\"350\" frameborder=\"0\" style=\"border:0\" allowfullscreen><\/iframe>\n","protected":false},"excerpt":{"rendered":"<p>T.C. ISTANBUL \u015e\u0130\u015eL\u0130 VOCATIONAL SCHOOL Maslak CampusMaslak District Atat\u00fcrk Otosanayi Site\u00a055. St. No:2\u00a0Maslak \/ ISTANBULBehind Do\u011fu\u015f Center, Next to 42 Shopping Mall T:444 78 68 M: uisbk@sisli.edu.tr\u00a0<\/p>\n","protected":false},"author":1,"featured_media":0,"parent":0,"menu_order":0,"comment_status":"closed","ping_status":"closed","template":"","meta":[],"_links":{"self":[{"href":"https:\/\/www.sisli.edu.tr\/uisbk\/2019\/en\/wp-json\/wp\/v2\/pages\/38"}],"collection":[{"href":"https:\/\/www.sisli.edu.tr\/uisbk\/2019\/en\/wp-json\/wp\/v2\/pages"}],"about":[{"href":"https:\/\/www.sisli.edu.tr\/uisbk\/2019\/en\/wp-json\/wp\/v2\/types\/page"}],"author":[{"embeddable":true,"href":"https:\/\/www.sisli.edu.tr\/uisbk\/2019\/en\/wp-json\/wp\/v2\/users\/1"}],"replies":[{"embeddable":true,"href":"https:\/\/www.sisli.edu.tr\/uisbk\/2019\/en\/wp-json\/wp\/v2\/comments?post=38"}],"version-history":[{"count":11,"href":"https:\/\/www.sisli.edu.tr\/uisbk\/2019\/en\/wp-json\/wp\/v2\/pages\/38\/revisions"}],"predecessor-version":[{"id":207,"href":"https:\/\/www.sisli.edu.tr\/uisbk\/2019\/en\/wp-json\/wp\/v2\/pages\/38\/revisions\/207"}],"wp:attachment":[{"href":"https:\/\/www.sisli.edu.tr\/uisbk\/2019\/en\/wp-json\/wp\/v2\/media?parent=38"}],"curies":[{"name":"wp","href":"https:\/\/api.w.org\/{rel}","templated":true}]}}