{"id":21,"date":"2019-02-25T12:42:59","date_gmt":"2019-02-25T12:42:59","guid":{"rendered":"http:\/\/www.sisli.edu.tr\/uisbk\/2019\/en\/?page_id=21"},"modified":"2019-03-21T15:04:56","modified_gmt":"2019-03-21T15:04:56","slug":"registration-fee","status":"publish","type":"page","link":"https:\/\/www.sisli.edu.tr\/uisbk\/2019\/en\/registration-fee\/","title":{"rendered":"Registration Fee"},"content":{"rendered":"\n<p>1. It\u2019s free to participate in International \u015ei\u015fli Science Congress. Abstracts will be published on the  congress proceedings  by \u015ei\u015fli Vocational School and will be presented to the authors during the congress. The full texts of the abstracts will be optionally published as a book section and presented to the authors.<\/p>\n\n\n\n<p>For the full texts of the abstracts which received approval from the  reviewers to be published as an international book chapter , 120 TL or 20 Euro fee have to be transferred to the below stated bank account.<\/p>\n\n\n\n<p>* Each author has to pay 120 TL or 20 Euro fee the same way for\nabstracts with multiple authors.<\/p>\n\n\n\n<p>* Authors will be refunded for abstracts which didn\u2019t receive approval from the Science Committee.<\/p>\n\n\n\n<p> TR86 0013 4000 0068 2739 6000 92-EUR<br>TR59 0013 4000 0068 2739 6000 93-USD<br>TR32 0013 4000 0068 2739 6000 94-TL<br>Account Name : \u0130STANBUL \u015e\u0130\u015eL\u0130 MESLEK Y\u00dcKSEKOKULU <\/p>\n","protected":false},"excerpt":{"rendered":"<p>1. It\u2019s free to participate in International \u015ei\u015fli Science Congress. Abstracts will be published on the congress proceedings by \u015ei\u015fli Vocational School and will be presented to the authors during the congress. The full texts of the abstracts will be optionally published as a book section and presented to the authors. For the full texts&hellip;<\/p>\n","protected":false},"author":1,"featured_media":0,"parent":0,"menu_order":0,"comment_status":"closed","ping_status":"closed","template":"","meta":[],"_links":{"self":[{"href":"https:\/\/www.sisli.edu.tr\/uisbk\/2019\/en\/wp-json\/wp\/v2\/pages\/21"}],"collection":[{"href":"https:\/\/www.sisli.edu.tr\/uisbk\/2019\/en\/wp-json\/wp\/v2\/pages"}],"about":[{"href":"https:\/\/www.sisli.edu.tr\/uisbk\/2019\/en\/wp-json\/wp\/v2\/types\/page"}],"author":[{"embeddable":true,"href":"https:\/\/www.sisli.edu.tr\/uisbk\/2019\/en\/wp-json\/wp\/v2\/users\/1"}],"replies":[{"embeddable":true,"href":"https:\/\/www.sisli.edu.tr\/uisbk\/2019\/en\/wp-json\/wp\/v2\/comments?post=21"}],"version-history":[{"count":8,"href":"https:\/\/www.sisli.edu.tr\/uisbk\/2019\/en\/wp-json\/wp\/v2\/pages\/21\/revisions"}],"predecessor-version":[{"id":199,"href":"https:\/\/www.sisli.edu.tr\/uisbk\/2019\/en\/wp-json\/wp\/v2\/pages\/21\/revisions\/199"}],"wp:attachment":[{"href":"https:\/\/www.sisli.edu.tr\/uisbk\/2019\/en\/wp-json\/wp\/v2\/media?parent=21"}],"curies":[{"name":"wp","href":"https:\/\/api.w.org\/{rel}","templated":true}]}}