{"id":13,"date":"2019-02-25T12:41:29","date_gmt":"2019-02-25T12:41:29","guid":{"rendered":"http:\/\/www.sisli.edu.tr\/uisbk\/2019\/en\/?page_id=13"},"modified":"2019-03-30T18:46:41","modified_gmt":"2019-03-30T18:46:41","slug":"organizing-board","status":"publish","type":"page","link":"https:\/\/www.sisli.edu.tr\/uisbk\/2019\/en\/organizing-board\/","title":{"rendered":"Organizing Board"},"content":{"rendered":"\n<p>Prof. Dr. Aynur AYDIN (Honorary\nPresident)<\/p>\n\n\n\n<p>\u0130brahim AYBAR (\u0130stanbul \u015ei\u015fli\nVocational School Member of the Board of Oversees)<\/p>\n\n\n\n<p>Asst. Prof. Dr. M. Sedat BEK\u0130RO\u011eLU\n(\u0130stanbul \u015ei\u015fli Vocational School Principal)<\/p>\n\n\n\n<p>Ahmet S\u00dcNGER\u0130\u00c7L\u0130O\u011eLU (\u0130stanbul \u015ei\u015fli Vocational School Secretary)<\/p>\n\n\n\n<p>Instructor  Leyla An\u0131l G\u00d6L  (\u0130stanbul \u015ei\u015fli Vocational School Vice Principal) <\/p>\n\n\n\n<p>Instructor Sava\u015f \u00c7AKMAKCI&nbsp; (\u0130stanbul \u015ei\u015fli Vocational School Vice Principal)  <\/p>\n\n\n\n<p>Asst. Prof. Dr. Selin SARILI<\/p>\n\n\n\n<p>Asst. Prof. Dr. Y. \u00d6zhan T\u00dcRKER<\/p>\n\n\n\n<p> Instructor  Dr. Evin DO\u011eAN<\/p>\n\n\n\n<p> Instructor  Burak ALKAN<\/p>\n\n\n\n<p> Instructor  Ali Naz\u0131m BE\u015e\u0130K\u00c7\u0130<\/p>\n\n\n\n<p>Mesut PEK (Computer Engineer)<\/p>\n","protected":false},"excerpt":{"rendered":"<p>Prof. Dr. Aynur AYDIN (Honorary President) \u0130brahim AYBAR (\u0130stanbul \u015ei\u015fli Vocational School Member of the Board of Oversees) Asst. Prof. Dr. M. Sedat BEK\u0130RO\u011eLU (\u0130stanbul \u015ei\u015fli Vocational School Principal) Ahmet S\u00dcNGER\u0130\u00c7L\u0130O\u011eLU (\u0130stanbul \u015ei\u015fli Vocational School Secretary) Instructor Leyla An\u0131l G\u00d6L (\u0130stanbul \u015ei\u015fli Vocational School Vice Principal) Instructor Sava\u015f \u00c7AKMAKCI&nbsp; (\u0130stanbul \u015ei\u015fli Vocational School Vice Principal)&hellip;<\/p>\n","protected":false},"author":1,"featured_media":0,"parent":0,"menu_order":0,"comment_status":"closed","ping_status":"closed","template":"","meta":[],"_links":{"self":[{"href":"https:\/\/www.sisli.edu.tr\/uisbk\/2019\/en\/wp-json\/wp\/v2\/pages\/13"}],"collection":[{"href":"https:\/\/www.sisli.edu.tr\/uisbk\/2019\/en\/wp-json\/wp\/v2\/pages"}],"about":[{"href":"https:\/\/www.sisli.edu.tr\/uisbk\/2019\/en\/wp-json\/wp\/v2\/types\/page"}],"author":[{"embeddable":true,"href":"https:\/\/www.sisli.edu.tr\/uisbk\/2019\/en\/wp-json\/wp\/v2\/users\/1"}],"replies":[{"embeddable":true,"href":"https:\/\/www.sisli.edu.tr\/uisbk\/2019\/en\/wp-json\/wp\/v2\/comments?post=13"}],"version-history":[{"count":9,"href":"https:\/\/www.sisli.edu.tr\/uisbk\/2019\/en\/wp-json\/wp\/v2\/pages\/13\/revisions"}],"predecessor-version":[{"id":215,"href":"https:\/\/www.sisli.edu.tr\/uisbk\/2019\/en\/wp-json\/wp\/v2\/pages\/13\/revisions\/215"}],"wp:attachment":[{"href":"https:\/\/www.sisli.edu.tr\/uisbk\/2019\/en\/wp-json\/wp\/v2\/media?parent=13"}],"curies":[{"name":"wp","href":"https:\/\/api.w.org\/{rel}","templated":true}]}}