{"id":115,"date":"2019-03-08T06:29:55","date_gmt":"2019-03-08T06:29:55","guid":{"rendered":"http:\/\/www.sisli.edu.tr\/uisbk\/2019\/en\/?page_id=115"},"modified":"2019-04-03T14:52:16","modified_gmt":"2019-04-03T14:52:16","slug":"venue","status":"publish","type":"page","link":"https:\/\/www.sisli.edu.tr\/uisbk\/2019\/en\/venue\/","title":{"rendered":"Venue"},"content":{"rendered":"\n<ul class=\"wp-block-gallery columns-3 is-cropped\"><li class=\"blocks-gallery-item\"><figure><img src=\"http:\/\/www.sisli.edu.tr\/uisbk\/2019\/tr\/wp-content\/uploads\/2019\/04\/Gen\u00e7lik-Otob\u00fcs-1024x683.jpg\" alt=\"\" data-id=\"186\" data-link=\"http:\/\/www.sisli.edu.tr\/uisbk\/2019\/tr\/kongre-yeri\/genclik-otobus\/\" class=\"wp-image-186\"\/><\/figure><\/li><li class=\"blocks-gallery-item\"><figure><img src=\"http:\/\/www.sisli.edu.tr\/uisbk\/2019\/tr\/wp-content\/uploads\/2019\/04\/9B4A5781-1024x683.jpg\" alt=\"\" data-id=\"185\" data-link=\"http:\/\/www.sisli.edu.tr\/uisbk\/2019\/tr\/kongre-yeri\/9b4a5781\/\" class=\"wp-image-185\"\/><\/figure><\/li><li class=\"blocks-gallery-item\"><figure><img src=\"http:\/\/www.sisli.edu.tr\/uisbk\/2019\/tr\/wp-content\/uploads\/2019\/04\/Sa\u011fl\u0131k-Y\u00f6netimi-Seminer-Foto\u011fraflar-1024x683.jpg\" alt=\"\" data-id=\"163\" data-link=\"http:\/\/www.sisli.edu.tr\/uisbk\/2019\/tr\/kongre-yeri\/saglik-yonetimi-seminer-fotograflar\/\" class=\"wp-image-163\"\/><\/figure><\/li><li class=\"blocks-gallery-item\"><figure><img src=\"http:\/\/www.sisli.edu.tr\/uisbk\/2019\/tr\/wp-content\/uploads\/2019\/04\/Hairist-Kuaf\u00f6rl\u00fck-ve-Kariyer-G\u00fcn\u00fc1-1024x683.jpg\" alt=\"\" data-id=\"190\" data-link=\"http:\/\/www.sisli.edu.tr\/uisbk\/2019\/tr\/kongre-yeri\/hairist-kuaforluk-ve-kariyer-gunu1\/\" class=\"wp-image-190\"\/><\/figure><\/li><li class=\"blocks-gallery-item\"><figure><img src=\"http:\/\/www.sisli.edu.tr\/uisbk\/2019\/tr\/wp-content\/uploads\/2019\/04\/Tohum-Otizm-Etkinli\u011fi-1024x683.jpg\" alt=\"\" data-id=\"164\" data-link=\"http:\/\/www.sisli.edu.tr\/uisbk\/2019\/tr\/kongre-yeri\/tohum-otizm-etkinligi\/\" class=\"wp-image-164\"\/><\/figure><\/li><li class=\"blocks-gallery-item\"><figure><img src=\"http:\/\/www.sisli.edu.tr\/uisbk\/2019\/tr\/wp-content\/uploads\/2019\/04\/3.jpg\" alt=\"\" data-id=\"165\" data-link=\"http:\/\/www.sisli.edu.tr\/uisbk\/2019\/tr\/kongre-yeri\/attachment\/3\/\" class=\"wp-image-165\"\/><\/figure><\/li><li class=\"blocks-gallery-item\"><figure><img src=\"http:\/\/www.sisli.edu.tr\/uisbk\/2019\/tr\/wp-content\/uploads\/2019\/04\/Hairist-Kuaf\u00f6rl\u00fck-ve-Kariyer-G\u00fcn\u00fc2-1024x683.jpg\" alt=\"\" data-id=\"191\" data-link=\"http:\/\/www.sisli.edu.tr\/uisbk\/2019\/tr\/kongre-yeri\/hairist-kuaforluk-ve-kariyer-gunu2\/\" class=\"wp-image-191\"\/><\/figure><\/li><li class=\"blocks-gallery-item\"><figure><img src=\"http:\/\/www.sisli.edu.tr\/uisbk\/2019\/tr\/wp-content\/uploads\/2019\/04\/4.jpg\" alt=\"\" data-id=\"166\" data-link=\"http:\/\/www.sisli.edu.tr\/uisbk\/2019\/tr\/kongre-yeri\/attachment\/4\/\" class=\"wp-image-166\"\/><\/figure><\/li><li class=\"blocks-gallery-item\"><figure><img src=\"http:\/\/www.sisli.edu.tr\/uisbk\/2019\/tr\/wp-content\/uploads\/2019\/04\/Hairist-Kuaf\u00f6rl\u00fck-ve-Kariyer-G\u00fcn\u00fc-1024x683.jpg\" alt=\"\" data-id=\"189\" data-link=\"http:\/\/www.sisli.edu.tr\/uisbk\/2019\/tr\/kongre-yeri\/hairist-kuaforluk-ve-kariyer-gunu\/\" class=\"wp-image-189\"\/><\/figure><\/li><li class=\"blocks-gallery-item\"><figure><img src=\"http:\/\/www.sisli.edu.tr\/uisbk\/2019\/tr\/wp-content\/uploads\/2019\/04\/9B4A5726-1024x683.jpg\" alt=\"\" data-id=\"184\" data-link=\"http:\/\/www.sisli.edu.tr\/uisbk\/2019\/tr\/kongre-yeri\/9b4a5726\/\" class=\"wp-image-184\"\/><\/figure><\/li><li class=\"blocks-gallery-item\"><figure><img src=\"http:\/\/www.sisli.edu.tr\/uisbk\/2019\/tr\/wp-content\/uploads\/2019\/04\/Gen\u00e7lik-Otob\u00fcs2-1024x683.jpg\" alt=\"\" data-id=\"188\" data-link=\"http:\/\/www.sisli.edu.tr\/uisbk\/2019\/tr\/kongre-yeri\/genclik-otobus2\/\" class=\"wp-image-188\"\/><\/figure><\/li><li class=\"blocks-gallery-item\"><figure><img src=\"http:\/\/www.sisli.edu.tr\/uisbk\/2019\/tr\/wp-content\/uploads\/2019\/04\/Gen\u00e7lik-Otob\u00fcs1-1024x683.jpg\" alt=\"\" data-id=\"187\" data-link=\"http:\/\/www.sisli.edu.tr\/uisbk\/2019\/tr\/kongre-yeri\/genclik-otobus1\/\" class=\"wp-image-187\"\/><\/figure><\/li><li class=\"blocks-gallery-item\"><figure><img src=\"http:\/\/www.sisli.edu.tr\/uisbk\/2019\/tr\/wp-content\/uploads\/2019\/04\/5G0A5837-1024x683.jpg\" alt=\"\" data-id=\"167\" data-link=\"http:\/\/www.sisli.edu.tr\/uisbk\/2019\/tr\/kongre-yeri\/5g0a5837\/\" class=\"wp-image-167\"\/><\/figure><\/li><li class=\"blocks-gallery-item\"><figure><img src=\"http:\/\/www.sisli.edu.tr\/uisbk\/2019\/tr\/wp-content\/uploads\/2019\/04\/5G0A5842-1024x683.jpg\" alt=\"\" data-id=\"168\" data-link=\"http:\/\/www.sisli.edu.tr\/uisbk\/2019\/tr\/kongre-yeri\/5g0a5842\/\" class=\"wp-image-168\"\/><\/figure><\/li><li class=\"blocks-gallery-item\"><figure><img src=\"http:\/\/www.sisli.edu.tr\/uisbk\/2019\/tr\/wp-content\/uploads\/2019\/04\/5G0A5844-1024x683.jpg\" alt=\"\" data-id=\"169\" data-link=\"http:\/\/www.sisli.edu.tr\/uisbk\/2019\/tr\/kongre-yeri\/5g0a5844\/\" class=\"wp-image-169\"\/><\/figure><\/li><li class=\"blocks-gallery-item\"><figure><img src=\"http:\/\/www.sisli.edu.tr\/uisbk\/2019\/tr\/wp-content\/uploads\/2019\/04\/5G0A5845-1024x683.jpg\" alt=\"\" data-id=\"171\" data-link=\"http:\/\/www.sisli.edu.tr\/uisbk\/2019\/tr\/kongre-yeri\/5g0a5845\/\" class=\"wp-image-171\"\/><\/figure><\/li><li class=\"blocks-gallery-item\"><figure><img src=\"http:\/\/www.sisli.edu.tr\/uisbk\/2019\/tr\/wp-content\/uploads\/2019\/04\/5G0A5847-1024x683.jpg\" alt=\"\" data-id=\"172\" data-link=\"http:\/\/www.sisli.edu.tr\/uisbk\/2019\/tr\/kongre-yeri\/5g0a5847\/\" class=\"wp-image-172\"\/><\/figure><\/li><li class=\"blocks-gallery-item\"><figure><img src=\"http:\/\/www.sisli.edu.tr\/uisbk\/2019\/tr\/wp-content\/uploads\/2019\/04\/5G0A5848-1024x683.jpg\" alt=\"\" data-id=\"173\" data-link=\"http:\/\/www.sisli.edu.tr\/uisbk\/2019\/tr\/kongre-yeri\/5g0a5848\/\" class=\"wp-image-173\"\/><\/figure><\/li><li class=\"blocks-gallery-item\"><figure><img src=\"http:\/\/www.sisli.edu.tr\/uisbk\/2019\/tr\/wp-content\/uploads\/2019\/04\/5G0A5849-1024x683.jpg\" alt=\"\" data-id=\"174\" data-link=\"http:\/\/www.sisli.edu.tr\/uisbk\/2019\/tr\/kongre-yeri\/5g0a5849\/\" class=\"wp-image-174\"\/><\/figure><\/li><li class=\"blocks-gallery-item\"><figure><img src=\"http:\/\/www.sisli.edu.tr\/uisbk\/2019\/tr\/wp-content\/uploads\/2019\/04\/5G0A5850-1024x683.jpg\" alt=\"\" data-id=\"175\" data-link=\"http:\/\/www.sisli.edu.tr\/uisbk\/2019\/tr\/kongre-yeri\/5g0a5850\/\" class=\"wp-image-175\"\/><\/figure><\/li><li class=\"blocks-gallery-item\"><figure><img src=\"http:\/\/www.sisli.edu.tr\/uisbk\/2019\/tr\/wp-content\/uploads\/2019\/04\/5G0A5851-1024x683.jpg\" alt=\"\" data-id=\"176\" data-link=\"http:\/\/www.sisli.edu.tr\/uisbk\/2019\/tr\/kongre-yeri\/5g0a5851\/\" class=\"wp-image-176\"\/><\/figure><\/li><li class=\"blocks-gallery-item\"><figure><img src=\"http:\/\/www.sisli.edu.tr\/uisbk\/2019\/tr\/wp-content\/uploads\/2019\/04\/5G0A5853-1024x683.jpg\" alt=\"\" data-id=\"177\" data-link=\"http:\/\/www.sisli.edu.tr\/uisbk\/2019\/tr\/kongre-yeri\/5g0a5853\/\" class=\"wp-image-177\"\/><\/figure><\/li><li class=\"blocks-gallery-item\"><figure><img src=\"http:\/\/www.sisli.edu.tr\/uisbk\/2019\/tr\/wp-content\/uploads\/2019\/04\/5G0A5855-1024x683.jpg\" alt=\"\" data-id=\"178\" data-link=\"http:\/\/www.sisli.edu.tr\/uisbk\/2019\/tr\/kongre-yeri\/5g0a5855\/\" class=\"wp-image-178\"\/><\/figure><\/li><li class=\"blocks-gallery-item\"><figure><img src=\"http:\/\/www.sisli.edu.tr\/uisbk\/2019\/tr\/wp-content\/uploads\/2019\/04\/5G0A5856-1024x683.jpg\" alt=\"\" data-id=\"179\" data-link=\"http:\/\/www.sisli.edu.tr\/uisbk\/2019\/tr\/kongre-yeri\/5g0a5856\/\" class=\"wp-image-179\"\/><\/figure><\/li><li class=\"blocks-gallery-item\"><figure><img src=\"http:\/\/www.sisli.edu.tr\/uisbk\/2019\/tr\/wp-content\/uploads\/2019\/04\/5G0A5858-1024x683.jpg\" alt=\"\" data-id=\"180\" data-link=\"http:\/\/www.sisli.edu.tr\/uisbk\/2019\/tr\/kongre-yeri\/5g0a5858\/\" class=\"wp-image-180\"\/><\/figure><\/li><li class=\"blocks-gallery-item\"><figure><img src=\"http:\/\/www.sisli.edu.tr\/uisbk\/2019\/tr\/wp-content\/uploads\/2019\/04\/5G0A5859-1024x683.jpg\" alt=\"\" data-id=\"181\" data-link=\"http:\/\/www.sisli.edu.tr\/uisbk\/2019\/tr\/kongre-yeri\/5g0a5859\/\" class=\"wp-image-181\"\/><\/figure><\/li><li class=\"blocks-gallery-item\"><figure><img src=\"http:\/\/www.sisli.edu.tr\/uisbk\/2019\/tr\/wp-content\/uploads\/2019\/04\/5G0A5861-1024x683.jpg\" alt=\"\" data-id=\"182\" data-link=\"http:\/\/www.sisli.edu.tr\/uisbk\/2019\/tr\/kongre-yeri\/5g0a5861\/\" class=\"wp-image-182\"\/><\/figure><\/li><li class=\"blocks-gallery-item\"><figure><img src=\"http:\/\/www.sisli.edu.tr\/uisbk\/2019\/tr\/wp-content\/uploads\/2019\/04\/5G0A5891shop-1024x627.jpg\" alt=\"\" data-id=\"183\" data-link=\"http:\/\/www.sisli.edu.tr\/uisbk\/2019\/tr\/kongre-yeri\/5g0a5891shop\/\" class=\"wp-image-183\"\/><\/figure><\/li><\/ul>\n","protected":false},"excerpt":{"rendered":"","protected":false},"author":1,"featured_media":0,"parent":0,"menu_order":0,"comment_status":"closed","ping_status":"closed","template":"","meta":[],"_links":{"self":[{"href":"https:\/\/www.sisli.edu.tr\/uisbk\/2019\/en\/wp-json\/wp\/v2\/pages\/115"}],"collection":[{"href":"https:\/\/www.sisli.edu.tr\/uisbk\/2019\/en\/wp-json\/wp\/v2\/pages"}],"about":[{"href":"https:\/\/www.sisli.edu.tr\/uisbk\/2019\/en\/wp-json\/wp\/v2\/types\/page"}],"author":[{"embeddable":true,"href":"https:\/\/www.sisli.edu.tr\/uisbk\/2019\/en\/wp-json\/wp\/v2\/users\/1"}],"replies":[{"embeddable":true,"href":"https:\/\/www.sisli.edu.tr\/uisbk\/2019\/en\/wp-json\/wp\/v2\/comments?post=115"}],"version-history":[{"count":6,"href":"https:\/\/www.sisli.edu.tr\/uisbk\/2019\/en\/wp-json\/wp\/v2\/pages\/115\/revisions"}],"predecessor-version":[{"id":217,"href":"https:\/\/www.sisli.edu.tr\/uisbk\/2019\/en\/wp-json\/wp\/v2\/pages\/115\/revisions\/217"}],"wp:attachment":[{"href":"https:\/\/www.sisli.edu.tr\/uisbk\/2019\/en\/wp-json\/wp\/v2\/media?parent=115"}],"curies":[{"name":"wp","href":"https:\/\/api.w.org\/{rel}","templated":true}]}}