{"id":11,"date":"2019-02-25T12:41:14","date_gmt":"2019-02-25T12:41:14","guid":{"rendered":"http:\/\/www.sisli.edu.tr\/uisbk\/2019\/en\/?page_id=11"},"modified":"2019-04-22T11:13:53","modified_gmt":"2019-04-22T11:13:53","slug":"science-committee","status":"publish","type":"page","link":"https:\/\/www.sisli.edu.tr\/uisbk\/2019\/en\/science-committee\/","title":{"rendered":"Science Committee"},"content":{"rendered":"\n<p>Assist. Prof. Dr. M. Sedat BEK\u0130RO\u011eLU (\u0130stanbul \u015ei\u015fli Vocational School)<\/p>\n\n\n\n<p>Prof. Dr. Adnan UZUN (I\u015f\u0131k University Faculty of Fine Arts) <\/p>\n\n\n\n<p>Prof. Dr. Ali Serdar FAK (Marmara University School of Medicine) <\/p>\n\n\n\n<p>Prof. Dr. Atadan TUNACI (Istanbul University Istanbul Faculty of Medicine) <\/p>\n\n\n\n<p>Prof. Dr. Aynur AYDIN (Istanbul University- Cerrahpa\u015fa Faculty of Forestry) <\/p>\n\n\n\n<p>Prof. Dr. Bilsen S\u0130RMEN (\u0130stanbul Geli\u015fim University Institute of Health Sciences) <\/p>\n\n\n\n<p>Prof. Dr. \u00c7i\u011fdem POLATO\u011eLU (Y\u0131ld\u0131z Technical University Faculty of Architecture) <\/p>\n\n\n\n<p>Prof. Dr. Demir BUDAK (\u0130stanbul Yeni Y\u00fczy\u0131l University School of Medicine) <\/p>\n\n\n\n<p>Prof. Dr. Defne KAYA (\u00dcsk\u00fcdar University Faculty of Health Sciences) <\/p>\n\n\n\n<p>Prof. Dimitar RADEV, DSc (University of Telecommunications and Post)<\/p>\n\n\n\n<p>Prof. Dr. Erg\u00fcn YOLCU (Istanbul University Faculty of Communication) <\/p>\n\n\n\n<p>Prof. Dr. Fad\u0131l \u00d6ZYENER (Uluda\u011f University Faculty of Medicine) <\/p>\n\n\n\n<p>Prof. Dr. G\u00fcl \u00dcNAL (Y\u0131ld\u0131z Technical University Faculty of Architecture) <\/p>\n\n\n\n<p>Prof. Dr. G\u00fclden UYANIK BALAT (Marmara University Atat\u00fcrk Faculty of Education) <\/p>\n\n\n\n<p>Prof. Dr. G\u00fcler ERTAN (Istanbul Arel University Faculty of Communication)<\/p>\n\n\n\n<p>Prof. Dr. Hakan ALTIN\u00c7EK\u0130\u00c7 (Istanbul University- Cerrahpa\u015fa Faculty of Forestry) <\/p>\n\n\n\n<p>Prof. Dr. Hasan M\u0130RZA\u0130 (\u0130stanbul \u015ei\u015fli Vocational School) <\/p>\n\n\n\n<p>Prof. Dr. H\u00fcseyin D\u0130R\u0130K (Istanbul University- Cerrahpa\u015fa Faculty of Forestry) <\/p>\n\n\n\n<p>Prof. Dr. \u0130brahim KIR\u00c7OVA (Y\u0131ld\u0131z Technical University Faculty of Economics and Administrative Sciences)<\/p>\n\n\n\n<p>Prof. Miglena TEMELKOVA, PhD (University of Telecommunications and Post)<\/p>\n\n\n\n<p>Prof. Martin HEENEY (Imperial College  Faculty of Natural Sciences)   <\/p>\n\n\n\n<p>Prof. Dr. Neriman ZENG\u0130N (University of Health Sciences) <\/p>\n\n\n\n<p>Prof. Dr. Nevzat TARHAN (\u00dcsk\u00fcdar University) <\/p>\n\n\n\n<p>Prof. Dr. Nur URFALIO\u011eLU (Y\u0131ld\u0131z Technical University Faculty of Architecture)<\/p>\n\n\n\n<p>Prof. Dr. Rag\u0131p Kutay KARACA (Istanbul Ayd\u0131n University Faculty of Economics and Administrative Sciences)<\/p>\n\n\n\n<p>Prof. Dr. \u015e\u00fckr\u00fc Mehmet ERT\u00dcRK (Ad\u0131yaman University Faculty of Medicine) <\/p>\n\n\n\n<p>Prof. Teodor ILIEV (Rousse University Department of Telecommunication Engineering) with  Prof. Dr. Teodor ILIEV (University of Telecommunications and Post, Faculty of Telecommunications and Management)<\/p>\n\n\n\n<p>Prof. Dr. Tuncay HAZIROLAN (Hacettepe University Faculty of Medicine) <\/p>\n\n\n\n<p>Prof. Dr. Turan \u00d6ZT\u00dcRK (\u0130stanbul Technical University Faculty of Science and Letters)&nbsp;<\/p>\n\n\n\n<p>Prof. Dr. Turgay B\u0130\u00c7ER (Marmara University Faculty of Sport Sciences) <\/p>\n\n\n\n<p>Prof. Dr. Yasin \u00c7a\u011fatay SE\u00c7K\u0130N (\u0130stanbul Technical University Faculty of Architecture) <\/p>\n\n\n\n<p>Prof. Dr. Yusuf G\u00dcNE\u015e (Istanbul University- Cerrahpa\u015fa Faculty of Forestry) <\/p>\n\n\n\n<p>Prof. Dr. Zeynep \u00dclker TAMAY (Istanbul University Istanbul Faculty of Medicine)&nbsp;<\/p>\n\n\n\n<p>Assoc. Prof. Dr. Ali Murat KIRIK (Marmara University Faculty of Communication) <\/p>\n\n\n\n<p>Assoc. Prof. Dr. Arzu Kader HARMANCI SEREN (University of Health Sciences) <\/p>\n\n\n\n<p>Assoc. Prof. Dr. Aysel G\u00dcNDO\u011eDU (Medipol University Faculty of Business and Management Sciences) <\/p>\n\n\n\n<p>Assoc. Prof. Dr. Deniz YAT KIRA\u00c7 (Yeditepe University Faculty of Medicine) <\/p>\n\n\n\n<p>Assoc. Prof. Dr. Elif HAYKIR HOB\u0130KO\u011eLU (Istanbul University Istanbul Faculty of Economics) <\/p>\n\n\n\n<p>Assoc. Prof. Dr. Fahri ERENEL (\u0130stinye University)<\/p>\n\n\n\n<p>Assoc. Prof. Dr. Fatma Ay\u00e7im T\u00dcRER BA\u015eKAYA (\u0130stanbul Technical University Faculty of Architecture) <\/p>\n\n\n\n<p>Assoc. Prof. Dr. Hale DERE \u00c7\u0130FT\u00c7\u0130 (\u0130stinye University Faculty of Economics, Administrative and Social Sciences) <\/p>\n\n\n\n<p>Assoc. Prof. Dr. Mert EK\u015e\u0130 (Istanbul University- Cerrahpa\u015fa Faculty of Forestry)<\/p>\n\n\n\n<p>Assoc. Prof. Dr. Mustafa Sava\u015f \u00c7EV\u0130K (Hali\u00e7 University Faculty of Fine Arts) <\/p>\n\n\n\n<p>Assoc. Prof. Dr. Mutluhan AKIN (Nev\u015fehir Hac\u0131 Bekta\u015f Veli University Engineering- Architecture Faculty) <\/p>\n\n\n\n<p>Assoc. Prof. Dr. M\u00fcge AKIN (Abdullah G\u00fcl University School of Engineering) <\/p>\n\n\n\n<p>Assoc. Prof. Dr. Nuri \u00c7elik (Gebze Technical University Faculty of Science) <\/p>\n\n\n\n<p>Assoc. Prof. Dr. Onur \u015eATIR (Van Y\u00fcz\u00fcnc\u00fc Y\u0131l University Department of Architecture and Design) <\/p>\n\n\n\n<p>Assoc. Prof. Dr. Osman Devrim ELVAN (Istanbul University- Cerrahpa\u015fa Faculty of Forestry) <\/p>\n\n\n\n<p>Assoc. Prof. Dr. Serkan KEME\u00c7 (Van Y\u00fcz\u00fcnc\u00fc Y\u0131l University Department of Architecture and Design) <\/p>\n\n\n\n<p>Assoc. Prof. Dr. Tu\u011fbay \u0130NAN (Dokuz Eyl\u00fcl University School of Sport Sciences and Technology)&nbsp;<\/p>\n\n\n\n<p>Assoc. Prof. Dr. Yusuf D\u0130N\u00c7&nbsp;(\u0130stanbul Sabahattin Zaim University Faculty of Business and Management Sciences) <\/p>\n\n\n\n<p>Assist. Prof. Dr. A. Ye\u015fim \u00c7A\u011eLAYAN (Istanbul University- Cerrahpa\u015fa Faculty of Forestry) \u2028<\/p>\n\n\n\n<p>Assist. Prof. Dr. Asuman KUTLU (Beykent University Faculty of Communication)<\/p>\n\n\n\n<p>Assist. Prof. Dr. Banu DAYAN\u00c7 KIYAT (Hali\u00e7 University Faculty of Business) <\/p>\n\n\n\n<p>Assist. Prof. Dr. Can Z\u00dcLF\u0130KAR (Gebze Technical University Faculty of Engineering) <\/p>\n\n\n\n<p>Assist. Prof. Dr. Ebru ERBA\u015e G\u00dcRLER (\u0130stanbul Technical University Faculty of Architecture) <\/p>\n\n\n\n<p>Assist. Prof. Dr. Funda Kavak BUDAK (\u0130n\u00f6n\u00fc University Faculty of Health Sciences) <\/p>\n\n\n\n<p>Assist. Prof. Dr. Hakan \u0130MERT (\u0130stinye University Faculty of Architecture) <\/p>\n\n\n\n<p>Assist. Prof. Dr. Halide Candan Z\u00dcLF\u0130KAR (Istanbul University Faculty of Architecture)<\/p>\n\n\n\n<p>Assist. Prof. Dr. H\u00fcseyin KAZAN (\u0130stanbul Ayd\u0131n University Faculty of Communication) <\/p>\n\n\n\n<p>Assist. Prof. Dr. I\u015f\u0131k KAMARAJ (Marmara University Atat\u00fcrk Faculty of Education) &nbsp;<\/p>\n\n\n\n<p>Assist. Prof. Dr. Nimet VEL\u0130O\u011eLU (Istanbul University- Cerrahpa\u015fa Faculty of Forestry) <\/p>\n\n\n\n<p>Assist. Prof. Dr. Nurg\u00fcl Erdem (Istanbul University- Cerrahpa\u015fa Faculty of Forestry) <\/p>\n\n\n\n<p>Assist. Prof. Dr. Saadettin Murat ONAT (Bart\u0131n University Faculty of Forestry) <\/p>\n\n\n\n<p>Assist. Prof. Dr. Salih SALBACAK (Fatih Sultan Mehmet Vak\u0131f \u00dcniversitesi Faculty of Architecture and Design)<\/p>\n\n\n\n<p>Assist. Prof. Dr. Sarkis S\u00d6ZKES (Tekirdag Nam\u0131k Kemal University \u00c7orlu Faculty of Engineering)<\/p>\n\n\n\n<p>Assist. Prof. Dr. Selin SARILI (\u0130stanbul \u015ei\u015fli Vocational School)<\/p>\n\n\n\n<p>Assist. Prof. Dr. Serdar CEYLAN (\u0130stanbul \u015ei\u015fli Vocational School) <\/p>\n\n\n\n<p>Assist. Prof. Dr. \u015eenay ALSAN (Hali\u00e7 \u00dcniversitesi Faculty of Fine Arts) <\/p>\n\n\n\n<p>Assist. Prof. Dr. Tu\u011fba ERD\u0130L POLAT (Hali\u00e7 University Faculty of Architecture)<\/p>\n\n\n\n<p>Assist. Prof. Dr. Y. \u00d6zhan T\u00fcrker (\u0130stanbul \u015ei\u015fli Vocational School)<\/p>\n\n\n\n<p>Dr. Instructor Evin DO\u011eAN (\u0130stanbul \u015ei\u015fli Vocational School)<\/p>\n\n\n\n<p>Dr. Instructor Zehra \u00d6NEY (Bah\u00e7e\u015fehir University Graduate School of Business)<br><\/p>\n","protected":false},"excerpt":{"rendered":"<p>Assist. Prof. Dr. M. Sedat BEK\u0130RO\u011eLU (\u0130stanbul \u015ei\u015fli Vocational School) Prof. Dr. Adnan UZUN (I\u015f\u0131k University Faculty of Fine Arts) Prof. Dr. Ali Serdar FAK (Marmara University School of Medicine) Prof. Dr. Atadan TUNACI (Istanbul University Istanbul Faculty of Medicine) Prof. Dr. Aynur AYDIN (Istanbul University- Cerrahpa\u015fa Faculty of Forestry) Prof. Dr. Bilsen S\u0130RMEN (\u0130stanbul&hellip;<\/p>\n","protected":false},"author":1,"featured_media":0,"parent":0,"menu_order":0,"comment_status":"closed","ping_status":"closed","template":"","meta":[],"_links":{"self":[{"href":"https:\/\/www.sisli.edu.tr\/uisbk\/2019\/en\/wp-json\/wp\/v2\/pages\/11"}],"collection":[{"href":"https:\/\/www.sisli.edu.tr\/uisbk\/2019\/en\/wp-json\/wp\/v2\/pages"}],"about":[{"href":"https:\/\/www.sisli.edu.tr\/uisbk\/2019\/en\/wp-json\/wp\/v2\/types\/page"}],"author":[{"embeddable":true,"href":"https:\/\/www.sisli.edu.tr\/uisbk\/2019\/en\/wp-json\/wp\/v2\/users\/1"}],"replies":[{"embeddable":true,"href":"https:\/\/www.sisli.edu.tr\/uisbk\/2019\/en\/wp-json\/wp\/v2\/comments?post=11"}],"version-history":[{"count":13,"href":"https:\/\/www.sisli.edu.tr\/uisbk\/2019\/en\/wp-json\/wp\/v2\/pages\/11\/revisions"}],"predecessor-version":[{"id":221,"href":"https:\/\/www.sisli.edu.tr\/uisbk\/2019\/en\/wp-json\/wp\/v2\/pages\/11\/revisions\/221"}],"wp:attachment":[{"href":"https:\/\/www.sisli.edu.tr\/uisbk\/2019\/en\/wp-json\/wp\/v2\/media?parent=11"}],"curies":[{"name":"wp","href":"https:\/\/api.w.org\/{rel}","templated":true}]}}